{"id":4398,"date":"2020-03-24T22:22:12","date_gmt":"2020-03-24T21:22:12","guid":{"rendered":"https:\/\/capitanalga.es\/capitaine-varech\/"},"modified":"2023-07-05T10:46:10","modified_gmt":"2023-07-05T08:46:10","slug":"capitaine-varech","status":"publish","type":"page","link":"https:\/\/capitanalga.es\/fr\/capitaine-varech\/","title":{"rendered":"Nos Valeurs"},"content":{"rendered":"<p>[et_pb_section fb_built=\u00a0\u00bb1&Prime; _builder_version=\u00a0\u00bb4.4.1&Prime;][et_pb_row _builder_version=\u00a0\u00bb4.4.1&Prime; custom_padding=\u00a0\u00bb||0px||false|false\u00a0\u00bb][et_pb_column type=\u00a0\u00bb4_4&Prime; _builder_version=\u00a0\u00bb4.4.1&Prime;][et_pb_text _builder_version=\u00a0\u00bb4.4.1&Prime; text_font=\u00a0\u00bb||||||||\u00a0\u00bb header_2_font=\u00a0\u00bb|700|||||||\u00a0\u00bb header_2_font_size=\u00a0\u00bb28px\u00a0\u00bb custom_margin=\u00a0\u00bb||0px||false|false\u00a0\u00bb]<\/p>\n<h2>S&rsquo;engager sur la voie de l&rsquo;alimentation.<\/h2>\n<p>[\/et_pb_text][et_pb_text _builder_version=\u00a0\u00bb4.4.1&Prime; text_font=\u00a0\u00bb|600|||||||\u00a0\u00bb header_2_font=\u00a0\u00bb|700|||||||\u00a0\u00bb header_2_font_size=\u00a0\u00bb28px\u00a0\u00bb header_3_font=\u00a0\u00bb||||||||\u00a0\u00bb header_3_text_color=\u00a0\u00bb#888888&Prime; header_3_font_size=\u00a0\u00bb24px\u00a0\u00bb]<\/p>\n<h3>Manger avec des valeurs<\/h3>\n<p>[\/et_pb_text][et_pb_divider color=\u00a0\u00bb#2c384d\u00a0\u00bb divider_weight=\u00a0\u00bb3px\u00a0\u00bb _builder_version=\u00a0\u00bb4.4.1&Prime;][\/et_pb_divider][\/et_pb_column][\/et_pb_row][et_pb_row column_structure=\u00a0\u00bb1_2,1_2&Prime; _builder_version=\u00a0\u00bb4.4.1&Prime; custom_padding=\u00a0\u00bb0px||0px||false|false\u00a0\u00bb][et_pb_column type=\u00a0\u00bb1_2&Prime; _builder_version=\u00a0\u00bb4.4.1&Prime;][et_pb_text _builder_version=\u00a0\u00bb4.4.1&Prime; header_3_font=\u00a0\u00bb|700||on|||||\u00a0\u00bb header_3_font_size=\u00a0\u00bb24px\u00a0\u00bb]<\/p>\n<h3>Super durable<\/h3>\n<p>[\/et_pb_text][et_pb_text _builder_version=\u00a0\u00bb4.4.1&Prime; text_font_size=\u00a0\u00bb16px\u00a0\u00bb]<\/p>\n<p>Nous voulons r\u00e9pondre \u00e0 vos besoins d&rsquo;aujourd&rsquo;hui sans compromettre ceux des g\u00e9n\u00e9rations futures. C&rsquo;est pourquoi nous contribuons \u00e0 la protection de l&rsquo;environnement en respectant nos origines.<\/p>\n<p>[\/et_pb_text][et_pb_image src=\u00a0\u00bbhttps:\/\/capitanalga.es\/wp-content\/uploads\/2020\/03\/buzo.jpg\u00a0\u00bb disabled_on=\u00a0\u00bboff|on|on\u00a0\u00bb _builder_version=\u00a0\u00bb4.4.1&Prime;][\/et_pb_image][et_pb_text disabled_on=\u00a0\u00bboff|off|off\u00a0\u00bb _builder_version=\u00a0\u00bb4.4.1&Prime; text_font_size=\u00a0\u00bb16px\u00a0\u00bb]<\/p>\n<div class=\"page\" title=\"Page 3\">\n<div class=\"section\">\n<div class=\"layoutArea\">\n<div class=\"column\">\n<p><span>En raison de ses conditions uniques, les R\u00edas Baixas sont tr\u00e8s riches en vie marine, un \u00e9cosyst\u00e8me qui nous donne le meilleur et qui m\u00e9rite que nous lui rendions la pareille en prenant soin de lui et en r\u00e9coltant ses fruits de mani\u00e8re \u00e9co-responsable et durable.  <\/span><\/p>\n<\/div>\n<\/div>\n<\/div>\n<\/div>\n<p>[\/et_pb_text][et_pb_text _builder_version=\u00a0\u00bb4.4.1&Prime; text_font_size=\u00a0\u00bb18px\u00a0\u00bb]<\/p>\n<p><strong><a href=\"https:\/\/capitanalga.es\/fr\/bonjour\/\" class=\"green-paint\">En savoir plus sur nous<\/a><\/strong><\/p>\n<p>[\/et_pb_text][\/et_pb_column][et_pb_column type=\u00a0\u00bb1_2&Prime; _builder_version=\u00a0\u00bb4.4.1&Prime;][et_pb_image src=\u00a0\u00bbhttps:\/\/capitanalga.es\/wp-content\/uploads\/2020\/03\/buzo.jpg\u00a0\u00bb disabled_on=\u00a0\u00bbon|off|off\u00a0\u00bb _builder_version=\u00a0\u00bb4.4.1&Prime;][\/et_pb_image][\/et_pb_column][\/et_pb_row][et_pb_row _builder_version=\u00a0\u00bb4.4.1&Prime; custom_padding=\u00a0\u00bb40px||0px||false|false\u00a0\u00bb][et_pb_column type=\u00a0\u00bb4_4&Prime; _builder_version=\u00a0\u00bb4.4.1&Prime;][et_pb_divider color=\u00a0\u00bb#2c384d\u00a0\u00bb divider_weight=\u00a0\u00bb3px\u00a0\u00bb _builder_version=\u00a0\u00bb4.4.1&Prime;][\/et_pb_divider][\/et_pb_column][\/et_pb_row][et_pb_row column_structure=\u00a0\u00bb1_2,1_2&Prime; _builder_version=\u00a0\u00bb4.4.1&Prime; custom_padding=\u00a0\u00bb20px||0px||false|false\u00a0\u00bb][et_pb_column type=\u00a0\u00bb1_2&Prime; _builder_version=\u00a0\u00bb4.4.1&Prime;][et_pb_text _builder_version=\u00a0\u00bb4.4.1&Prime; header_3_font=\u00a0\u00bb|700||on|||||\u00a0\u00bb header_3_font_size=\u00a0\u00bb24px\u00a0\u00bb]<\/p>\n<h3>Super transparent<\/h3>\n<p>[\/et_pb_text][et_pb_text _builder_version=\u00a0\u00bb4.4.1&Prime; text_font_size=\u00a0\u00bb16px\u00a0\u00bb]<\/p>\n<p>Nous voulons que vous sachiez exactement ce que vous mangez, c&rsquo;est pourquoi nous vous disons tout sur chaque produit : informations nutritionnelles, ingr\u00e9dients, tra\u00e7abilit\u00e9, caract\u00e9ristiques&#8230;<\/p>\n<p>[\/et_pb_text][et_pb_image src=\u00a0\u00bbhttps:\/\/capitanalga.es\/wp-content\/uploads\/2020\/03\/alga.jpg\u00a0\u00bb disabled_on=\u00a0\u00bboff|on|on\u00a0\u00bb _builder_version=\u00a0\u00bb4.4.1&Prime;][\/et_pb_image][et_pb_text _builder_version=\u00a0\u00bb4.4.1&Prime; text_font_size=\u00a0\u00bb16px\u00a0\u00bb]<\/p>\n<p>Nous nous mettons chaque jour \u00e0 l&rsquo;\u00e9preuve pour am\u00e9liorer nos processus et nous assurer que nous vous offrons un produit de qualit\u00e9 et responsable, c&rsquo;est pourquoi nous sommes certifi\u00e9s en tant que produit BIO et avec appellation d&rsquo;origine.<\/p>\n<p>[\/et_pb_text][et_pb_text _builder_version=\u00a0\u00bb4.4.1&Prime; text_font_size=\u00a0\u00bb18px\u00a0\u00bb]<\/p>\n<p><strong><a href=\"https:\/\/capitanalga.es\/tienda\/\" class=\"blue-paint\">Conna\u00eetre nos produits<\/a><\/strong><\/p>\n<p>[\/et_pb_text][\/et_pb_column][et_pb_column type=\u00a0\u00bb1_2&Prime; _builder_version=\u00a0\u00bb4.4.1&Prime;][et_pb_image src=\u00a0\u00bbhttps:\/\/capitanalga.es\/wp-content\/uploads\/2020\/03\/alga.jpg\u00a0\u00bb disabled_on=\u00a0\u00bbon|off|off\u00a0\u00bb _builder_version=\u00a0\u00bb4.4.1&Prime;][\/et_pb_image][\/et_pb_column][\/et_pb_row][et_pb_row _builder_version=\u00a0\u00bb4.4.1&Prime; custom_padding=\u00a0\u00bb40px||0px||false|false\u00a0\u00bb][et_pb_column type=\u00a0\u00bb4_4&Prime; _builder_version=\u00a0\u00bb4.4.1&Prime;][et_pb_divider color=\u00a0\u00bb#2c384d\u00a0\u00bb divider_weight=\u00a0\u00bb3px\u00a0\u00bb _builder_version=\u00a0\u00bb4.4.1&Prime;][\/et_pb_divider][\/et_pb_column][\/et_pb_row][et_pb_row column_structure=\u00a0\u00bb1_2,1_2&Prime; _builder_version=\u00a0\u00bb4.4.1&Prime; custom_padding=\u00a0\u00bb20px||0px||false|false\u00a0\u00bb][et_pb_column type=\u00a0\u00bb1_2&Prime; _builder_version=\u00a0\u00bb4.4.1&Prime;][et_pb_text _builder_version=\u00a0\u00bb4.4.1&Prime; header_3_font=\u00a0\u00bb|700||on|||||\u00a0\u00bb header_3_font_size=\u00a0\u00bb24px\u00a0\u00bb]<\/p>\n<h3>Tr\u00e8s abordable<\/h3>\n<p>[\/et_pb_text][et_pb_text _builder_version=\u00a0\u00bb4.4.1&Prime; text_font_size=\u00a0\u00bb16px\u00a0\u00bb]<\/p>\n<p>Nous voulons que la consommation d&rsquo;algues ne soit ni un privil\u00e8ge ni une exception. Nous pensons qu&rsquo;un superaliment comme les algues devrait se trouver dans toutes nos assiettes et dans nos garde-manger.<\/p>\n<p>[\/et_pb_text][et_pb_image src=\u00a0\u00bbhttps:\/\/capitanalga.es\/wp-content\/uploads\/2020\/03\/superaccesibles.jpg\u00a0\u00bb disabled_on=\u00a0\u00bboff|on|on\u00a0\u00bb _builder_version=\u00a0\u00bb4.4.1&Prime;][\/et_pb_image][et_pb_text _builder_version=\u00a0\u00bb4.4.1&Prime; text_font_size=\u00a0\u00bb16px\u00a0\u00bb]<\/p>\n<p>C&rsquo;est pourquoi notre mission est de s\u00e9lectionner et d&#8217;emballer, mais aussi de vous faciliter la t\u00e2che, avec des id\u00e9es cr\u00e9atives, de nouveaux produits et formats, des collaborations de haute cuisine et en comptant toujours sur votre opinion pour vous donner le meilleur chaque jour.<\/p>\n<p>[\/et_pb_text][et_pb_text _builder_version=\u00a0\u00bb4.4.1&Prime; text_font_size=\u00a0\u00bb18px\u00a0\u00bb hover_enabled=\u00a0\u00bb0&Prime;]<\/p>\n<p><strong><a class=\"light-orange-paint\" href=\"https:\/\/capitanalga.es\/fr\/toutes-les-recettes\/\">D\u00e9couvrez nos recettes<\/a><\/strong><\/p>\n<p>[\/et_pb_text][\/et_pb_column][et_pb_column type=\u00a0\u00bb1_2&Prime; _builder_version=\u00a0\u00bb4.4.1&Prime;][et_pb_image src=\u00a0\u00bbhttps:\/\/capitanalga.es\/wp-content\/uploads\/2020\/03\/superaccesibles.jpg\u00a0\u00bb disabled_on=\u00a0\u00bbon|off|off\u00a0\u00bb _builder_version=\u00a0\u00bb4.4.1&Prime;][\/et_pb_image][\/et_pb_column][\/et_pb_row][\/et_pb_section]<\/p>\n","protected":false},"excerpt":{"rendered":"<p>S&rsquo;engager sur la voie de l&rsquo;alimentation.Manger avec des valeursSuper durableNous voulons r\u00e9pondre \u00e0 vos besoins d&rsquo;aujourd&rsquo;hui sans compromettre ceux des g\u00e9n\u00e9rations futures. C&rsquo;est pourquoi nous contribuons \u00e0 la protection de l&rsquo;environnement en respectant nos origines. En raison de ses conditions uniques, les R\u00edas Baixas sont tr\u00e8s riches en vie marine, un \u00e9cosyst\u00e8me qui nous donne [&hellip;]<\/p>\n","protected":false},"author":1,"featured_media":0,"parent":0,"menu_order":0,"comment_status":"closed","ping_status":"closed","template":"","meta":{"_et_pb_use_builder":"on","_et_pb_old_content":"","_et_gb_content_width":"","_joinchat":[],"footnotes":""},"class_list":["post-4398","page","type-page","status-publish","hentry"],"yoast_head":"<!-- This site is optimized with the Yoast SEO plugin v26.3 - https:\/\/yoast.com\/wordpress\/plugins\/seo\/ -->\n<title>D\u00e9couvrez nos algues de mer\u3010Captain Seaweed\u3011<\/title>\n<meta name=\"description\" content=\"S&#039;engager sur la voie de l&#039;alimentation. Super durable, super transparent, super accessible, super abordable, super alimentaire\u3010Captain Seaweed\u3011\" \/>\n<meta name=\"robots\" content=\"index, follow, max-snippet:-1, max-image-preview:large, max-video-preview:-1\" \/>\n<link rel=\"canonical\" href=\"https:\/\/capitanalga.es\/fr\/capitaine-varech\/\" \/>\n<meta property=\"og:locale\" content=\"fr_FR\" \/>\n<meta property=\"og:type\" content=\"article\" \/>\n<meta property=\"og:title\" content=\"D\u00e9couvrez nos algues de mer\u3010Captain Seaweed\u3011\" \/>\n<meta property=\"og:description\" content=\"S&#039;engager sur la voie de l&#039;alimentation. Super durable, super transparent, super accessible, super abordable, super alimentaire\u3010Captain Seaweed\u3011\" \/>\n<meta property=\"og:url\" content=\"https:\/\/capitanalga.es\/fr\/capitaine-varech\/\" \/>\n<meta property=\"og:site_name\" content=\"Capit\u00e1n Alga\" \/>\n<meta property=\"article:publisher\" content=\"https:\/\/www.facebook.com\/capitanalga\/\" \/>\n<meta property=\"article:modified_time\" content=\"2023-07-05T08:46:10+00:00\" \/>\n<meta name=\"twitter:card\" content=\"summary_large_image\" \/>\n<meta name=\"twitter:site\" content=\"@VCapitanalga\" \/>\n<meta name=\"twitter:label1\" content=\"Dur\u00e9e de lecture estim\u00e9e\" \/>\n\t<meta name=\"twitter:data1\" content=\"4 minutes\" \/>\n<script type=\"application\/ld+json\" class=\"yoast-schema-graph\">{\"@context\":\"https:\/\/schema.org\",\"@graph\":[{\"@type\":\"WebPage\",\"@id\":\"https:\/\/capitanalga.es\/fr\/capitaine-varech\/\",\"url\":\"https:\/\/capitanalga.es\/fr\/capitaine-varech\/\",\"name\":\"D\u00e9couvrez nos algues de mer\u3010Captain Seaweed\u3011\",\"isPartOf\":{\"@id\":\"https:\/\/capitanalga.es\/fr\/#website\"},\"datePublished\":\"2020-03-24T21:22:12+00:00\",\"dateModified\":\"2023-07-05T08:46:10+00:00\",\"description\":\"S'engager sur la voie de l'alimentation. Super durable, super transparent, super accessible, super abordable, super alimentaire\u3010Captain Seaweed\u3011\",\"breadcrumb\":{\"@id\":\"https:\/\/capitanalga.es\/fr\/capitaine-varech\/#breadcrumb\"},\"inLanguage\":\"fr-FR\",\"potentialAction\":[{\"@type\":\"ReadAction\",\"target\":[\"https:\/\/capitanalga.es\/fr\/capitaine-varech\/\"]}]},{\"@type\":\"BreadcrumbList\",\"@id\":\"https:\/\/capitanalga.es\/fr\/capitaine-varech\/#breadcrumb\",\"itemListElement\":[{\"@type\":\"ListItem\",\"position\":1,\"name\":\"Portada\",\"item\":\"https:\/\/capitanalga.es\/fr\/inicio\/\"},{\"@type\":\"ListItem\",\"position\":2,\"name\":\"Nos Valeurs\"}]},{\"@type\":\"WebSite\",\"@id\":\"https:\/\/capitanalga.es\/fr\/#website\",\"url\":\"https:\/\/capitanalga.es\/fr\/\",\"name\":\"Capit\u00e1n Alga\",\"description\":\"Capit\u00e1n Alga es el sue\u00f1o de un equipo apasionado por el mar y por las algas.\",\"potentialAction\":[{\"@type\":\"SearchAction\",\"target\":{\"@type\":\"EntryPoint\",\"urlTemplate\":\"https:\/\/capitanalga.es\/fr\/?s={search_term_string}\"},\"query-input\":{\"@type\":\"PropertyValueSpecification\",\"valueRequired\":true,\"valueName\":\"search_term_string\"}}],\"inLanguage\":\"fr-FR\"}]}<\/script>\n<!-- \/ Yoast SEO plugin. -->","yoast_head_json":{"title":"D\u00e9couvrez nos algues de mer\u3010Captain Seaweed\u3011","description":"S'engager sur la voie de l'alimentation. Super durable, super transparent, super accessible, super abordable, super alimentaire\u3010Captain Seaweed\u3011","robots":{"index":"index","follow":"follow","max-snippet":"max-snippet:-1","max-image-preview":"max-image-preview:large","max-video-preview":"max-video-preview:-1"},"canonical":"https:\/\/capitanalga.es\/fr\/capitaine-varech\/","og_locale":"fr_FR","og_type":"article","og_title":"D\u00e9couvrez nos algues de mer\u3010Captain Seaweed\u3011","og_description":"S'engager sur la voie de l'alimentation. Super durable, super transparent, super accessible, super abordable, super alimentaire\u3010Captain Seaweed\u3011","og_url":"https:\/\/capitanalga.es\/fr\/capitaine-varech\/","og_site_name":"Capit\u00e1n Alga","article_publisher":"https:\/\/www.facebook.com\/capitanalga\/","article_modified_time":"2023-07-05T08:46:10+00:00","twitter_card":"summary_large_image","twitter_site":"@VCapitanalga","twitter_misc":{"Dur\u00e9e de lecture estim\u00e9e":"4 minutes"},"schema":{"@context":"https:\/\/schema.org","@graph":[{"@type":"WebPage","@id":"https:\/\/capitanalga.es\/fr\/capitaine-varech\/","url":"https:\/\/capitanalga.es\/fr\/capitaine-varech\/","name":"D\u00e9couvrez nos algues de mer\u3010Captain Seaweed\u3011","isPartOf":{"@id":"https:\/\/capitanalga.es\/fr\/#website"},"datePublished":"2020-03-24T21:22:12+00:00","dateModified":"2023-07-05T08:46:10+00:00","description":"S'engager sur la voie de l'alimentation. Super durable, super transparent, super accessible, super abordable, super alimentaire\u3010Captain Seaweed\u3011","breadcrumb":{"@id":"https:\/\/capitanalga.es\/fr\/capitaine-varech\/#breadcrumb"},"inLanguage":"fr-FR","potentialAction":[{"@type":"ReadAction","target":["https:\/\/capitanalga.es\/fr\/capitaine-varech\/"]}]},{"@type":"BreadcrumbList","@id":"https:\/\/capitanalga.es\/fr\/capitaine-varech\/#breadcrumb","itemListElement":[{"@type":"ListItem","position":1,"name":"Portada","item":"https:\/\/capitanalga.es\/fr\/inicio\/"},{"@type":"ListItem","position":2,"name":"Nos Valeurs"}]},{"@type":"WebSite","@id":"https:\/\/capitanalga.es\/fr\/#website","url":"https:\/\/capitanalga.es\/fr\/","name":"Capit\u00e1n Alga","description":"Capit\u00e1n Alga es el sue\u00f1o de un equipo apasionado por el mar y por las algas.","potentialAction":[{"@type":"SearchAction","target":{"@type":"EntryPoint","urlTemplate":"https:\/\/capitanalga.es\/fr\/?s={search_term_string}"},"query-input":{"@type":"PropertyValueSpecification","valueRequired":true,"valueName":"search_term_string"}}],"inLanguage":"fr-FR"}]}},"_links":{"self":[{"href":"https:\/\/capitanalga.es\/fr\/wp-json\/wp\/v2\/pages\/4398","targetHints":{"allow":["GET"]}}],"collection":[{"href":"https:\/\/capitanalga.es\/fr\/wp-json\/wp\/v2\/pages"}],"about":[{"href":"https:\/\/capitanalga.es\/fr\/wp-json\/wp\/v2\/types\/page"}],"author":[{"embeddable":true,"href":"https:\/\/capitanalga.es\/fr\/wp-json\/wp\/v2\/users\/1"}],"replies":[{"embeddable":true,"href":"https:\/\/capitanalga.es\/fr\/wp-json\/wp\/v2\/comments?post=4398"}],"version-history":[{"count":12,"href":"https:\/\/capitanalga.es\/fr\/wp-json\/wp\/v2\/pages\/4398\/revisions"}],"predecessor-version":[{"id":5586,"href":"https:\/\/capitanalga.es\/fr\/wp-json\/wp\/v2\/pages\/4398\/revisions\/5586"}],"wp:attachment":[{"href":"https:\/\/capitanalga.es\/fr\/wp-json\/wp\/v2\/media?parent=4398"}],"curies":[{"name":"wp","href":"https:\/\/api.w.org\/{rel}","templated":true}]}}