{"id":4463,"date":"2020-04-24T14:13:21","date_gmt":"2020-04-24T12:13:21","guid":{"rendered":"https:\/\/capitanalga.es\/5-jours-5-recettes-poissons-et-fruits-de-mer-15-minutes-chef-cuisinier\/"},"modified":"2023-04-09T22:15:07","modified_gmt":"2023-04-09T20:15:07","slug":"5-jours-5-recettes-poissons-et-fruits-de-mer-15-minutes-chef-cuisinier","status":"publish","type":"page","link":"https:\/\/capitanalga.es\/fr\/super-facile\/menu-personnalise\/menu-personnalise-poissons-et-fruits-de-mer\/menu-personnalise-poissons-et-fruits-de-mer-15-minutes\/5-jours-5-recettes-poissons-et-fruits-de-mer-15-minutes-chef-cuisinier\/","title":{"rendered":"5 jours, 5 recettes | Poissons et fruits de mer | 15 minutes | Chef cuisinier"},"content":{"rendered":"<p>[et_pb_section fb_built=\u00a0\u00bb1&Prime; disabled_on=\u00a0\u00bboff|on|on\u00a0\u00bb admin_label=\u00a0\u00bbSecci\u00f3n (m\u00f3viles)\u00a0\u00bb _builder_version=\u00a0\u00bb4.4.1&Prime; background_color=\u00a0\u00bb#efeee7&Prime; background_enable_image=\u00a0\u00bboff\u00a0\u00bb custom_padding=\u00a0\u00bb4px|||||\u00a0\u00bb locked=\u00a0\u00bboff\u00a0\u00bb][et_pb_row column_structure=\u00a0\u00bb1_5,3_5,1_5&Prime; _builder_version=\u00a0\u00bb4.4.1&Prime; custom_margin=\u00a0\u00bb1px|auto|1px|auto|true|true\u00a0\u00bb custom_padding=\u00a0\u00bb||||false|true\u00a0\u00bb][et_pb_column type=\u00a0\u00bb1_5&Prime; _builder_version=\u00a0\u00bb4.4.1&Prime;][\/et_pb_column][et_pb_column type=\u00a0\u00bb3_5&Prime; _builder_version=\u00a0\u00bb4.4.1&Prime;][et_pb_text _builder_version=\u00a0\u00bb4.4.1&Prime; text_font=\u00a0\u00bbDear Type||||||||\u00a0\u00bb header_font=\u00a0\u00bbDear Type||||||||\u00a0\u00bb header_font_size=\u00a0\u00bb8em\u00a0\u00bb header_line_height=\u00a0\u00bb0.3em\u00a0\u00bb header_2_font_size=\u00a0\u00bb3em\u00a0\u00bb header_2_line_height=\u00a0\u00bb1.4em\u00a0\u00bb header_3_font_size=\u00a0\u00bb19px\u00a0\u00bb header_3_line_height=\u00a0\u00bb0.2em\u00a0\u00bb custom_padding=\u00a0\u00bb40px||||false|false\u00a0\u00bb]<\/p>\n<div class=\"page\" title=\"Page 5\">\n<div class=\"section\">\n<div class=\"layoutArea\">\n<div class=\"column\">\n<h1 style=\"text-align: center;\">5 jours,<\/h1>\n<h2 style=\"text-align: center;\">5 RECETTES<\/h2>\n<h3 style=\"text-align: center;\"><span style=\"color: #aaa9a8;\">Votre menu personnalis\u00e9<\/span><\/h3>\n<\/div>\n<\/div>\n<\/div>\n<\/div>\n<p>[\/et_pb_text][\/et_pb_column][et_pb_column type=\u00a0\u00bb1_5&Prime; _builder_version=\u00a0\u00bb4.4.1&Prime;][\/et_pb_column][\/et_pb_row][et_pb_row _builder_version=\u00a0\u00bb4.4.1&Prime; width=\u00a0\u00bb100%\u00a0\u00bb max_width=\u00a0\u00bb100%\u00a0\u00bb module_alignment=\u00a0\u00bbcenter\u00a0\u00bb custom_margin=\u00a0\u00bb0px|auto|0px|auto|false|true\u00a0\u00bb custom_padding=\u00a0\u00bb||||false|true\u00a0\u00bb][et_pb_column type=\u00a0\u00bb4_4&Prime; _builder_version=\u00a0\u00bb4.4.1&Prime;][et_pb_portfolio fullwidth=\u00a0\u00bboff\u00a0\u00bb posts_number=\u00a0\u00bb5&Prime; include_categories=\u00a0\u00bb109,111,110&Prime; show_pagination=\u00a0\u00bboff\u00a0\u00bb _builder_version=\u00a0\u00bb4.4.1&Prime; text_orientation=\u00a0\u00bbcenter\u00a0\u00bb custom_padding=\u00a0\u00bb|20px||20px|false|false\u00a0\u00bb][\/et_pb_portfolio][et_pb_text admin_label=\u00a0\u00bbTexto\u00a0\u00bb _builder_version=\u00a0\u00bb4.4.1&Prime; text_text_color=\u00a0\u00bb#2c384d\u00a0\u00bb text_line_height=\u00a0\u00bb1.5em\u00a0\u00bb width=\u00a0\u00bb80%\u00a0\u00bb module_alignment=\u00a0\u00bbcenter\u00a0\u00bb custom_padding=\u00a0\u00bb20px||20px||false|false\u00a0\u00bb border_radii=\u00a0\u00bboff||||\u00a0\u00bb border_color_top=\u00a0\u00bb#2c384d\u00a0\u00bb border_color_bottom=\u00a0\u00bb#2c384d\u00a0\u00bb locked=\u00a0\u00bboff\u00a0\u00bb]<\/p>\n<p style=\"text-align: center;\">Laissez-vous inspirer par nos recettes faciles, cr\u00e9atives et d\u00e9licieuses.<\/p>\n<p style=\"text-align: center;\"><a class=\"darkblue-paint\" href=\"https:\/\/capitanalga.es\/super-facil\/todas-recetas\/\">D\u00e9couvrez-les tous !<\/a><\/p>\n<p>[\/et_pb_text][\/et_pb_column][\/et_pb_row][\/et_pb_section][et_pb_section fb_built=\u00a0\u00bb1&Prime; disabled_on=\u00a0\u00bbon|off|off\u00a0\u00bb admin_label=\u00a0\u00bbSecci\u00f3n (tablet y escritorio)\u00a0\u00bb _builder_version=\u00a0\u00bb4.4.1&Prime; background_color=\u00a0\u00bb#efeee7&Prime; background_enable_image=\u00a0\u00bboff\u00a0\u00bb max_width=\u00a0\u00bb1080px\u00a0\u00bb module_alignment=\u00a0\u00bbcenter\u00a0\u00bb custom_margin=\u00a0\u00bb40px||||false|false\u00a0\u00bb custom_padding=\u00a0\u00bb35px|25px||25px|false|false\u00a0\u00bb locked=\u00a0\u00bboff\u00a0\u00bb][et_pb_row column_structure=\u00a0\u00bb1_3,2_3&Prime; _builder_version=\u00a0\u00bb4.4.1&Prime; width=\u00a0\u00bb100%\u00a0\u00bb custom_margin=\u00a0\u00bb||||false|false\u00a0\u00bb custom_padding=\u00a0\u00bb||||false|false\u00a0\u00bb][et_pb_column type=\u00a0\u00bb1_3&Prime; _builder_version=\u00a0\u00bb4.4.1&Prime;][et_pb_text _builder_version=\u00a0\u00bb4.4.1&Prime; text_font=\u00a0\u00bbDear Type||||||||\u00a0\u00bb header_font=\u00a0\u00bbDear Type||||||||\u00a0\u00bb header_font_size=\u00a0\u00bb8em\u00a0\u00bb header_line_height=\u00a0\u00bb0.3em\u00a0\u00bb header_2_font=\u00a0\u00bb|600|||||||\u00a0\u00bb header_2_font_size=\u00a0\u00bb3em\u00a0\u00bb header_2_line_height=\u00a0\u00bb1.4em\u00a0\u00bb header_3_font_size=\u00a0\u00bb16px\u00a0\u00bb header_3_line_height=\u00a0\u00bb0.2em\u00a0\u00bb custom_padding=\u00a0\u00bb40px||||false|false\u00a0\u00bb]<\/p>\n<div class=\"page\" title=\"Page 5\">\n<div class=\"section\">\n<div class=\"layoutArea\">\n<div class=\"column\">\n<h1 style=\"text-align: center;\">5 jours,<\/h1>\n<h2 style=\"text-align: center;\">5 RECETTES<\/h2>\n<h3 style=\"text-align: center;\"><span style=\"color: #aaa9a8;\">Votre menu personnalis\u00e9<\/span><\/h3>\n<\/div>\n<\/div>\n<\/div>\n<\/div>\n<p>[\/et_pb_text][et_pb_text admin_label=\u00a0\u00bbTexto\u00a0\u00bb _builder_version=\u00a0\u00bb4.4.1&Prime; text_text_color=\u00a0\u00bb#2c384d\u00a0\u00bb text_line_height=\u00a0\u00bb1.5em\u00a0\u00bb custom_padding=\u00a0\u00bb20px||20px||false|false\u00a0\u00bb border_radii=\u00a0\u00bboff||||\u00a0\u00bb border_width_top=\u00a0\u00bb2px\u00a0\u00bb border_color_top=\u00a0\u00bb#2c384d\u00a0\u00bb border_width_bottom=\u00a0\u00bb2px\u00a0\u00bb border_color_bottom=\u00a0\u00bb#2c384d\u00a0\u00bb locked=\u00a0\u00bboff\u00a0\u00bb]<\/p>\n<p style=\"text-align: center;\">Laissez-vous inspirer par nos recettes faciles, cr\u00e9atives et d\u00e9licieuses.<\/p>\n<p style=\"text-align: center;\"><a href=\"https:\/\/capitanalga.es\/super-facil\/todas-recetas\/\" class=\"darkblue-paint\">D\u00e9couvrez-les tous !<\/a><\/p>\n<p>[\/et_pb_text][\/et_pb_column][et_pb_column type=\u00a0\u00bb2_3&Prime; _builder_version=\u00a0\u00bb4.4.1&Prime;][et_pb_portfolio posts_number=\u00a0\u00bb5&Prime; include_categories=\u00a0\u00bb109,110,111&Prime; show_pagination=\u00a0\u00bboff\u00a0\u00bb module_class=\u00a0\u00bbsmaller-pics\u00a0\u00bb _builder_version=\u00a0\u00bb4.4.1&Prime; text_orientation=\u00a0\u00bbleft\u00a0\u00bb width=\u00a0\u00bb85%\u00a0\u00bb module_alignment=\u00a0\u00bbleft\u00a0\u00bb custom_margin=\u00a0\u00bb||40px||false|false\u00a0\u00bb custom_padding=\u00a0\u00bb|20px||20px|false|false\u00a0\u00bb][\/et_pb_portfolio][\/et_pb_column][\/et_pb_row][\/et_pb_section]<\/p>\n","protected":false},"excerpt":{"rendered":"<p>5 jours, 5 RECETTES Votre menu personnalis\u00e9 Laissez-vous inspirer par nos recettes faciles, cr\u00e9atives et d\u00e9licieuses. D\u00e9couvrez-les tous ! 5 jours, 5 RECETTES Votre menu personnalis\u00e9 Laissez-vous inspirer par nos recettes faciles, cr\u00e9atives et d\u00e9licieuses. D\u00e9couvrez-les tous !<\/p>\n","protected":false},"author":1,"featured_media":0,"parent":4492,"menu_order":0,"comment_status":"closed","ping_status":"closed","template":"","meta":{"_et_pb_use_builder":"on","_et_pb_old_content":"","_et_gb_content_width":"","_joinchat":[],"footnotes":""},"class_list":["post-4463","page","type-page","status-publish","hentry"],"yoast_head":"<!-- This site is optimized with the Yoast SEO plugin v26.3 - https:\/\/yoast.com\/wordpress\/plugins\/seo\/ -->\n<title>5 jours, 5 recettes | Poissons et fruits de mer | 15 minutes | Chef cuisinier | Capit\u00e1n Alga<\/title>\n<meta name=\"robots\" content=\"noindex, nofollow\" \/>\n<meta property=\"og:locale\" content=\"fr_FR\" \/>\n<meta property=\"og:type\" content=\"article\" \/>\n<meta property=\"og:title\" content=\"5 jours, 5 recettes | Poissons et fruits de mer | 15 minutes | Chef cuisinier | Capit\u00e1n Alga\" \/>\n<meta property=\"og:url\" content=\"https:\/\/capitanalga.es\/fr\/super-facile\/menu-personnalise\/menu-personnalise-poissons-et-fruits-de-mer\/menu-personnalise-poissons-et-fruits-de-mer-15-minutes\/5-jours-5-recettes-poissons-et-fruits-de-mer-15-minutes-chef-cuisinier\/\" \/>\n<meta property=\"og:site_name\" content=\"Capit\u00e1n Alga\" \/>\n<meta property=\"article:publisher\" content=\"https:\/\/www.facebook.com\/capitanalga\/\" \/>\n<meta property=\"article:modified_time\" content=\"2023-04-09T20:15:07+00:00\" \/>\n<meta name=\"twitter:card\" content=\"summary_large_image\" \/>\n<meta name=\"twitter:site\" content=\"@VCapitanalga\" \/>\n<meta name=\"twitter:label1\" content=\"Dur\u00e9e de lecture estim\u00e9e\" \/>\n\t<meta name=\"twitter:data1\" content=\"2 minutes\" \/>\n<script type=\"application\/ld+json\" class=\"yoast-schema-graph\">{\"@context\":\"https:\/\/schema.org\",\"@graph\":[{\"@type\":\"WebPage\",\"@id\":\"https:\/\/capitanalga.es\/fr\/super-facile\/menu-personnalise\/menu-personnalise-poissons-et-fruits-de-mer\/menu-personnalise-poissons-et-fruits-de-mer-15-minutes\/5-jours-5-recettes-poissons-et-fruits-de-mer-15-minutes-chef-cuisinier\/\",\"url\":\"https:\/\/capitanalga.es\/fr\/super-facile\/menu-personnalise\/menu-personnalise-poissons-et-fruits-de-mer\/menu-personnalise-poissons-et-fruits-de-mer-15-minutes\/5-jours-5-recettes-poissons-et-fruits-de-mer-15-minutes-chef-cuisinier\/\",\"name\":\"5 jours, 5 recettes | Poissons et fruits de mer | 15 minutes | Chef cuisinier | Capit\u00e1n Alga\",\"isPartOf\":{\"@id\":\"https:\/\/capitanalga.es\/fr\/#website\"},\"datePublished\":\"2020-04-24T12:13:21+00:00\",\"dateModified\":\"2023-04-09T20:15:07+00:00\",\"breadcrumb\":{\"@id\":\"https:\/\/capitanalga.es\/fr\/super-facile\/menu-personnalise\/menu-personnalise-poissons-et-fruits-de-mer\/menu-personnalise-poissons-et-fruits-de-mer-15-minutes\/5-jours-5-recettes-poissons-et-fruits-de-mer-15-minutes-chef-cuisinier\/#breadcrumb\"},\"inLanguage\":\"fr-FR\",\"potentialAction\":[{\"@type\":\"ReadAction\",\"target\":[\"https:\/\/capitanalga.es\/fr\/super-facile\/menu-personnalise\/menu-personnalise-poissons-et-fruits-de-mer\/menu-personnalise-poissons-et-fruits-de-mer-15-minutes\/5-jours-5-recettes-poissons-et-fruits-de-mer-15-minutes-chef-cuisinier\/\"]}]},{\"@type\":\"BreadcrumbList\",\"@id\":\"https:\/\/capitanalga.es\/fr\/super-facile\/menu-personnalise\/menu-personnalise-poissons-et-fruits-de-mer\/menu-personnalise-poissons-et-fruits-de-mer-15-minutes\/5-jours-5-recettes-poissons-et-fruits-de-mer-15-minutes-chef-cuisinier\/#breadcrumb\",\"itemListElement\":[{\"@type\":\"ListItem\",\"position\":1,\"name\":\"Portada\",\"item\":\"https:\/\/capitanalga.es\/fr\/inicio\/\"},{\"@type\":\"ListItem\",\"position\":2,\"name\":\"5 jours, 5 recettes | Poissons et fruits de mer | 15 minutes | Chef cuisinier\"}]},{\"@type\":\"WebSite\",\"@id\":\"https:\/\/capitanalga.es\/fr\/#website\",\"url\":\"https:\/\/capitanalga.es\/fr\/\",\"name\":\"Capit\u00e1n Alga\",\"description\":\"Capit\u00e1n Alga es el sue\u00f1o de un equipo apasionado por el mar y por las algas.\",\"potentialAction\":[{\"@type\":\"SearchAction\",\"target\":{\"@type\":\"EntryPoint\",\"urlTemplate\":\"https:\/\/capitanalga.es\/fr\/?s={search_term_string}\"},\"query-input\":{\"@type\":\"PropertyValueSpecification\",\"valueRequired\":true,\"valueName\":\"search_term_string\"}}],\"inLanguage\":\"fr-FR\"}]}<\/script>\n<!-- \/ Yoast SEO plugin. -->","yoast_head_json":{"title":"5 jours, 5 recettes | Poissons et fruits de mer | 15 minutes | Chef cuisinier | Capit\u00e1n Alga","robots":{"index":"noindex","follow":"nofollow"},"og_locale":"fr_FR","og_type":"article","og_title":"5 jours, 5 recettes | Poissons et fruits de mer | 15 minutes | Chef cuisinier | Capit\u00e1n Alga","og_url":"https:\/\/capitanalga.es\/fr\/super-facile\/menu-personnalise\/menu-personnalise-poissons-et-fruits-de-mer\/menu-personnalise-poissons-et-fruits-de-mer-15-minutes\/5-jours-5-recettes-poissons-et-fruits-de-mer-15-minutes-chef-cuisinier\/","og_site_name":"Capit\u00e1n Alga","article_publisher":"https:\/\/www.facebook.com\/capitanalga\/","article_modified_time":"2023-04-09T20:15:07+00:00","twitter_card":"summary_large_image","twitter_site":"@VCapitanalga","twitter_misc":{"Dur\u00e9e de lecture estim\u00e9e":"2 minutes"},"schema":{"@context":"https:\/\/schema.org","@graph":[{"@type":"WebPage","@id":"https:\/\/capitanalga.es\/fr\/super-facile\/menu-personnalise\/menu-personnalise-poissons-et-fruits-de-mer\/menu-personnalise-poissons-et-fruits-de-mer-15-minutes\/5-jours-5-recettes-poissons-et-fruits-de-mer-15-minutes-chef-cuisinier\/","url":"https:\/\/capitanalga.es\/fr\/super-facile\/menu-personnalise\/menu-personnalise-poissons-et-fruits-de-mer\/menu-personnalise-poissons-et-fruits-de-mer-15-minutes\/5-jours-5-recettes-poissons-et-fruits-de-mer-15-minutes-chef-cuisinier\/","name":"5 jours, 5 recettes | Poissons et fruits de mer | 15 minutes | Chef cuisinier | Capit\u00e1n Alga","isPartOf":{"@id":"https:\/\/capitanalga.es\/fr\/#website"},"datePublished":"2020-04-24T12:13:21+00:00","dateModified":"2023-04-09T20:15:07+00:00","breadcrumb":{"@id":"https:\/\/capitanalga.es\/fr\/super-facile\/menu-personnalise\/menu-personnalise-poissons-et-fruits-de-mer\/menu-personnalise-poissons-et-fruits-de-mer-15-minutes\/5-jours-5-recettes-poissons-et-fruits-de-mer-15-minutes-chef-cuisinier\/#breadcrumb"},"inLanguage":"fr-FR","potentialAction":[{"@type":"ReadAction","target":["https:\/\/capitanalga.es\/fr\/super-facile\/menu-personnalise\/menu-personnalise-poissons-et-fruits-de-mer\/menu-personnalise-poissons-et-fruits-de-mer-15-minutes\/5-jours-5-recettes-poissons-et-fruits-de-mer-15-minutes-chef-cuisinier\/"]}]},{"@type":"BreadcrumbList","@id":"https:\/\/capitanalga.es\/fr\/super-facile\/menu-personnalise\/menu-personnalise-poissons-et-fruits-de-mer\/menu-personnalise-poissons-et-fruits-de-mer-15-minutes\/5-jours-5-recettes-poissons-et-fruits-de-mer-15-minutes-chef-cuisinier\/#breadcrumb","itemListElement":[{"@type":"ListItem","position":1,"name":"Portada","item":"https:\/\/capitanalga.es\/fr\/inicio\/"},{"@type":"ListItem","position":2,"name":"5 jours, 5 recettes | Poissons et fruits de mer | 15 minutes | Chef cuisinier"}]},{"@type":"WebSite","@id":"https:\/\/capitanalga.es\/fr\/#website","url":"https:\/\/capitanalga.es\/fr\/","name":"Capit\u00e1n Alga","description":"Capit\u00e1n Alga es el sue\u00f1o de un equipo apasionado por el mar y por las algas.","potentialAction":[{"@type":"SearchAction","target":{"@type":"EntryPoint","urlTemplate":"https:\/\/capitanalga.es\/fr\/?s={search_term_string}"},"query-input":{"@type":"PropertyValueSpecification","valueRequired":true,"valueName":"search_term_string"}}],"inLanguage":"fr-FR"}]}},"_links":{"self":[{"href":"https:\/\/capitanalga.es\/fr\/wp-json\/wp\/v2\/pages\/4463","targetHints":{"allow":["GET"]}}],"collection":[{"href":"https:\/\/capitanalga.es\/fr\/wp-json\/wp\/v2\/pages"}],"about":[{"href":"https:\/\/capitanalga.es\/fr\/wp-json\/wp\/v2\/types\/page"}],"author":[{"embeddable":true,"href":"https:\/\/capitanalga.es\/fr\/wp-json\/wp\/v2\/users\/1"}],"replies":[{"embeddable":true,"href":"https:\/\/capitanalga.es\/fr\/wp-json\/wp\/v2\/comments?post=4463"}],"version-history":[{"count":1,"href":"https:\/\/capitanalga.es\/fr\/wp-json\/wp\/v2\/pages\/4463\/revisions"}],"predecessor-version":[{"id":4469,"href":"https:\/\/capitanalga.es\/fr\/wp-json\/wp\/v2\/pages\/4463\/revisions\/4469"}],"up":[{"embeddable":true,"href":"https:\/\/capitanalga.es\/fr\/wp-json\/wp\/v2\/pages\/4492"}],"wp:attachment":[{"href":"https:\/\/capitanalga.es\/fr\/wp-json\/wp\/v2\/media?parent=4463"}],"curies":[{"name":"wp","href":"https:\/\/api.w.org\/{rel}","templated":true}]}}