{"id":4564,"date":"2020-04-01T12:40:31","date_gmt":"2020-04-01T10:40:31","guid":{"rendered":"https:\/\/capitanalga.es\/bonjour\/"},"modified":"2024-05-07T09:18:14","modified_gmt":"2024-05-07T07:18:14","slug":"bonjour","status":"publish","type":"page","link":"https:\/\/capitanalga.es\/fr\/bonjour\/","title":{"rendered":"Bonjour"},"content":{"rendered":"<p>[et_pb_section fb_built=\u00a0\u00bb1&Prime; _builder_version=\u00a0\u00bb4.16&Prime; global_colors_info=\u00a0\u00bb{}\u00a0\u00bb][et_pb_row _builder_version=\u00a0\u00bb4.16&Prime; global_colors_info=\u00a0\u00bb{}\u00a0\u00bb][et_pb_column type=\u00a0\u00bb4_4&Prime; _builder_version=\u00a0\u00bb4.16&Prime; global_colors_info=\u00a0\u00bb{}\u00a0\u00bb][et_pb_text admin_label=\u00a0\u00bbTexto\u00a0\u00bb _builder_version=\u00a0\u00bb4.16&Prime; text_font=\u00a0\u00bb||||||||\u00a0\u00bb header_font_size=\u00a0\u00bb2em\u00a0\u00bb header_2_font=\u00a0\u00bb|700|||||||\u00a0\u00bb header_2_font_size=\u00a0\u00bb28px\u00a0\u00bb custom_margin=\u00a0\u00bb||0px||false|false\u00a0\u00bb global_colors_info=\u00a0\u00bb{}\u00a0\u00bb]<\/p>\n<h1><strong>Contactez le capitaine Seaweed !<\/strong><\/h1>\n<p>[\/et_pb_text][et_pb_divider show_divider=\u00a0\u00bboff\u00a0\u00bb _builder_version=\u00a0\u00bb4.16&Prime; custom_padding=\u00a0\u00bb||10px||false|false\u00a0\u00bb global_colors_info=\u00a0\u00bb{}\u00a0\u00bb][\/et_pb_divider][et_pb_text admin_label=\u00a0\u00bbTexto\u00a0\u00bb _builder_version=\u00a0\u00bb4.16&Prime; text_font=\u00a0\u00bb||||||||\u00a0\u00bb header_2_font=\u00a0\u00bb|700|||||||\u00a0\u00bb header_2_font_size=\u00a0\u00bb28px\u00a0\u00bb custom_margin=\u00a0\u00bb||0px||false|false\u00a0\u00bb global_colors_info=\u00a0\u00bb{}\u00a0\u00bb]<\/p>\n<h2>Bonjour !<\/h2>\n<p>[\/et_pb_text][et_pb_text admin_label=\u00a0\u00bbTexto\u00a0\u00bb _builder_version=\u00a0\u00bb4.16&Prime; text_font=\u00a0\u00bb||||||||\u00a0\u00bb header_2_font=\u00a0\u00bb|700|||||||\u00a0\u00bb header_2_font_size=\u00a0\u00bb28px\u00a0\u00bb custom_margin=\u00a0\u00bb||0px||false|false\u00a0\u00bb global_colors_info=\u00a0\u00bb{}\u00a0\u00bb]Capit\u00e1n Alga est le r\u00eave d&rsquo;une \u00e9quipe passionn\u00e9e par la mer et les algues.<\/p>\n<p>Son fondateur, Sergio Garc\u00eda Gil, a men\u00e9 des recherches et voyag\u00e9 dans le monde entier pour devenir un expert du secteur. Une \u00e9quipe compos\u00e9e des meilleurs pr\u00e9parateurs et manutentionnaires pour garantir une qualit\u00e9 sup\u00e9rieure et une attention aux d\u00e9tails qui font la diff\u00e9rence.[\/et_pb_text][\/et_pb_column][\/et_pb_row][et_pb_row _builder_version=\u00a0\u00bb4.16&Prime; global_colors_info=\u00a0\u00bb{}\u00a0\u00bb][et_pb_column type=\u00a0\u00bb4_4&Prime; _builder_version=\u00a0\u00bb4.16&Prime; global_colors_info=\u00a0\u00bb{}\u00a0\u00bb][et_pb_text admin_label=\u00a0\u00bbTexto\u00a0\u00bb _builder_version=\u00a0\u00bb4.16&Prime; text_font=\u00a0\u00bb||||||||\u00a0\u00bb header_2_font=\u00a0\u00bb|700|||||||\u00a0\u00bb header_2_font_size=\u00a0\u00bb28px\u00a0\u00bb custom_margin=\u00a0\u00bb||0px||false|false\u00a0\u00bb global_colors_info=\u00a0\u00bb{}\u00a0\u00bb]<\/p>\n<h2>Voulez-vous nous rendre visite ?<\/h2>\n<p>[\/et_pb_text][et_pb_text admin_label=\u00a0\u00bbTexto\u00a0\u00bb _builder_version=\u00a0\u00bb4.16&Prime; text_font=\u00a0\u00bb||||||||\u00a0\u00bb header_2_font=\u00a0\u00bb|700|||||||\u00a0\u00bb header_2_font_size=\u00a0\u00bb28px\u00a0\u00bb custom_margin=\u00a0\u00bb||0px||false|false\u00a0\u00bb global_colors_info=\u00a0\u00bb{}\u00a0\u00bb]<\/p>\n<p>Nous sommes ici<\/p>\n<p>[\/et_pb_text][et_pb_code _builder_version=\u00a0\u00bb4.16&Prime; global_colors_info=\u00a0\u00bb{}\u00a0\u00bb]<iframe loading=\"lazy\" src=\"https:\/\/www.google.com\/maps\/embed?pb=!1m18!1m12!1m3!1d8354.727994770694!2d-8.736955023849228!3d42.239179616128!2m3!1f0!2f0!3f0!3m2!1i1024!2i768!4f13.1!3m3!1m2!1s0xd2f6323fb458271%3A0xf39a1db883de4820!2sO%20Berb%C3%A9s%2C%20porto%20pesqueiro!5e0!3m2!1ses!2ses!4v1707725071971!5m2!1ses!2ses\" width=\"100%\" height=\"450\" frameborder=\"0\" style=\"border:0;\" allowfullscreen=\"\" aria-hidden=\"false\" tabindex=\"0\"><\/iframe>[\/et_pb_code][\/et_pb_column][\/et_pb_row][et_pb_row _builder_version=\u00a0\u00bb4.16&Prime; global_colors_info=\u00a0\u00bb{}\u00a0\u00bb][et_pb_column type=\u00a0\u00bb4_4&Prime; _builder_version=\u00a0\u00bb4.16&Prime; global_colors_info=\u00a0\u00bb{}\u00a0\u00bb][et_pb_text admin_label=\u00a0\u00bbTexto\u00a0\u00bb _builder_version=\u00a0\u00bb4.16&Prime; text_font=\u00a0\u00bb||||||||\u00a0\u00bb header_2_font=\u00a0\u00bb|700|||||||\u00a0\u00bb header_2_font_size=\u00a0\u00bb28px\u00a0\u00bb custom_margin=\u00a0\u00bb||0px||false|false\u00a0\u00bb global_colors_info=\u00a0\u00bb{}\u00a0\u00bb]<\/p>\n<h2>Avez-vous des doutes ?<\/h2>\n<p>[\/et_pb_text][et_pb_text admin_label=\u00a0\u00bbTexto\u00a0\u00bb _builder_version=\u00a0\u00bb4.24.3&Prime; text_font=\u00a0\u00bb||||||||\u00a0\u00bb header_2_font=\u00a0\u00bb|700|||||||\u00a0\u00bb header_2_font_size=\u00a0\u00bb28px\u00a0\u00bb custom_margin=\u00a0\u00bb||0px||false|false\u00a0\u00bb global_colors_info=\u00a0\u00bb{}\u00a0\u00bb]<\/p>\n<p>Contactez-nous ici ou par t\u00e9l\u00e9phone au <a href=\"tel:+34606130045\"><u>606130045<\/u><\/a><p class=\"wpcf7-contact-form-not-found\"><strong>Erreur\u00a0:<\/strong> Formulaire de contact non trouv\u00e9\u00a0!<\/p><\/p>\n<p>[\/et_pb_text][\/et_pb_column][\/et_pb_row][\/et_pb_section]<\/p>\n","protected":false},"excerpt":{"rendered":"<p>Contactez le capitaine Seaweed !Bonjour !Capit\u00e1n Alga est le r\u00eave d&rsquo;une \u00e9quipe passionn\u00e9e par la mer et les algues. Son fondateur, Sergio Garc\u00eda Gil, a men\u00e9 des recherches et voyag\u00e9 dans le monde entier pour devenir un expert du secteur. Une \u00e9quipe compos\u00e9e des meilleurs pr\u00e9parateurs et manutentionnaires pour garantir une qualit\u00e9 sup\u00e9rieure et une [&hellip;]<\/p>\n","protected":false},"author":1,"featured_media":0,"parent":0,"menu_order":0,"comment_status":"closed","ping_status":"closed","template":"","meta":{"_et_pb_use_builder":"on","_et_pb_old_content":"","_et_gb_content_width":"","_joinchat":[],"footnotes":""},"class_list":["post-4564","page","type-page","status-publish","hentry"],"yoast_head":"<!-- This site is optimized with the Yoast SEO plugin v26.3 - https:\/\/yoast.com\/wordpress\/plugins\/seo\/ -->\n<title>Bonjour ! | Vous voulez nous rendre visite ? | Contact avec\u3010Capitaine Alga\u3011 !<\/title>\n<meta name=\"description\" content=\"Contactez\u3010Captain Alga\u3011par t\u00e9l\u00e9phone \u260e 986 630 577 ou par courriel info@capitanalga.com. Rendez-nous visite \u00e0 l&#039;adresse suivante Avenida do Aeroporto, 45, Vigo.\" \/>\n<meta name=\"robots\" content=\"index, follow, max-snippet:-1, max-image-preview:large, max-video-preview:-1\" \/>\n<link rel=\"canonical\" href=\"https:\/\/capitanalga.es\/fr\/bonjour\/\" \/>\n<meta property=\"og:locale\" content=\"fr_FR\" \/>\n<meta property=\"og:type\" content=\"article\" \/>\n<meta property=\"og:title\" content=\"Bonjour ! | Vous voulez nous rendre visite ? | Contact avec\u3010Capitaine Alga\u3011 !\" \/>\n<meta property=\"og:description\" content=\"Contactez\u3010Captain Alga\u3011par t\u00e9l\u00e9phone \u260e 986 630 577 ou par courriel info@capitanalga.com. Rendez-nous visite \u00e0 l&#039;adresse suivante Avenida do Aeroporto, 45, Vigo.\" \/>\n<meta property=\"og:url\" content=\"https:\/\/capitanalga.es\/fr\/bonjour\/\" \/>\n<meta property=\"og:site_name\" content=\"Capit\u00e1n Alga\" \/>\n<meta property=\"article:publisher\" content=\"https:\/\/www.facebook.com\/capitanalga\/\" \/>\n<meta property=\"article:modified_time\" content=\"2024-05-07T07:18:14+00:00\" \/>\n<meta name=\"twitter:card\" content=\"summary_large_image\" \/>\n<meta name=\"twitter:site\" content=\"@VCapitanalga\" \/>\n<meta name=\"twitter:label1\" content=\"Dur\u00e9e de lecture estim\u00e9e\" \/>\n\t<meta name=\"twitter:data1\" content=\"2 minutes\" \/>\n<script type=\"application\/ld+json\" class=\"yoast-schema-graph\">{\"@context\":\"https:\/\/schema.org\",\"@graph\":[{\"@type\":\"WebPage\",\"@id\":\"https:\/\/capitanalga.es\/fr\/bonjour\/\",\"url\":\"https:\/\/capitanalga.es\/fr\/bonjour\/\",\"name\":\"Bonjour ! | Vous voulez nous rendre visite ? | Contact avec\u3010Capitaine Alga\u3011 !\",\"isPartOf\":{\"@id\":\"https:\/\/capitanalga.es\/fr\/#website\"},\"datePublished\":\"2020-04-01T10:40:31+00:00\",\"dateModified\":\"2024-05-07T07:18:14+00:00\",\"description\":\"Contactez\u3010Captain Alga\u3011par t\u00e9l\u00e9phone \u260e 986 630 577 ou par courriel info@capitanalga.com. Rendez-nous visite \u00e0 l'adresse suivante Avenida do Aeroporto, 45, Vigo.\",\"breadcrumb\":{\"@id\":\"https:\/\/capitanalga.es\/fr\/bonjour\/#breadcrumb\"},\"inLanguage\":\"fr-FR\",\"potentialAction\":[{\"@type\":\"ReadAction\",\"target\":[\"https:\/\/capitanalga.es\/fr\/bonjour\/\"]}]},{\"@type\":\"BreadcrumbList\",\"@id\":\"https:\/\/capitanalga.es\/fr\/bonjour\/#breadcrumb\",\"itemListElement\":[{\"@type\":\"ListItem\",\"position\":1,\"name\":\"Portada\",\"item\":\"https:\/\/capitanalga.es\/fr\/inicio\/\"},{\"@type\":\"ListItem\",\"position\":2,\"name\":\"Bonjour\"}]},{\"@type\":\"WebSite\",\"@id\":\"https:\/\/capitanalga.es\/fr\/#website\",\"url\":\"https:\/\/capitanalga.es\/fr\/\",\"name\":\"Capit\u00e1n Alga\",\"description\":\"Capit\u00e1n Alga es el sue\u00f1o de un equipo apasionado por el mar y por las algas.\",\"potentialAction\":[{\"@type\":\"SearchAction\",\"target\":{\"@type\":\"EntryPoint\",\"urlTemplate\":\"https:\/\/capitanalga.es\/fr\/?s={search_term_string}\"},\"query-input\":{\"@type\":\"PropertyValueSpecification\",\"valueRequired\":true,\"valueName\":\"search_term_string\"}}],\"inLanguage\":\"fr-FR\"}]}<\/script>\n<!-- \/ Yoast SEO plugin. -->","yoast_head_json":{"title":"Bonjour ! | Vous voulez nous rendre visite ? | Contact avec\u3010Capitaine Alga\u3011 !","description":"Contactez\u3010Captain Alga\u3011par t\u00e9l\u00e9phone \u260e 986 630 577 ou par courriel info@capitanalga.com. Rendez-nous visite \u00e0 l'adresse suivante Avenida do Aeroporto, 45, Vigo.","robots":{"index":"index","follow":"follow","max-snippet":"max-snippet:-1","max-image-preview":"max-image-preview:large","max-video-preview":"max-video-preview:-1"},"canonical":"https:\/\/capitanalga.es\/fr\/bonjour\/","og_locale":"fr_FR","og_type":"article","og_title":"Bonjour ! | Vous voulez nous rendre visite ? | Contact avec\u3010Capitaine Alga\u3011 !","og_description":"Contactez\u3010Captain Alga\u3011par t\u00e9l\u00e9phone \u260e 986 630 577 ou par courriel info@capitanalga.com. Rendez-nous visite \u00e0 l'adresse suivante Avenida do Aeroporto, 45, Vigo.","og_url":"https:\/\/capitanalga.es\/fr\/bonjour\/","og_site_name":"Capit\u00e1n Alga","article_publisher":"https:\/\/www.facebook.com\/capitanalga\/","article_modified_time":"2024-05-07T07:18:14+00:00","twitter_card":"summary_large_image","twitter_site":"@VCapitanalga","twitter_misc":{"Dur\u00e9e de lecture estim\u00e9e":"2 minutes"},"schema":{"@context":"https:\/\/schema.org","@graph":[{"@type":"WebPage","@id":"https:\/\/capitanalga.es\/fr\/bonjour\/","url":"https:\/\/capitanalga.es\/fr\/bonjour\/","name":"Bonjour ! | Vous voulez nous rendre visite ? | Contact avec\u3010Capitaine Alga\u3011 !","isPartOf":{"@id":"https:\/\/capitanalga.es\/fr\/#website"},"datePublished":"2020-04-01T10:40:31+00:00","dateModified":"2024-05-07T07:18:14+00:00","description":"Contactez\u3010Captain Alga\u3011par t\u00e9l\u00e9phone \u260e 986 630 577 ou par courriel info@capitanalga.com. Rendez-nous visite \u00e0 l'adresse suivante Avenida do Aeroporto, 45, Vigo.","breadcrumb":{"@id":"https:\/\/capitanalga.es\/fr\/bonjour\/#breadcrumb"},"inLanguage":"fr-FR","potentialAction":[{"@type":"ReadAction","target":["https:\/\/capitanalga.es\/fr\/bonjour\/"]}]},{"@type":"BreadcrumbList","@id":"https:\/\/capitanalga.es\/fr\/bonjour\/#breadcrumb","itemListElement":[{"@type":"ListItem","position":1,"name":"Portada","item":"https:\/\/capitanalga.es\/fr\/inicio\/"},{"@type":"ListItem","position":2,"name":"Bonjour"}]},{"@type":"WebSite","@id":"https:\/\/capitanalga.es\/fr\/#website","url":"https:\/\/capitanalga.es\/fr\/","name":"Capit\u00e1n Alga","description":"Capit\u00e1n Alga es el sue\u00f1o de un equipo apasionado por el mar y por las algas.","potentialAction":[{"@type":"SearchAction","target":{"@type":"EntryPoint","urlTemplate":"https:\/\/capitanalga.es\/fr\/?s={search_term_string}"},"query-input":{"@type":"PropertyValueSpecification","valueRequired":true,"valueName":"search_term_string"}}],"inLanguage":"fr-FR"}]}},"_links":{"self":[{"href":"https:\/\/capitanalga.es\/fr\/wp-json\/wp\/v2\/pages\/4564","targetHints":{"allow":["GET"]}}],"collection":[{"href":"https:\/\/capitanalga.es\/fr\/wp-json\/wp\/v2\/pages"}],"about":[{"href":"https:\/\/capitanalga.es\/fr\/wp-json\/wp\/v2\/types\/page"}],"author":[{"embeddable":true,"href":"https:\/\/capitanalga.es\/fr\/wp-json\/wp\/v2\/users\/1"}],"replies":[{"embeddable":true,"href":"https:\/\/capitanalga.es\/fr\/wp-json\/wp\/v2\/comments?post=4564"}],"version-history":[{"count":8,"href":"https:\/\/capitanalga.es\/fr\/wp-json\/wp\/v2\/pages\/4564\/revisions"}],"predecessor-version":[{"id":5782,"href":"https:\/\/capitanalga.es\/fr\/wp-json\/wp\/v2\/pages\/4564\/revisions\/5782"}],"wp:attachment":[{"href":"https:\/\/capitanalga.es\/fr\/wp-json\/wp\/v2\/media?parent=4564"}],"curies":[{"name":"wp","href":"https:\/\/api.w.org\/{rel}","templated":true}]}}