{"id":4576,"date":"2020-03-26T21:25:24","date_gmt":"2020-03-26T20:25:24","guid":{"rendered":"https:\/\/capitanalga.es\/superaliment\/"},"modified":"2023-07-05T10:53:03","modified_gmt":"2023-07-05T08:53:03","slug":"superaliment","status":"publish","type":"page","link":"https:\/\/capitanalga.es\/fr\/superaliment\/","title":{"rendered":"Propri\u00e9t\u00e9s des algues"},"content":{"rendered":"<p>[et_pb_section fb_built=\u00a0\u00bb1&Prime; disabled_on=\u00a0\u00bbon|on|off\u00a0\u00bb _builder_version=\u00a0\u00bb4.4.1&Prime; background_image=\u00a0\u00bbhttps:\/\/capitanalga.es\/wp-content\/uploads\/2023\/04\/propiedades-de-las-algas-cabecera-scaled.jpg\u00a0\u00bb custom_margin=\u00a0\u00bb||0px||false|false\u00a0\u00bb custom_padding=\u00a0\u00bb||0px||false|false\u00a0\u00bb][et_pb_row column_structure=\u00a0\u00bb3_5,2_5&Prime; make_equal=\u00a0\u00bbon\u00a0\u00bb module_class=\u00a0\u00bbsello-dcha\u00a0\u00bb _builder_version=\u00a0\u00bb4.4.1&Prime; module_alignment=\u00a0\u00bbcenter\u00a0\u00bb custom_margin=\u00a0\u00bb||0px||false|false\u00a0\u00bb custom_padding=\u00a0\u00bb||0px||false|false\u00a0\u00bb][et_pb_column type=\u00a0\u00bb3_5&Prime; _builder_version=\u00a0\u00bb4.4.1&Prime;][et_pb_text module_class=\u00a0\u00bbbebas_titulo\u00a0\u00bb _builder_version=\u00a0\u00bb4.4.1&Prime; text_font=\u00a0\u00bb||||||||\u00a0\u00bb text_text_color=\u00a0\u00bb#ffffff\u00a0\u00bb text_font_size=\u00a0\u00bb60px\u00a0\u00bb text_line_height=\u00a0\u00bb60px\u00a0\u00bb header_text_color=\u00a0\u00bb#ffffff\u00a0\u00bb header_font_size=\u00a0\u00bb45px\u00a0\u00bb header_2_font=\u00a0\u00bb|700|||||||\u00a0\u00bb header_2_text_color=\u00a0\u00bb#ffffff\u00a0\u00bb header_2_font_size=\u00a0\u00bb36px\u00a0\u00bb custom_margin=\u00a0\u00bb150px||80px||false|false\u00a0\u00bb custom_margin_tablet=\u00a0\u00bb\u00a0\u00bb custom_margin_phone=\u00a0\u00bb50px||0px||false|false\u00a0\u00bb custom_margin_last_edited=\u00a0\u00bbon|phone\u00a0\u00bb custom_padding=\u00a0\u00bb||||false|false\u00a0\u00bb header_2_font_size_tablet=\u00a0\u00bb\u00a0\u00bb header_2_font_size_phone=\u00a0\u00bb24px\u00a0\u00bb header_2_font_size_last_edited=\u00a0\u00bbon|phone\u00a0\u00bb]<\/p>\n<p>COMMENCEZ \u00c0<br \/> MIEUX MANGER<\/p>\n<p>[\/et_pb_text][\/et_pb_column][et_pb_column type=\u00a0\u00bb2_5&Prime; _builder_version=\u00a0\u00bb4.4.1&Prime;][\/et_pb_column][\/et_pb_row][\/et_pb_section][et_pb_section fb_built=\u00a0\u00bb1&Prime; _builder_version=\u00a0\u00bb4.4.1&Prime; custom_padding=\u00a0\u00bb||0px||false|false\u00a0\u00bb][et_pb_row column_structure=\u00a0\u00bb1_2,1_2&Prime; make_equal=\u00a0\u00bbon\u00a0\u00bb _builder_version=\u00a0\u00bb4.4.1&Prime; module_alignment=\u00a0\u00bbcenter\u00a0\u00bb custom_css_main_element=\u00a0\u00bbmargin: auto;\u00a0\u00bb][et_pb_column type=\u00a0\u00bb1_2&Prime; _builder_version=\u00a0\u00bb4.4.1&Prime;][et_pb_text _builder_version=\u00a0\u00bb4.4.1&Prime; header_2_font=\u00a0\u00bb|||on|||||\u00a0\u00bb header_2_font_size=\u00a0\u00bb24px\u00a0\u00bb header_3_font=\u00a0\u00bb|700||on|||||\u00a0\u00bb header_3_font_size=\u00a0\u00bb24px\u00a0\u00bb]<\/p>\n<h2><strong>Tr\u00e8s sain<\/strong><\/h2>\n<p>[\/et_pb_text][et_pb_text _builder_version=\u00a0\u00bb4.4.1&Prime; text_font_size=\u00a0\u00bb16px\u00a0\u00bb]<\/p>\n<p>Les algues sont saines, d\u00e9licieuses et constituent un alli\u00e9 imbattable dans le cadre d&rsquo;une alimentation \u00e9quilibr\u00e9e.<\/p>\n<p>[\/et_pb_text][et_pb_code disabled_on=\u00a0\u00bboff|on|on\u00a0\u00bb _builder_version=\u00a0\u00bb4.4.1&Prime;]  [\/et_pb_code][et_pb_text _builder_version=\u00a0\u00bb4.4.1&Prime; text_font_size=\u00a0\u00bb16px\u00a0\u00bb]<\/p>\n<p>Ils sont pauvres en graisses, riches en min\u00e9raux, en fibres, en antioxydants et en prot\u00e9ines. Ils sont \u00e9galement riches en vitamine B12, en calcium et en fer.<\/p>\n<p>Nous vous racontons tout, algue par algue.<\/p>\n<p>[\/et_pb_text][et_pb_text _builder_version=\u00a0\u00bb4.4.1&Prime; text_font_size=\u00a0\u00bb18px\u00a0\u00bb hover_enabled=\u00a0\u00bb0&Prime;]<a href=\"\/fr\/boutique\/\" class=\"blue-paint\">D\u00e9couvrez ses avantages !<\/a>[\/et_pb_text][\/et_pb_column][et_pb_column type=\u00a0\u00bb1_2&Prime; _builder_version=\u00a0\u00bb4.4.1&Prime; custom_css_main_element=\u00a0\u00bbmargin: auto;\u00a0\u00bb][et_pb_code disabled_on=\u00a0\u00bbon|off|off\u00a0\u00bb _builder_version=\u00a0\u00bb4.4.1&Prime;]  [\/et_pb_code][\/et_pb_column][\/et_pb_row][et_pb_row column_structure=\u00a0\u00bb1_2,1_2&Prime; make_equal=\u00a0\u00bbon\u00a0\u00bb _builder_version=\u00a0\u00bb4.4.1&Prime; custom_margin=\u00a0\u00bb20px||||false|false\u00a0\u00bb][et_pb_column type=\u00a0\u00bb1_2&Prime; _builder_version=\u00a0\u00bb4.4.1&Prime;][et_pb_text _builder_version=\u00a0\u00bb4.4.1&Prime; header_2_font=\u00a0\u00bb|||on|||||\u00a0\u00bb header_2_font_size=\u00a0\u00bb24px\u00a0\u00bb header_3_font=\u00a0\u00bb|700||on|||||\u00a0\u00bb header_3_font_size=\u00a0\u00bb24px\u00a0\u00bb]<\/p>\n<h2><strong>Tr\u00e8s savoureux<\/strong><\/h2>\n<p>[\/et_pb_text][et_pb_text _builder_version=\u00a0\u00bb4.4.1&Prime; text_font_size=\u00a0\u00bb16px\u00a0\u00bb]<\/p>\n<p>Les algues font partie du groupe d&rsquo;aliments qui produisent la sensation gustative du \u00ab\u00a0cinqui\u00e8me go\u00fbt\u00a0\u00bb, l&rsquo;Umami, que l&rsquo;on retrouve dans les classiques (sal\u00e9, sucr\u00e9, acide et amer).<\/p>\n<p>[\/et_pb_text][et_pb_image src=\u00a0\u00bbhttps:\/\/capitanalga.es\/wp-content\/uploads\/2023\/04\/2023-Capitan-Alga-Web-PROPIEDADES-01-05&#215;1000-1.png\u00a0\u00bb align=\u00a0\u00bbcenter\u00a0\u00bb disabled_on=\u00a0\u00bboff|on|on\u00a0\u00bb _builder_version=\u00a0\u00bb4.4.1&Prime;][\/et_pb_image][et_pb_text _builder_version=\u00a0\u00bb4.4.1&Prime; text_font_size=\u00a0\u00bb16px\u00a0\u00bb]<\/p>\n<p>Un arri\u00e8re-go\u00fbt subtil mais persistant, difficile \u00e0 d\u00e9crire, qui signifie en japonais \u00ab\u00a0d\u00e9licieux\u00a0\u00bb.<\/p>\n<p>[\/et_pb_text][et_pb_text admin_label=\u00a0\u00bbTexto\u00a0\u00bb _builder_version=\u00a0\u00bb4.4.1&Prime; text_font_size=\u00a0\u00bb18px\u00a0\u00bb]<strong><a href=\"https:\/\/capitanalga.es\/fr\/toutes-les-recettes\/\" class=\"light-orange-paint\">D\u00e9couvrez comment les utiliser !<\/a><\/strong>[\/et_pb_text][\/et_pb_column][et_pb_column type=\u00a0\u00bb1_2&Prime; _builder_version=\u00a0\u00bb4.4.1&Prime; custom_css_main_element=\u00a0\u00bbmargin: auto;\u00a0\u00bb][et_pb_image src=\u00a0\u00bbhttps:\/\/capitanalga.es\/wp-content\/uploads\/2023\/04\/2023-Capitan-Alga-Web-PROPIEDADES-01-05&#215;1000-1.png\u00a0\u00bb align=\u00a0\u00bbcenter\u00a0\u00bb disabled_on=\u00a0\u00bbon|off|off\u00a0\u00bb _builder_version=\u00a0\u00bb4.4.1&Prime;][\/et_pb_image][\/et_pb_column][\/et_pb_row][\/et_pb_section][et_pb_section fb_built=\u00a0\u00bb1&Prime; _builder_version=\u00a0\u00bb4.4.1&Prime; custom_padding=\u00a0\u00bb0px||0px||false|false\u00a0\u00bb][et_pb_row column_structure=\u00a0\u00bb1_2,1_2&Prime; make_equal=\u00a0\u00bbon\u00a0\u00bb disabled_on=\u00a0\u00bbon|off|off\u00a0\u00bb _builder_version=\u00a0\u00bb4.4.1&Prime; custom_margin=\u00a0\u00bb20px||||false|false\u00a0\u00bb][et_pb_column type=\u00a0\u00bb1_2&Prime; _builder_version=\u00a0\u00bb4.4.1&Prime;][et_pb_text _builder_version=\u00a0\u00bb4.4.1&Prime; header_2_font=\u00a0\u00bb|700||on|||||\u00a0\u00bb header_2_font_size=\u00a0\u00bb24px\u00a0\u00bb header_3_font=\u00a0\u00bb|700||on|||||\u00a0\u00bb header_3_font_size=\u00a0\u00bb24px\u00a0\u00bb]<\/p>\n<h2>Super puissant<\/h2>\n<p>[\/et_pb_text][et_pb_text _builder_version=\u00a0\u00bb4.4.1&Prime; text_font_size=\u00a0\u00bb16px\u00a0\u00bb]<\/p>\n<p>Les algues sont consid\u00e9r\u00e9es comme un superaliment. Ils contiennent des concentrations extr\u00eamement \u00e9lev\u00e9es de nutriments essentiels dont nous avons besoin \u00e0 l&rsquo;int\u00e9rieur pour \u00eatre beaux \u00e0 l&rsquo;ext\u00e9rieur.<\/p>\n<p>[\/et_pb_text][et_pb_text _builder_version=\u00a0\u00bb4.4.1&Prime; text_font_size=\u00a0\u00bb16px\u00a0\u00bb]En tant qu&rsquo;aliment 100% naturel, il est absorb\u00e9 et utilis\u00e9 de mani\u00e8re incroyablement efficace par notre corps, ce qui am\u00e9liore visiblement notre apparence physique.<\/p>\n<p>Un v\u00e9ritable \u00e9lixir de jeunesse pour la peau, les cheveux et aussi pour l&rsquo;esprit, puisqu&rsquo;il contribue \u00e0 am\u00e9liorer les processus cognitifs.[\/et_pb_text][et_pb_text admin_label=\u00a0\u00bbTexto\u00a0\u00bb _builder_version=\u00a0\u00bb4.4.1&Prime; text_font_size=\u00a0\u00bb18px\u00a0\u00bb]<\/p>\n<p><strong><a href=\"\/tienda-online\/\" class=\"light-green-paint\">Acheter en ligne !<\/a><\/strong><\/p>\n<p>[\/et_pb_text][\/et_pb_column][et_pb_column type=\u00a0\u00bb1_2&Prime; _builder_version=\u00a0\u00bb4.4.1&Prime; custom_css_main_element=\u00a0\u00bbmargin: auto;\u00a0\u00bb][et_pb_image src=\u00a0\u00bbhttps:\/\/capitanalga.es\/wp-content\/uploads\/2023\/04\/2023-Capitan-Alga-Web-PROPIEDADES-01_Mesa-de-trabajo-1-copia-5&#215;1000-1.jpg\u00a0\u00bb align=\u00a0\u00bbcenter\u00a0\u00bb disabled_on=\u00a0\u00bbon|off|off\u00a0\u00bb _builder_version=\u00a0\u00bb4.4.1&Prime; custom_css_main_element=\u00a0\u00bbmargin: auto;\u00a0\u00bb][\/et_pb_image][\/et_pb_column][\/et_pb_row][et_pb_row make_equal=\u00a0\u00bbon\u00a0\u00bb disabled_on=\u00a0\u00bboff|on|on\u00a0\u00bb _builder_version=\u00a0\u00bb4.4.1&Prime; custom_margin=\u00a0\u00bb20px||||false|false\u00a0\u00bb custom_padding=\u00a0\u00bb||0px||false|false\u00a0\u00bb][et_pb_column type=\u00a0\u00bb4_4&Prime; _builder_version=\u00a0\u00bb4.4.1&Prime;][et_pb_text _builder_version=\u00a0\u00bb4.4.1&Prime; header_2_font=\u00a0\u00bb|700||on|||||\u00a0\u00bb header_2_font_size=\u00a0\u00bb24px\u00a0\u00bb header_3_font=\u00a0\u00bb|700||on|||||\u00a0\u00bb header_3_font_size=\u00a0\u00bb24px\u00a0\u00bb]<\/p>\n<h2>Super puissant<\/h2>\n<p>[\/et_pb_text][et_pb_text _builder_version=\u00a0\u00bb4.4.1&Prime; text_font_size=\u00a0\u00bb16px\u00a0\u00bb custom_margin=\u00a0\u00bb||0px||false|false\u00a0\u00bb custom_padding=\u00a0\u00bb||0px||false|false\u00a0\u00bb]<\/p>\n<p>Les algues sont consid\u00e9r\u00e9es comme un superaliment. Ils contiennent des concentrations extr\u00eamement \u00e9lev\u00e9es de nutriments essentiels dont nous avons besoin \u00e0 l&rsquo;int\u00e9rieur pour \u00eatre beaux \u00e0 l&rsquo;ext\u00e9rieur.<\/p>\n<p>[\/et_pb_text][\/et_pb_column][\/et_pb_row][et_pb_row make_equal=\u00a0\u00bbon\u00a0\u00bb disabled_on=\u00a0\u00bboff|on|on\u00a0\u00bb _builder_version=\u00a0\u00bb4.4.1&Prime; width=\u00a0\u00bb100%\u00a0\u00bb custom_margin=\u00a0\u00bb0px|0px|0px|0px|false|false\u00a0\u00bb custom_padding=\u00a0\u00bb0px|0px|0px|0px|false|false\u00a0\u00bb][et_pb_column type=\u00a0\u00bb4_4&Prime; _builder_version=\u00a0\u00bb4.4.1&Prime;][et_pb_image src=\u00a0\u00bbhttps:\/\/capitanalga.es\/wp-content\/uploads\/2023\/04\/2023-Capitan-Alga-Web-PROPIEDADES-01_Mesa-de-trabajo-1-copia-5&#215;1000-1.jpg\u00a0\u00bb align=\u00a0\u00bbcenter\u00a0\u00bb force_fullwidth=\u00a0\u00bbon\u00a0\u00bb disabled_on=\u00a0\u00bboff|on|on\u00a0\u00bb _builder_version=\u00a0\u00bb4.4.1&Prime; custom_margin=\u00a0\u00bb0px||0px||false|false\u00a0\u00bb custom_padding=\u00a0\u00bb0px||0px||false|false\u00a0\u00bb][\/et_pb_image][\/et_pb_column][\/et_pb_row][et_pb_row column_structure=\u00a0\u00bb1_2,1_2&Prime; make_equal=\u00a0\u00bbon\u00a0\u00bb disabled_on=\u00a0\u00bboff|on|on\u00a0\u00bb _builder_version=\u00a0\u00bb4.4.1&Prime; custom_margin=\u00a0\u00bb0px||||false|false\u00a0\u00bb custom_padding=\u00a0\u00bb0px||||false|false\u00a0\u00bb][et_pb_column type=\u00a0\u00bb1_2&Prime; _builder_version=\u00a0\u00bb4.4.1&Prime;][et_pb_text _builder_version=\u00a0\u00bb4.4.1&Prime; text_font_size=\u00a0\u00bb16px\u00a0\u00bb]En tant qu&rsquo;aliment 100% naturel, il est absorb\u00e9 et utilis\u00e9 de mani\u00e8re incroyablement efficace par notre corps, ce qui am\u00e9liore visiblement notre apparence physique.<\/p>\n<p>Un v\u00e9ritable \u00e9lixir de jeunesse pour la peau, les cheveux et aussi pour l&rsquo;esprit, puisqu&rsquo;il contribue \u00e0 am\u00e9liorer les processus cognitifs.[\/et_pb_text][et_pb_text admin_label=\u00a0\u00bbTexto\u00a0\u00bb _builder_version=\u00a0\u00bb4.4.1&Prime; text_font_size=\u00a0\u00bb18px\u00a0\u00bb]<\/p>\n<p><strong><a href=\"\/tienda-online\/\" class=\"light-green-paint\">Acheter en ligne !<\/a><\/strong><\/p>\n<p>[\/et_pb_text][\/et_pb_column][et_pb_column type=\u00a0\u00bb1_2&Prime; _builder_version=\u00a0\u00bb4.4.1&Prime; custom_css_main_element=\u00a0\u00bbmargin: auto;\u00a0\u00bb][\/et_pb_column][\/et_pb_row][\/et_pb_section][et_pb_section fb_built=\u00a0\u00bb1&Prime; _builder_version=\u00a0\u00bb4.4.1&Prime;][\/et_pb_section]<\/p>\n","protected":false},"excerpt":{"rendered":"<p>COMMENCEZ \u00c0 MIEUX MANGERTr\u00e8s sainLes algues sont saines, d\u00e9licieuses et constituent un alli\u00e9 imbattable dans le cadre d&rsquo;une alimentation \u00e9quilibr\u00e9e.  Ils sont pauvres en graisses, riches en min\u00e9raux, en fibres, en antioxydants et en prot\u00e9ines. Ils sont \u00e9galement riches en vitamine B12, en calcium et en fer. Nous vous racontons tout, algue par [&hellip;]<\/p>\n","protected":false},"author":1,"featured_media":0,"parent":0,"menu_order":0,"comment_status":"closed","ping_status":"closed","template":"","meta":{"_et_pb_use_builder":"on","_et_pb_old_content":"","_et_gb_content_width":"","_joinchat":[],"footnotes":""},"class_list":["post-4576","page","type-page","status-publish","hentry"],"yoast_head":"<!-- This site is optimized with the Yoast SEO plugin v26.3 - https:\/\/yoast.com\/wordpress\/plugins\/seo\/ -->\n<title>Superfood - Manger mieux -\u3010Captain Seaweed\u3011<\/title>\n<meta name=\"description\" content=\"Sain et d\u00e9licieux pour une alimentation \u00e9quilibr\u00e9e. Les algues sont saines, d\u00e9licieuses et constituent un alli\u00e9 imbattable dans le cadre d&#039;une alimentation \u00e9quilibr\u00e9e.\" \/>\n<meta name=\"robots\" content=\"index, follow, max-snippet:-1, max-image-preview:large, max-video-preview:-1\" \/>\n<link rel=\"canonical\" href=\"https:\/\/capitanalga.es\/fr\/superaliment\/\" \/>\n<meta property=\"og:locale\" content=\"fr_FR\" \/>\n<meta property=\"og:type\" content=\"article\" \/>\n<meta property=\"og:title\" content=\"Superfood - Manger mieux -\u3010Captain Seaweed\u3011\" \/>\n<meta property=\"og:description\" content=\"Sain et d\u00e9licieux pour une alimentation \u00e9quilibr\u00e9e. Les algues sont saines, d\u00e9licieuses et constituent un alli\u00e9 imbattable dans le cadre d&#039;une alimentation \u00e9quilibr\u00e9e.\" \/>\n<meta property=\"og:url\" content=\"https:\/\/capitanalga.es\/fr\/superaliment\/\" \/>\n<meta property=\"og:site_name\" content=\"Capit\u00e1n Alga\" \/>\n<meta property=\"article:publisher\" content=\"https:\/\/www.facebook.com\/capitanalga\/\" \/>\n<meta property=\"article:modified_time\" content=\"2023-07-05T08:53:03+00:00\" \/>\n<meta name=\"twitter:card\" content=\"summary_large_image\" \/>\n<meta name=\"twitter:site\" content=\"@VCapitanalga\" \/>\n<meta name=\"twitter:label1\" content=\"Dur\u00e9e de lecture estim\u00e9e\" \/>\n\t<meta name=\"twitter:data1\" content=\"6 minutes\" \/>\n<script type=\"application\/ld+json\" class=\"yoast-schema-graph\">{\"@context\":\"https:\/\/schema.org\",\"@graph\":[{\"@type\":\"WebPage\",\"@id\":\"https:\/\/capitanalga.es\/fr\/superaliment\/\",\"url\":\"https:\/\/capitanalga.es\/fr\/superaliment\/\",\"name\":\"Superfood - Manger mieux -\u3010Captain Seaweed\u3011\",\"isPartOf\":{\"@id\":\"https:\/\/capitanalga.es\/fr\/#website\"},\"datePublished\":\"2020-03-26T20:25:24+00:00\",\"dateModified\":\"2023-07-05T08:53:03+00:00\",\"description\":\"Sain et d\u00e9licieux pour une alimentation \u00e9quilibr\u00e9e. Les algues sont saines, d\u00e9licieuses et constituent un alli\u00e9 imbattable dans le cadre d'une alimentation \u00e9quilibr\u00e9e.\",\"breadcrumb\":{\"@id\":\"https:\/\/capitanalga.es\/fr\/superaliment\/#breadcrumb\"},\"inLanguage\":\"fr-FR\",\"potentialAction\":[{\"@type\":\"ReadAction\",\"target\":[\"https:\/\/capitanalga.es\/fr\/superaliment\/\"]}]},{\"@type\":\"BreadcrumbList\",\"@id\":\"https:\/\/capitanalga.es\/fr\/superaliment\/#breadcrumb\",\"itemListElement\":[{\"@type\":\"ListItem\",\"position\":1,\"name\":\"Portada\",\"item\":\"https:\/\/capitanalga.es\/fr\/inicio\/\"},{\"@type\":\"ListItem\",\"position\":2,\"name\":\"Propri\u00e9t\u00e9s des algues\"}]},{\"@type\":\"WebSite\",\"@id\":\"https:\/\/capitanalga.es\/fr\/#website\",\"url\":\"https:\/\/capitanalga.es\/fr\/\",\"name\":\"Capit\u00e1n Alga\",\"description\":\"Capit\u00e1n Alga es el sue\u00f1o de un equipo apasionado por el mar y por las algas.\",\"potentialAction\":[{\"@type\":\"SearchAction\",\"target\":{\"@type\":\"EntryPoint\",\"urlTemplate\":\"https:\/\/capitanalga.es\/fr\/?s={search_term_string}\"},\"query-input\":{\"@type\":\"PropertyValueSpecification\",\"valueRequired\":true,\"valueName\":\"search_term_string\"}}],\"inLanguage\":\"fr-FR\"}]}<\/script>\n<!-- \/ Yoast SEO plugin. -->","yoast_head_json":{"title":"Superfood - Manger mieux -\u3010Captain Seaweed\u3011","description":"Sain et d\u00e9licieux pour une alimentation \u00e9quilibr\u00e9e. Les algues sont saines, d\u00e9licieuses et constituent un alli\u00e9 imbattable dans le cadre d'une alimentation \u00e9quilibr\u00e9e.","robots":{"index":"index","follow":"follow","max-snippet":"max-snippet:-1","max-image-preview":"max-image-preview:large","max-video-preview":"max-video-preview:-1"},"canonical":"https:\/\/capitanalga.es\/fr\/superaliment\/","og_locale":"fr_FR","og_type":"article","og_title":"Superfood - Manger mieux -\u3010Captain Seaweed\u3011","og_description":"Sain et d\u00e9licieux pour une alimentation \u00e9quilibr\u00e9e. Les algues sont saines, d\u00e9licieuses et constituent un alli\u00e9 imbattable dans le cadre d'une alimentation \u00e9quilibr\u00e9e.","og_url":"https:\/\/capitanalga.es\/fr\/superaliment\/","og_site_name":"Capit\u00e1n Alga","article_publisher":"https:\/\/www.facebook.com\/capitanalga\/","article_modified_time":"2023-07-05T08:53:03+00:00","twitter_card":"summary_large_image","twitter_site":"@VCapitanalga","twitter_misc":{"Dur\u00e9e de lecture estim\u00e9e":"6 minutes"},"schema":{"@context":"https:\/\/schema.org","@graph":[{"@type":"WebPage","@id":"https:\/\/capitanalga.es\/fr\/superaliment\/","url":"https:\/\/capitanalga.es\/fr\/superaliment\/","name":"Superfood - Manger mieux -\u3010Captain Seaweed\u3011","isPartOf":{"@id":"https:\/\/capitanalga.es\/fr\/#website"},"datePublished":"2020-03-26T20:25:24+00:00","dateModified":"2023-07-05T08:53:03+00:00","description":"Sain et d\u00e9licieux pour une alimentation \u00e9quilibr\u00e9e. Les algues sont saines, d\u00e9licieuses et constituent un alli\u00e9 imbattable dans le cadre d'une alimentation \u00e9quilibr\u00e9e.","breadcrumb":{"@id":"https:\/\/capitanalga.es\/fr\/superaliment\/#breadcrumb"},"inLanguage":"fr-FR","potentialAction":[{"@type":"ReadAction","target":["https:\/\/capitanalga.es\/fr\/superaliment\/"]}]},{"@type":"BreadcrumbList","@id":"https:\/\/capitanalga.es\/fr\/superaliment\/#breadcrumb","itemListElement":[{"@type":"ListItem","position":1,"name":"Portada","item":"https:\/\/capitanalga.es\/fr\/inicio\/"},{"@type":"ListItem","position":2,"name":"Propri\u00e9t\u00e9s des algues"}]},{"@type":"WebSite","@id":"https:\/\/capitanalga.es\/fr\/#website","url":"https:\/\/capitanalga.es\/fr\/","name":"Capit\u00e1n Alga","description":"Capit\u00e1n Alga es el sue\u00f1o de un equipo apasionado por el mar y por las algas.","potentialAction":[{"@type":"SearchAction","target":{"@type":"EntryPoint","urlTemplate":"https:\/\/capitanalga.es\/fr\/?s={search_term_string}"},"query-input":{"@type":"PropertyValueSpecification","valueRequired":true,"valueName":"search_term_string"}}],"inLanguage":"fr-FR"}]}},"_links":{"self":[{"href":"https:\/\/capitanalga.es\/fr\/wp-json\/wp\/v2\/pages\/4576","targetHints":{"allow":["GET"]}}],"collection":[{"href":"https:\/\/capitanalga.es\/fr\/wp-json\/wp\/v2\/pages"}],"about":[{"href":"https:\/\/capitanalga.es\/fr\/wp-json\/wp\/v2\/types\/page"}],"author":[{"embeddable":true,"href":"https:\/\/capitanalga.es\/fr\/wp-json\/wp\/v2\/users\/1"}],"replies":[{"embeddable":true,"href":"https:\/\/capitanalga.es\/fr\/wp-json\/wp\/v2\/comments?post=4576"}],"version-history":[{"count":28,"href":"https:\/\/capitanalga.es\/fr\/wp-json\/wp\/v2\/pages\/4576\/revisions"}],"predecessor-version":[{"id":5593,"href":"https:\/\/capitanalga.es\/fr\/wp-json\/wp\/v2\/pages\/4576\/revisions\/5593"}],"wp:attachment":[{"href":"https:\/\/capitanalga.es\/fr\/wp-json\/wp\/v2\/media?parent=4576"}],"curies":[{"name":"wp","href":"https:\/\/api.w.org\/{rel}","templated":true}]}}