{"id":4587,"date":"2020-04-24T11:31:44","date_gmt":"2020-04-24T09:31:44","guid":{"rendered":"https:\/\/capitanalga.es\/super-facile\/menu-personnalise\/"},"modified":"2023-04-09T22:16:49","modified_gmt":"2023-04-09T20:16:49","slug":"menu-personnalise","status":"publish","type":"page","link":"https:\/\/capitanalga.es\/fr\/super-facile\/menu-personnalise\/","title":{"rendered":"Menu personnalis\u00e9"},"content":{"rendered":"<p>[et_pb_section fb_built=\u00a0\u00bb1&Prime; disabled_on=\u00a0\u00bboff|on|on\u00a0\u00bb admin_label=\u00a0\u00bbSecci\u00f3n (m\u00f3viles)\u00a0\u00bb _builder_version=\u00a0\u00bb4.4.1&Prime; background_image=\u00a0\u00bbhttps:\/\/capitanalga.es\/wp-content\/uploads\/2020\/04\/Home-recetas.png\u00a0\u00bb locked=\u00a0\u00bboff\u00a0\u00bb][et_pb_row _builder_version=\u00a0\u00bb4.4.1&Prime; background_color=\u00a0\u00bbrgba(45,57,77,0.9)\u00a0\u00bb max_width=\u00a0\u00bb500px\u00a0\u00bb module_alignment=\u00a0\u00bbcenter\u00a0\u00bb custom_margin=\u00a0\u00bb||20px||false|false\u00a0\u00bb custom_padding=\u00a0\u00bb35px|20px|55px|20px|false|false\u00a0\u00bb][et_pb_column type=\u00a0\u00bb4_4&Prime; _builder_version=\u00a0\u00bb4.4.1&Prime;][et_pb_text admin_label=\u00a0\u00bbTexto\u00a0\u00bb _builder_version=\u00a0\u00bb4.4.1&Prime; text_text_color=\u00a0\u00bb#ffffff\u00a0\u00bb text_font_size=\u00a0\u00bb28px\u00a0\u00bb background_layout=\u00a0\u00bbdark\u00a0\u00bb custom_padding=\u00a0\u00bb40px||||false|false\u00a0\u00bb]<\/p>\n<div class=\"page\" title=\"Page 5\">\n<div class=\"section\">\n<div class=\"layoutArea\">\n<div class=\"column\">\n<p style=\"text-align: center;\"><a href=\"https:\/\/capitanalga.es\/wp-content\/uploads\/2020\/04\/1.png\"><img loading=\"lazy\" decoding=\"async\" class=\"alignnone wp-image-1846 size-full\" src=\"https:\/\/capitanalga.es\/wp-content\/uploads\/2020\/04\/1.png\" alt=\"\" width=\"48\" height=\"48\"><\/a><\/p>\n<p style=\"text-align: center;\">S\u00e9lectionnez ce qui vous pla\u00eet :<\/p>\n<\/div>\n<\/div>\n<\/div>\n<\/div>\n<p>[\/et_pb_text][et_pb_text _builder_version=\u00a0\u00bb4.4.1&Prime; custom_padding=\u00a0\u00bb20px||||false|false\u00a0\u00bb]<\/p>\n<p style=\"text-align: center;\"><a class=\"personalized-menu-link\" href=\"https:\/\/capitanalga.es\/fr\/super-facile\/menu-personnalise\/menu-personnalise-viande-rouge-et-volaille\/\"><img loading=\"lazy\" decoding=\"async\" class=\"wp-image-1848 alignnone size-full\" src=\"https:\/\/capitanalga.es\/wp-content\/uploads\/2020\/04\/carne.png\" alt=\"\" width=\"36\" height=\"36\"><span class=\"dummy\">Viande rouge et volaille<\/span><\/a><a class=\"personalized-menu-link\" href=\"https:\/\/capitanalga.es\/fr\/super-facile\/menu-personnalise\/menu-personnalise-poissons-et-fruits-de-mer\/\"><img loading=\"lazy\" decoding=\"async\" class=\"alignnone wp-image-1849 size-full\" src=\"https:\/\/capitanalga.es\/wp-content\/uploads\/2020\/04\/pescado.png\" alt=\"\" width=\"36\" height=\"36\"><span class=\"dummy\">Poissons et fruits de mer<\/span><\/a><a class=\"personalized-menu-link\" href=\"https:\/\/capitanalga.es\/fr\/super-facile\/menu-personnalise\/menu-personnalise-proteines-vegetales\/\"><img loading=\"lazy\" decoding=\"async\" class=\"alignnone wp-image-1850 size-full\" src=\"https:\/\/capitanalga.es\/wp-content\/uploads\/2020\/04\/vegetal.png\" alt=\"\" width=\"36\" height=\"36\"><span class=\"dummy\">Prot\u00e9ines v\u00e9g\u00e9tales<\/span><\/a><\/p>\n<p>[\/et_pb_text][\/et_pb_column][\/et_pb_row][\/et_pb_section][et_pb_section fb_built=\u00a0\u00bb1&Prime; disabled_on=\u00a0\u00bbon|off|off\u00a0\u00bb admin_label=\u00a0\u00bbSecci\u00f3n (tablet y escritorio)\u00a0\u00bb _builder_version=\u00a0\u00bb4.4.1&Prime; background_image=\u00a0\u00bbhttps:\/\/capitanalga.es\/wp-content\/uploads\/2020\/04\/Home-recetas.png\u00a0\u00bb max_width=\u00a0\u00bb1080px\u00a0\u00bb module_alignment=\u00a0\u00bbcenter\u00a0\u00bb custom_margin=\u00a0\u00bb40px||||false|false\u00a0\u00bb locked=\u00a0\u00bboff\u00a0\u00bb][et_pb_row _builder_version=\u00a0\u00bb4.4.1&Prime; background_color=\u00a0\u00bbrgba(45,57,77,0.9)\u00a0\u00bb max_width=\u00a0\u00bb600px\u00a0\u00bb module_alignment=\u00a0\u00bbcenter\u00a0\u00bb custom_margin=\u00a0\u00bb||20px||false|false\u00a0\u00bb custom_padding=\u00a0\u00bb35px|20px|55px|20px|false|false\u00a0\u00bb][et_pb_column type=\u00a0\u00bb4_4&Prime; _builder_version=\u00a0\u00bb4.4.1&Prime;][et_pb_text admin_label=\u00a0\u00bbTexto\u00a0\u00bb _builder_version=\u00a0\u00bb4.4.1&Prime; text_text_color=\u00a0\u00bb#ffffff\u00a0\u00bb text_font_size=\u00a0\u00bb22px\u00a0\u00bb background_layout=\u00a0\u00bbdark\u00a0\u00bb custom_padding=\u00a0\u00bb40px||||false|false\u00a0\u00bb]<\/p>\n<div class=\"page\" title=\"Page 5\">\n<div class=\"section\">\n<div class=\"layoutArea\">\n<div class=\"column\">\n<p style=\"text-align: center;\"><img loading=\"lazy\" decoding=\"async\" class=\"alignnone wp-image-1846 size-full\" style=\"vertical-align: middle; width: 1.7em; height: 1.7em; margin: -0.5em 0.5em 0 0;\" src=\"https:\/\/capitanalga.es\/wp-content\/uploads\/2020\/04\/1.png\" alt=\"\" width=\"48\" height=\"48\">  S\u00e9lectionnez ce qui vous pla\u00eet :<\/p>\n<\/div>\n<\/div>\n<\/div>\n<\/div>\n<p>[\/et_pb_text][et_pb_text _builder_version=\u00a0\u00bb4.4.1&Prime; custom_padding=\u00a0\u00bb20px||||false|false\u00a0\u00bb]<\/p>\n<p style=\"text-align: center;\"><a class=\"personalized-menu-link\" href=\"https:\/\/capitanalga.es\/fr\/super-facile\/menu-personnalise\/menu-personnalise-viande-rouge-et-volaille\/\"><img loading=\"lazy\" decoding=\"async\" class=\"wp-image-1848 alignnone size-full\" src=\"https:\/\/capitanalga.es\/wp-content\/uploads\/2020\/04\/carne.png\" alt=\"\" width=\"36\" height=\"36\"><span class=\"dummy\">Viande rouge et volaille<\/span><\/a><a class=\"personalized-menu-link\" href=\"https:\/\/capitanalga.es\/fr\/super-facile\/menu-personnalise\/menu-personnalise-poissons-et-fruits-de-mer\/\"><img loading=\"lazy\" decoding=\"async\" class=\"alignnone wp-image-1849 size-full\" src=\"https:\/\/capitanalga.es\/wp-content\/uploads\/2020\/04\/pescado.png\" alt=\"\" width=\"36\" height=\"36\"><span class=\"dummy\">Poissons et fruits de mer<\/span><\/a><a class=\"personalized-menu-link\" href=\"https:\/\/capitanalga.es\/fr\/super-facile\/menu-personnalise\/menu-personnalise-proteines-vegetales\/\"><img loading=\"lazy\" decoding=\"async\" class=\"alignnone wp-image-1850 size-full\" src=\"https:\/\/capitanalga.es\/wp-content\/uploads\/2020\/04\/vegetal.png\" alt=\"\" width=\"36\" height=\"36\"><span class=\"dummy\">Prot\u00e9ines v\u00e9g\u00e9tales<\/span><\/a><\/p>\n<p>[\/et_pb_text][\/et_pb_column][\/et_pb_row][\/et_pb_section]<\/p>\n","protected":false},"excerpt":{"rendered":"<p>S\u00e9lectionnez ce qui vous pla\u00eet : Viande rouge et volaillePoissons et fruits de merProt\u00e9ines v\u00e9g\u00e9tales S\u00e9lectionnez ce qui vous pla\u00eet : Viande rouge et volaillePoissons et fruits de merProt\u00e9ines v\u00e9g\u00e9tales<\/p>\n","protected":false},"author":1,"featured_media":0,"parent":4577,"menu_order":0,"comment_status":"closed","ping_status":"closed","template":"","meta":{"_et_pb_use_builder":"on","_et_pb_old_content":"","_et_gb_content_width":"","_joinchat":[],"footnotes":""},"class_list":["post-4587","page","type-page","status-publish","hentry"],"yoast_head":"<!-- This site is optimized with the Yoast SEO plugin v26.3 - https:\/\/yoast.com\/wordpress\/plugins\/seo\/ -->\n<title>Menu personnalis\u00e9 | Capit\u00e1n Alga<\/title>\n<meta name=\"robots\" content=\"noindex, nofollow\" \/>\n<meta property=\"og:locale\" content=\"fr_FR\" \/>\n<meta property=\"og:type\" content=\"article\" \/>\n<meta property=\"og:title\" content=\"Menu personnalis\u00e9 | Capit\u00e1n Alga\" \/>\n<meta property=\"og:url\" content=\"https:\/\/capitanalga.es\/fr\/super-facile\/menu-personnalise\/\" \/>\n<meta property=\"og:site_name\" content=\"Capit\u00e1n Alga\" \/>\n<meta property=\"article:publisher\" content=\"https:\/\/www.facebook.com\/capitanalga\/\" \/>\n<meta property=\"article:modified_time\" content=\"2023-04-09T20:16:49+00:00\" \/>\n<meta property=\"og:image\" content=\"https:\/\/capitanalga.es\/wp-content\/uploads\/2020\/04\/1.png\" \/>\n<meta name=\"twitter:card\" content=\"summary_large_image\" \/>\n<meta name=\"twitter:site\" content=\"@VCapitanalga\" \/>\n<meta name=\"twitter:label1\" content=\"Dur\u00e9e de lecture estim\u00e9e\" \/>\n\t<meta name=\"twitter:data1\" content=\"1 minute\" \/>\n<script type=\"application\/ld+json\" class=\"yoast-schema-graph\">{\"@context\":\"https:\/\/schema.org\",\"@graph\":[{\"@type\":\"WebPage\",\"@id\":\"https:\/\/capitanalga.es\/fr\/super-facile\/menu-personnalise\/\",\"url\":\"https:\/\/capitanalga.es\/fr\/super-facile\/menu-personnalise\/\",\"name\":\"Menu personnalis\u00e9 | Capit\u00e1n Alga\",\"isPartOf\":{\"@id\":\"https:\/\/capitanalga.es\/fr\/#website\"},\"primaryImageOfPage\":{\"@id\":\"https:\/\/capitanalga.es\/fr\/super-facile\/menu-personnalise\/#primaryimage\"},\"image\":{\"@id\":\"https:\/\/capitanalga.es\/fr\/super-facile\/menu-personnalise\/#primaryimage\"},\"thumbnailUrl\":\"https:\/\/capitanalga.es\/wp-content\/uploads\/2020\/04\/1.png\",\"datePublished\":\"2020-04-24T09:31:44+00:00\",\"dateModified\":\"2023-04-09T20:16:49+00:00\",\"breadcrumb\":{\"@id\":\"https:\/\/capitanalga.es\/fr\/super-facile\/menu-personnalise\/#breadcrumb\"},\"inLanguage\":\"fr-FR\",\"potentialAction\":[{\"@type\":\"ReadAction\",\"target\":[\"https:\/\/capitanalga.es\/fr\/super-facile\/menu-personnalise\/\"]}]},{\"@type\":\"ImageObject\",\"inLanguage\":\"fr-FR\",\"@id\":\"https:\/\/capitanalga.es\/fr\/super-facile\/menu-personnalise\/#primaryimage\",\"url\":\"https:\/\/capitanalga.es\/wp-content\/uploads\/2020\/04\/1.png\",\"contentUrl\":\"https:\/\/capitanalga.es\/wp-content\/uploads\/2020\/04\/1.png\"},{\"@type\":\"BreadcrumbList\",\"@id\":\"https:\/\/capitanalga.es\/fr\/super-facile\/menu-personnalise\/#breadcrumb\",\"itemListElement\":[{\"@type\":\"ListItem\",\"position\":1,\"name\":\"Portada\",\"item\":\"https:\/\/capitanalga.es\/fr\/inicio\/\"},{\"@type\":\"ListItem\",\"position\":2,\"name\":\"Super facile\",\"item\":\"https:\/\/capitanalga.es\/fr\/super-facile\/\"},{\"@type\":\"ListItem\",\"position\":3,\"name\":\"Menu personnalis\u00e9\"}]},{\"@type\":\"WebSite\",\"@id\":\"https:\/\/capitanalga.es\/fr\/#website\",\"url\":\"https:\/\/capitanalga.es\/fr\/\",\"name\":\"Capit\u00e1n Alga\",\"description\":\"Capit\u00e1n Alga es el sue\u00f1o de un equipo apasionado por el mar y por las algas.\",\"potentialAction\":[{\"@type\":\"SearchAction\",\"target\":{\"@type\":\"EntryPoint\",\"urlTemplate\":\"https:\/\/capitanalga.es\/fr\/?s={search_term_string}\"},\"query-input\":{\"@type\":\"PropertyValueSpecification\",\"valueRequired\":true,\"valueName\":\"search_term_string\"}}],\"inLanguage\":\"fr-FR\"}]}<\/script>\n<!-- \/ Yoast SEO plugin. -->","yoast_head_json":{"title":"Menu personnalis\u00e9 | Capit\u00e1n Alga","robots":{"index":"noindex","follow":"nofollow"},"og_locale":"fr_FR","og_type":"article","og_title":"Menu personnalis\u00e9 | Capit\u00e1n Alga","og_url":"https:\/\/capitanalga.es\/fr\/super-facile\/menu-personnalise\/","og_site_name":"Capit\u00e1n Alga","article_publisher":"https:\/\/www.facebook.com\/capitanalga\/","article_modified_time":"2023-04-09T20:16:49+00:00","og_image":[{"url":"https:\/\/capitanalga.es\/wp-content\/uploads\/2020\/04\/1.png","type":"","width":"","height":""}],"twitter_card":"summary_large_image","twitter_site":"@VCapitanalga","twitter_misc":{"Dur\u00e9e de lecture estim\u00e9e":"1 minute"},"schema":{"@context":"https:\/\/schema.org","@graph":[{"@type":"WebPage","@id":"https:\/\/capitanalga.es\/fr\/super-facile\/menu-personnalise\/","url":"https:\/\/capitanalga.es\/fr\/super-facile\/menu-personnalise\/","name":"Menu personnalis\u00e9 | Capit\u00e1n Alga","isPartOf":{"@id":"https:\/\/capitanalga.es\/fr\/#website"},"primaryImageOfPage":{"@id":"https:\/\/capitanalga.es\/fr\/super-facile\/menu-personnalise\/#primaryimage"},"image":{"@id":"https:\/\/capitanalga.es\/fr\/super-facile\/menu-personnalise\/#primaryimage"},"thumbnailUrl":"https:\/\/capitanalga.es\/wp-content\/uploads\/2020\/04\/1.png","datePublished":"2020-04-24T09:31:44+00:00","dateModified":"2023-04-09T20:16:49+00:00","breadcrumb":{"@id":"https:\/\/capitanalga.es\/fr\/super-facile\/menu-personnalise\/#breadcrumb"},"inLanguage":"fr-FR","potentialAction":[{"@type":"ReadAction","target":["https:\/\/capitanalga.es\/fr\/super-facile\/menu-personnalise\/"]}]},{"@type":"ImageObject","inLanguage":"fr-FR","@id":"https:\/\/capitanalga.es\/fr\/super-facile\/menu-personnalise\/#primaryimage","url":"https:\/\/capitanalga.es\/wp-content\/uploads\/2020\/04\/1.png","contentUrl":"https:\/\/capitanalga.es\/wp-content\/uploads\/2020\/04\/1.png"},{"@type":"BreadcrumbList","@id":"https:\/\/capitanalga.es\/fr\/super-facile\/menu-personnalise\/#breadcrumb","itemListElement":[{"@type":"ListItem","position":1,"name":"Portada","item":"https:\/\/capitanalga.es\/fr\/inicio\/"},{"@type":"ListItem","position":2,"name":"Super facile","item":"https:\/\/capitanalga.es\/fr\/super-facile\/"},{"@type":"ListItem","position":3,"name":"Menu personnalis\u00e9"}]},{"@type":"WebSite","@id":"https:\/\/capitanalga.es\/fr\/#website","url":"https:\/\/capitanalga.es\/fr\/","name":"Capit\u00e1n Alga","description":"Capit\u00e1n Alga es el sue\u00f1o de un equipo apasionado por el mar y por las algas.","potentialAction":[{"@type":"SearchAction","target":{"@type":"EntryPoint","urlTemplate":"https:\/\/capitanalga.es\/fr\/?s={search_term_string}"},"query-input":{"@type":"PropertyValueSpecification","valueRequired":true,"valueName":"search_term_string"}}],"inLanguage":"fr-FR"}]}},"_links":{"self":[{"href":"https:\/\/capitanalga.es\/fr\/wp-json\/wp\/v2\/pages\/4587","targetHints":{"allow":["GET"]}}],"collection":[{"href":"https:\/\/capitanalga.es\/fr\/wp-json\/wp\/v2\/pages"}],"about":[{"href":"https:\/\/capitanalga.es\/fr\/wp-json\/wp\/v2\/types\/page"}],"author":[{"embeddable":true,"href":"https:\/\/capitanalga.es\/fr\/wp-json\/wp\/v2\/users\/1"}],"replies":[{"embeddable":true,"href":"https:\/\/capitanalga.es\/fr\/wp-json\/wp\/v2\/comments?post=4587"}],"version-history":[{"count":11,"href":"https:\/\/capitanalga.es\/fr\/wp-json\/wp\/v2\/pages\/4587\/revisions"}],"predecessor-version":[{"id":4617,"href":"https:\/\/capitanalga.es\/fr\/wp-json\/wp\/v2\/pages\/4587\/revisions\/4617"}],"up":[{"embeddable":true,"href":"https:\/\/capitanalga.es\/fr\/wp-json\/wp\/v2\/pages\/4577"}],"wp:attachment":[{"href":"https:\/\/capitanalga.es\/fr\/wp-json\/wp\/v2\/media?parent=4587"}],"curies":[{"name":"wp","href":"https:\/\/api.w.org\/{rel}","templated":true}]}}