{"id":4588,"date":"2020-04-16T13:52:06","date_gmt":"2020-04-16T11:52:06","guid":{"rendered":"https:\/\/capitanalga.es\/super-facile\/toutes-les-recettes\/"},"modified":"2023-05-01T07:08:59","modified_gmt":"2023-05-01T05:08:59","slug":"toutes-les-recettes","status":"publish","type":"page","link":"https:\/\/capitanalga.es\/fr\/toutes-les-recettes\/","title":{"rendered":"Recettes \u00e0 base d&rsquo;algues"},"content":{"rendered":"<p>[et_pb_section fb_built=\u00a0\u00bb1&Prime; disabled_on=\u00a0\u00bboff|off|off\u00a0\u00bb admin_label=\u00a0\u00bbSecci\u00f3n (m\u00f3viles)\u00a0\u00bb _builder_version=\u00a0\u00bb4.4.1&Prime; background_color=\u00a0\u00bb#ffffff\u00a0\u00bb custom_padding=\u00a0\u00bb0px|||||\u00a0\u00bb][et_pb_row disabled_on=\u00a0\u00bbon|on|on\u00a0\u00bb _builder_version=\u00a0\u00bb4.4.1&Prime; width=\u00a0\u00bb100%\u00a0\u00bb max_width=\u00a0\u00bb100%\u00a0\u00bb min_height=\u00a0\u00bb45px\u00a0\u00bb custom_padding=\u00a0\u00bb26px||48px|||\u00a0\u00bb disabled=\u00a0\u00bbon\u00a0\u00bb][et_pb_column type=\u00a0\u00bb4_4&Prime; _builder_version=\u00a0\u00bb4.4.1&Prime;][et_pb_code _builder_version=\u00a0\u00bb4.4.1&Prime; custom_margin=\u00a0\u00bb-26px|||||\u00a0\u00bb]<\/p>\n<div style=\"overflow-x: auto;\"><!-- [et_pb_line_break_holder] --><\/p>\n<table style=\"border-collapse: collapse; width: 100%; height: 22px; border: #2c384c solid 2px; margin-bottom: 0px;\"><!-- [et_pb_line_break_holder] --><\/p>\n<tbody><!-- [et_pb_line_break_holder] --><\/p>\n<tr style=\"height: 22px;\"><!-- [et_pb_line_break_holder] --><\/p>\n<td style=\"border-right: #2c384c solid 2px !important; width: 25%; height: 22px; text-align: center;\"><strong><span style=\"color: #2c384c;\"><img loading=\"lazy\" decoding=\"async\" src=\"https:\/\/capitanalga.es\/wp-content\/uploads\/2020\/04\/Filtros.svg\" width=\"20\" height=\"20\" alt=\"\" class=\"wp-image-343 projects-list alignnone size-small\">  FILTRES<\/span><\/strong><\/td>\n<p><!-- [et_pb_line_break_holder] -->  <\/p>\n<td style=\"border-right: #2c384c solid 2px !important; width: 25%; height: 22px; text-align: center;\"><strong><span style=\"color: #2c384c;\"><a href=\"https:\/\/capitanalga.es\/super-facil\/todas-recetas\/recetas-faciles\/\" data-category-slug=\"dificultad-baja\" class=\"active\">RECETTES FACILES<\/a><\/span><\/strong><\/td>\n<p><!-- [et_pb_line_break_holder] -->  <\/p>\n<td style=\"border-right: #2c384c solid 2px !important; width: 25%; height: 22px; text-align: center;\"><strong><span style=\"color: #2c384c;\"><a href=\"\/super-facil\/todas-recetas\/listas-en-5-min\/\" data-category-slug=\"lista-en-5-min\" class=\"active\">PR\u00caT EN 5 MINUTES.<\/a><\/span><\/strong><\/td>\n<p><!-- [et_pb_line_break_holder] --><\/tr>\n<p><!-- [et_pb_line_break_holder] --><\/tbody>\n<p><!-- [et_pb_line_break_holder] --><\/table>\n<p><!-- [et_pb_line_break_holder] --><\/div>\n<p>[\/et_pb_code][\/et_pb_column][\/et_pb_row][et_pb_row _builder_version=\u00a0\u00bb4.4.1&Prime; width=\u00a0\u00bb100%\u00a0\u00bb max_width=\u00a0\u00bb100%\u00a0\u00bb custom_padding=\u00a0\u00bb0px|||||\u00a0\u00bb hover_enabled=\u00a0\u00bb0&Prime;][et_pb_column type=\u00a0\u00bb4_4&Prime; _builder_version=\u00a0\u00bb4.4.1&Prime;][et_pb_divider _builder_version=\u00a0\u00bb4.4.1&Prime; show_divider=\u00a0\u00bboff\u00a0\u00bb min_height=\u00a0\u00bb50px\u00a0\u00bb hover_enabled=\u00a0\u00bb0&Prime;][\/et_pb_divider][et_pb_text _builder_version=\u00a0\u00bb4.4.1&Prime; hover_enabled=\u00a0\u00bb0&Prime; module_alignment=\u00a0\u00bbcenter\u00a0\u00bb]<style id=\"filter-inline-css-1\">#ymc-smart-filter-container-1 .filter-layout1 .filter-entry .filter-link, #ymc-extra-filter-1 .filter-layout1 .filter-entry .filter-link { color:#2c384d;}#ymc-smart-filter-container-1 .filter-layout1 .filter-entry .filter-link, #ymc-extra-filter-1 .filter-layout1 .filter-entry .filter-link { background-color:#ffffff;}#ymc-smart-filter-container-1 .filter-layout1 .filter-entry .filter-link.active, #ymc-extra-filter-1 .filter-layout1 .filter-entry .filter-link.active { color:#2c384d;}<\/style><div id=\"ymc-smart-filter-container-1\" \r\n\t\t\t\t  class=\"ymc-smart-filter-container ymc-filter-5120 ymc-loaded-filter ymc-filter-layout1 ymc-post-custom-layout ymc-pagination-load-more data-target-ymc5120-1 data-target-ymc1 \" data-loading=\"true\"\r\n\t\t\t\t  data-params='{\"cpt\":\"project\",\"tax\":\"project_category\",\"terms\":\"239,241,243,238,242,240,237\",\"default_terms\":\"\",\"exclude_posts\":\"off\",\"choices_posts\":\"\",\"posts_selected\":\"all\",\"preloader_icon\":\"preloader\",\"type_pg\":\"load-more\",\"per_page\":\"25\",\"page\":\"1\",\"page_scroll\":\"1\",\"preloader_filters\":\"none\",\"preloader_filters_rate\":\"0.5\",\"preloader_filters_custom\":\"\",\"post_animation\":\"\",\"popup_animation\":\"\",\"letter\":\"\",\"post_layout\":\"post-custom-layout\",\"filter_layout\":\"filter-layout1\",\"filter_id\":\"5120\",\"search\":\"\",\"search_filtered_posts\":\"0\",\"carousel_params\":&quot;&quot;,\"filter_date\":\"\",\"sort_order\":\"\",\"sort_orderby\":\"\",\"meta_key\":\"\",\"meta_query\":\"\",\"date_query\":\"\",\"data_target\":\"data-target-ymc1\",\"target_id\":\"1\",\"page_id\":\"0\"}'>\r\n<div id=\"filter-layout1-1\" class=\"filter-layout filter-layout1 filter-layout1-5120 filter-layout1-5120-1\">\r\n\r\n\t\r\n    <ul class=\"filter-entry\">\r\n\r\n\t\t<li class=\"filter-item\">\r\n                      <a class=\"filter-link all active\" aria-label=\"All\" role=\"button\" data-selected=\"all\" data-termid=\"239,241,243,238,242,240,237\">All<\/a><\/li><li class='filter-item '>\r\n\t\t\t\t\t     <a class='filter-link     ' style='' aria-label='Codium' role='button' data-selected='codium' data-termid='239'><span class=\"link-inner\">Codium<\/span><\/a><\/li><li class='filter-item '>\r\n\t\t\t\t\t     <a class='filter-link     ' style='' aria-label='Espagueti de mar' role='button' data-selected='espagueti-de-mar' data-termid='241'><span class=\"link-inner\">Espagueti de mar<\/span><\/a><\/li><li class='filter-item '>\r\n\t\t\t\t\t     <a class='filter-link   isDisabled  ' style='' aria-label='Gracilaria' role='button' data-selected='gracilaria' data-termid='243'><span class=\"link-inner\">Gracilaria<\/span><\/a><\/li><li class='filter-item '>\r\n\t\t\t\t\t     <a class='filter-link     ' style='' aria-label='Kombu' role='button' data-selected='kombu' data-termid='238'><span class=\"link-inner\">Kombu<\/span><\/a><\/li><li class='filter-item '>\r\n\t\t\t\t\t     <a class='filter-link     ' style='' aria-label='Lechuga de mar' role='button' data-selected='lechuga-de-mar' data-termid='242'><span class=\"link-inner\">Lechuga de mar<\/span><\/a><\/li><li class='filter-item '>\r\n\t\t\t\t\t     <a class='filter-link   isDisabled  ' style='' aria-label='Trufa de mar' role='button' data-selected='trufa-de-mar' data-termid='240'><span class=\"link-inner\">Trufa de mar<\/span><\/a><\/li><li class='filter-item '>\r\n\t\t\t\t\t     <a class='filter-link     ' style='' aria-label='Wakame' role='button' data-selected='wakame' data-termid='237'><span class=\"link-inner\">Wakame<\/span><\/a><\/li>\r\n\t<\/ul>\r\n\r\n    <div class=\"posts-found\"><\/div>\r\n\r\n    \r\n<\/div>\r\n\r\n\r\n\r\n<div class=\"container-posts container-post-custom-layout\"><div class=\"post-entry ymc-xs-col-1 ymc-sm-col-2 ymc-md-col-3 ymc-lg-col-4 ymc-xl-col-4 ymc-xxl-col-4 post-custom-layout post-custom-layout-5120 post-custom-layout-5120-1\"><\/div><\/div><\/div>[\/et_pb_text][et_pb_divider _builder_version=\u00a0\u00bb4.4.1&Prime; show_divider=\u00a0\u00bboff\u00a0\u00bb min_height=\u00a0\u00bb50px\u00a0\u00bb hover_enabled=\u00a0\u00bb0&Prime;][\/et_pb_divider][\/et_pb_column][\/et_pb_row][\/et_pb_section]<\/p>\n","protected":false},"excerpt":{"rendered":"<style id=\"filter-inline-css-2\">#ymc-smart-filter-container-2 .filter-layout1 .filter-entry .filter-link, #ymc-extra-filter-2 .filter-layout1 .filter-entry .filter-link { color:#2c384d;}#ymc-smart-filter-container-2 .filter-layout1 .filter-entry .filter-link, #ymc-extra-filter-2 .filter-layout1 .filter-entry .filter-link { background-color:#ffffff;}#ymc-smart-filter-container-2 .filter-layout1 .filter-entry .filter-link.active, #ymc-extra-filter-2 .filter-layout1 .filter-entry .filter-link.active { color:#2c384d;}<\/style><div id=\"ymc-smart-filter-container-2\" \r\n\t\t\t\t  class=\"ymc-smart-filter-container ymc-filter-5120 ymc-loaded-filter ymc-filter-layout1 ymc-post-custom-layout ymc-pagination-load-more data-target-ymc5120-2 data-target-ymc2 \" data-loading=\"true\"\r\n\t\t\t\t  data-params='{\"cpt\":\"project\",\"tax\":\"project_category\",\"terms\":\"239,241,243,238,242,240,237\",\"default_terms\":\"\",\"exclude_posts\":\"off\",\"choices_posts\":\"\",\"posts_selected\":\"all\",\"preloader_icon\":\"preloader\",\"type_pg\":\"load-more\",\"per_page\":\"25\",\"page\":\"1\",\"page_scroll\":\"1\",\"preloader_filters\":\"none\",\"preloader_filters_rate\":\"0.5\",\"preloader_filters_custom\":\"\",\"post_animation\":\"\",\"popup_animation\":\"\",\"letter\":\"\",\"post_layout\":\"post-custom-layout\",\"filter_layout\":\"filter-layout1\",\"filter_id\":\"5120\",\"search\":\"\",\"search_filtered_posts\":\"0\",\"carousel_params\":&quot;&quot;,\"filter_date\":\"\",\"sort_order\":\"\",\"sort_orderby\":\"\",\"meta_key\":\"\",\"meta_query\":\"\",\"date_query\":\"\",\"data_target\":\"data-target-ymc2\",\"target_id\":\"2\",\"page_id\":\"0\"}'>\r\n<div id=\"filter-layout1-2\" class=\"filter-layout filter-layout1 filter-layout1-5120 filter-layout1-5120-2\">\r\n\r\n\t\r\n    <ul class=\"filter-entry\">\r\n\r\n\t\t<li class=\"filter-item\">\r\n                      <a class=\"filter-link all active\" aria-label=\"All\" role=\"button\" data-selected=\"all\" data-termid=\"239,241,243,238,242,240,237\">All<\/a><\/li><li class='filter-item '>\r\n\t\t\t\t\t     <a class='filter-link     ' style='' aria-label='Codium' role='button' data-selected='codium' data-termid='239'><span class=\"link-inner\">Codium<\/span><\/a><\/li><li class='filter-item '>\r\n\t\t\t\t\t     <a class='filter-link     ' style='' aria-label='Espagueti de mar' role='button' data-selected='espagueti-de-mar' data-termid='241'><span class=\"link-inner\">Espagueti de mar<\/span><\/a><\/li><li class='filter-item '>\r\n\t\t\t\t\t     <a class='filter-link   isDisabled  ' style='' aria-label='Gracilaria' role='button' data-selected='gracilaria' data-termid='243'><span class=\"link-inner\">Gracilaria<\/span><\/a><\/li><li class='filter-item '>\r\n\t\t\t\t\t     <a class='filter-link     ' style='' aria-label='Kombu' role='button' data-selected='kombu' data-termid='238'><span class=\"link-inner\">Kombu<\/span><\/a><\/li><li class='filter-item '>\r\n\t\t\t\t\t     <a class='filter-link     ' style='' aria-label='Lechuga de mar' role='button' data-selected='lechuga-de-mar' data-termid='242'><span class=\"link-inner\">Lechuga de mar<\/span><\/a><\/li><li class='filter-item '>\r\n\t\t\t\t\t     <a class='filter-link   isDisabled  ' style='' aria-label='Trufa de mar' role='button' data-selected='trufa-de-mar' data-termid='240'><span class=\"link-inner\">Trufa de mar<\/span><\/a><\/li><li class='filter-item '>\r\n\t\t\t\t\t     <a class='filter-link     ' style='' aria-label='Wakame' role='button' data-selected='wakame' data-termid='237'><span class=\"link-inner\">Wakame<\/span><\/a><\/li>\r\n\t<\/ul>\r\n\r\n    <div class=\"posts-found\"><\/div>\r\n\r\n    \r\n<\/div>\r\n\r\n\r\n\r\n<div class=\"container-posts container-post-custom-layout\"><div class=\"post-entry ymc-xs-col-1 ymc-sm-col-2 ymc-md-col-3 ymc-lg-col-4 ymc-xl-col-4 ymc-xxl-col-4 post-custom-layout post-custom-layout-5120 post-custom-layout-5120-2\"><\/div><\/div><\/div>\n","protected":false},"author":2,"featured_media":0,"parent":0,"menu_order":0,"comment_status":"closed","ping_status":"closed","template":"","meta":{"_et_pb_use_builder":"on","_et_pb_old_content":"","_et_gb_content_width":"","_joinchat":[],"footnotes":""},"class_list":["post-4588","page","type-page","status-publish","hentry"],"yoast_head":"<!-- This site is optimized with the Yoast SEO plugin v26.3 - https:\/\/yoast.com\/wordpress\/plugins\/seo\/ -->\n<title>D\u00e9couvrez les recettes aux algues de\u3010Captain Seaweed\u3011.<\/title>\n<meta name=\"description\" content=\"D\u00e9couvrez des recettes \u00e0 base d&#039;algues : salade de wakame, quiche \u00e0 la laitue de mer, salpicon de poisson et de codium, salade de spaghettis de mer, et bien d&#039;autres encore.\" \/>\n<meta name=\"robots\" content=\"index, follow, max-snippet:-1, max-image-preview:large, max-video-preview:-1\" \/>\n<link rel=\"canonical\" href=\"https:\/\/capitanalga.es\/fr\/toutes-les-recettes\/\" \/>\n<meta property=\"og:locale\" content=\"fr_FR\" \/>\n<meta property=\"og:type\" content=\"article\" \/>\n<meta property=\"og:title\" content=\"D\u00e9couvrez les recettes aux algues de\u3010Captain Seaweed\u3011.\" \/>\n<meta property=\"og:description\" content=\"D\u00e9couvrez des recettes \u00e0 base d&#039;algues : salade de wakame, quiche \u00e0 la laitue de mer, salpicon de poisson et de codium, salade de spaghettis de mer, et bien d&#039;autres encore.\" \/>\n<meta property=\"og:url\" content=\"https:\/\/capitanalga.es\/fr\/toutes-les-recettes\/\" \/>\n<meta property=\"og:site_name\" content=\"Capit\u00e1n Alga\" \/>\n<meta property=\"article:publisher\" content=\"https:\/\/www.facebook.com\/capitanalga\/\" \/>\n<meta property=\"article:modified_time\" content=\"2023-05-01T05:08:59+00:00\" \/>\n<meta property=\"og:image\" content=\"https:\/\/capitanalga.es\/wp-content\/uploads\/2020\/04\/Filtros.svg\" \/>\n<meta name=\"twitter:card\" content=\"summary_large_image\" \/>\n<meta name=\"twitter:site\" content=\"@VCapitanalga\" \/>\n<meta name=\"twitter:label1\" content=\"Dur\u00e9e de lecture estim\u00e9e\" \/>\n\t<meta name=\"twitter:data1\" content=\"1 minute\" \/>\n<script type=\"application\/ld+json\" class=\"yoast-schema-graph\">{\"@context\":\"https:\/\/schema.org\",\"@graph\":[{\"@type\":\"WebPage\",\"@id\":\"https:\/\/capitanalga.es\/fr\/toutes-les-recettes\/\",\"url\":\"https:\/\/capitanalga.es\/fr\/toutes-les-recettes\/\",\"name\":\"D\u00e9couvrez les recettes aux algues de\u3010Captain Seaweed\u3011.\",\"isPartOf\":{\"@id\":\"https:\/\/capitanalga.es\/fr\/#website\"},\"primaryImageOfPage\":{\"@id\":\"https:\/\/capitanalga.es\/fr\/toutes-les-recettes\/#primaryimage\"},\"image\":{\"@id\":\"https:\/\/capitanalga.es\/fr\/toutes-les-recettes\/#primaryimage\"},\"thumbnailUrl\":\"https:\/\/capitanalga.es\/wp-content\/uploads\/2020\/04\/Filtros.svg\",\"datePublished\":\"2020-04-16T11:52:06+00:00\",\"dateModified\":\"2023-05-01T05:08:59+00:00\",\"description\":\"D\u00e9couvrez des recettes \u00e0 base d'algues : salade de wakame, quiche \u00e0 la laitue de mer, salpicon de poisson et de codium, salade de spaghettis de mer, et bien d'autres encore.\",\"breadcrumb\":{\"@id\":\"https:\/\/capitanalga.es\/fr\/toutes-les-recettes\/#breadcrumb\"},\"inLanguage\":\"fr-FR\",\"potentialAction\":[{\"@type\":\"ReadAction\",\"target\":[\"https:\/\/capitanalga.es\/fr\/toutes-les-recettes\/\"]}]},{\"@type\":\"ImageObject\",\"inLanguage\":\"fr-FR\",\"@id\":\"https:\/\/capitanalga.es\/fr\/toutes-les-recettes\/#primaryimage\",\"url\":\"https:\/\/capitanalga.es\/wp-content\/uploads\/2020\/04\/Filtros.svg\",\"contentUrl\":\"https:\/\/capitanalga.es\/wp-content\/uploads\/2020\/04\/Filtros.svg\"},{\"@type\":\"BreadcrumbList\",\"@id\":\"https:\/\/capitanalga.es\/fr\/toutes-les-recettes\/#breadcrumb\",\"itemListElement\":[{\"@type\":\"ListItem\",\"position\":1,\"name\":\"Portada\",\"item\":\"https:\/\/capitanalga.es\/fr\/inicio\/\"},{\"@type\":\"ListItem\",\"position\":2,\"name\":\"Recettes \u00e0 base d&rsquo;algues\"}]},{\"@type\":\"WebSite\",\"@id\":\"https:\/\/capitanalga.es\/fr\/#website\",\"url\":\"https:\/\/capitanalga.es\/fr\/\",\"name\":\"Capit\u00e1n Alga\",\"description\":\"Capit\u00e1n Alga es el sue\u00f1o de un equipo apasionado por el mar y por las algas.\",\"potentialAction\":[{\"@type\":\"SearchAction\",\"target\":{\"@type\":\"EntryPoint\",\"urlTemplate\":\"https:\/\/capitanalga.es\/fr\/?s={search_term_string}\"},\"query-input\":{\"@type\":\"PropertyValueSpecification\",\"valueRequired\":true,\"valueName\":\"search_term_string\"}}],\"inLanguage\":\"fr-FR\"}]}<\/script>\n<!-- \/ Yoast SEO plugin. -->","yoast_head_json":{"title":"D\u00e9couvrez les recettes aux algues de\u3010Captain Seaweed\u3011.","description":"D\u00e9couvrez des recettes \u00e0 base d'algues : salade de wakame, quiche \u00e0 la laitue de mer, salpicon de poisson et de codium, salade de spaghettis de mer, et bien d'autres encore.","robots":{"index":"index","follow":"follow","max-snippet":"max-snippet:-1","max-image-preview":"max-image-preview:large","max-video-preview":"max-video-preview:-1"},"canonical":"https:\/\/capitanalga.es\/fr\/toutes-les-recettes\/","og_locale":"fr_FR","og_type":"article","og_title":"D\u00e9couvrez les recettes aux algues de\u3010Captain Seaweed\u3011.","og_description":"D\u00e9couvrez des recettes \u00e0 base d'algues : salade de wakame, quiche \u00e0 la laitue de mer, salpicon de poisson et de codium, salade de spaghettis de mer, et bien d'autres encore.","og_url":"https:\/\/capitanalga.es\/fr\/toutes-les-recettes\/","og_site_name":"Capit\u00e1n Alga","article_publisher":"https:\/\/www.facebook.com\/capitanalga\/","article_modified_time":"2023-05-01T05:08:59+00:00","og_image":[{"url":"https:\/\/capitanalga.es\/wp-content\/uploads\/2020\/04\/Filtros.svg","type":"","width":"","height":""}],"twitter_card":"summary_large_image","twitter_site":"@VCapitanalga","twitter_misc":{"Dur\u00e9e de lecture estim\u00e9e":"1 minute"},"schema":{"@context":"https:\/\/schema.org","@graph":[{"@type":"WebPage","@id":"https:\/\/capitanalga.es\/fr\/toutes-les-recettes\/","url":"https:\/\/capitanalga.es\/fr\/toutes-les-recettes\/","name":"D\u00e9couvrez les recettes aux algues de\u3010Captain Seaweed\u3011.","isPartOf":{"@id":"https:\/\/capitanalga.es\/fr\/#website"},"primaryImageOfPage":{"@id":"https:\/\/capitanalga.es\/fr\/toutes-les-recettes\/#primaryimage"},"image":{"@id":"https:\/\/capitanalga.es\/fr\/toutes-les-recettes\/#primaryimage"},"thumbnailUrl":"https:\/\/capitanalga.es\/wp-content\/uploads\/2020\/04\/Filtros.svg","datePublished":"2020-04-16T11:52:06+00:00","dateModified":"2023-05-01T05:08:59+00:00","description":"D\u00e9couvrez des recettes \u00e0 base d'algues : salade de wakame, quiche \u00e0 la laitue de mer, salpicon de poisson et de codium, salade de spaghettis de mer, et bien d'autres encore.","breadcrumb":{"@id":"https:\/\/capitanalga.es\/fr\/toutes-les-recettes\/#breadcrumb"},"inLanguage":"fr-FR","potentialAction":[{"@type":"ReadAction","target":["https:\/\/capitanalga.es\/fr\/toutes-les-recettes\/"]}]},{"@type":"ImageObject","inLanguage":"fr-FR","@id":"https:\/\/capitanalga.es\/fr\/toutes-les-recettes\/#primaryimage","url":"https:\/\/capitanalga.es\/wp-content\/uploads\/2020\/04\/Filtros.svg","contentUrl":"https:\/\/capitanalga.es\/wp-content\/uploads\/2020\/04\/Filtros.svg"},{"@type":"BreadcrumbList","@id":"https:\/\/capitanalga.es\/fr\/toutes-les-recettes\/#breadcrumb","itemListElement":[{"@type":"ListItem","position":1,"name":"Portada","item":"https:\/\/capitanalga.es\/fr\/inicio\/"},{"@type":"ListItem","position":2,"name":"Recettes \u00e0 base d&rsquo;algues"}]},{"@type":"WebSite","@id":"https:\/\/capitanalga.es\/fr\/#website","url":"https:\/\/capitanalga.es\/fr\/","name":"Capit\u00e1n Alga","description":"Capit\u00e1n Alga es el sue\u00f1o de un equipo apasionado por el mar y por las algas.","potentialAction":[{"@type":"SearchAction","target":{"@type":"EntryPoint","urlTemplate":"https:\/\/capitanalga.es\/fr\/?s={search_term_string}"},"query-input":{"@type":"PropertyValueSpecification","valueRequired":true,"valueName":"search_term_string"}}],"inLanguage":"fr-FR"}]}},"_links":{"self":[{"href":"https:\/\/capitanalga.es\/fr\/wp-json\/wp\/v2\/pages\/4588","targetHints":{"allow":["GET"]}}],"collection":[{"href":"https:\/\/capitanalga.es\/fr\/wp-json\/wp\/v2\/pages"}],"about":[{"href":"https:\/\/capitanalga.es\/fr\/wp-json\/wp\/v2\/types\/page"}],"author":[{"embeddable":true,"href":"https:\/\/capitanalga.es\/fr\/wp-json\/wp\/v2\/users\/2"}],"replies":[{"embeddable":true,"href":"https:\/\/capitanalga.es\/fr\/wp-json\/wp\/v2\/comments?post=4588"}],"version-history":[{"count":16,"href":"https:\/\/capitanalga.es\/fr\/wp-json\/wp\/v2\/pages\/4588\/revisions"}],"predecessor-version":[{"id":5130,"href":"https:\/\/capitanalga.es\/fr\/wp-json\/wp\/v2\/pages\/4588\/revisions\/5130"}],"wp:attachment":[{"href":"https:\/\/capitanalga.es\/fr\/wp-json\/wp\/v2\/media?parent=4588"}],"curies":[{"name":"wp","href":"https:\/\/api.w.org\/{rel}","templated":true}]}}