{"id":4602,"date":"2020-04-17T15:49:55","date_gmt":"2020-04-17T13:49:55","guid":{"rendered":"https:\/\/capitanalga.es\/guide-dachat\/"},"modified":"2023-04-09T22:16:49","modified_gmt":"2023-04-09T20:16:49","slug":"guide-dachat","status":"publish","type":"page","link":"https:\/\/capitanalga.es\/fr\/guide-dachat\/","title":{"rendered":"Guide d&rsquo;achat"},"content":{"rendered":"<p>[et_pb_section fb_built=\u00a0\u00bb1&Prime; _builder_version=\u00a0\u00bb3.22&Prime;][et_pb_row _builder_version=\u00a0\u00bb3.25&Prime; background_size=\u00a0\u00bbinitial\u00a0\u00bb background_position=\u00a0\u00bbtop_left\u00a0\u00bb background_repeat=\u00a0\u00bbrepeat\u00a0\u00bb][et_pb_column type=\u00a0\u00bb4_4&Prime; _builder_version=\u00a0\u00bb3.25&Prime; custom_padding=\u00a0\u00bb|||\u00a0\u00bb custom_padding__hover=\u00a0\u00bb|||\u00a0\u00bb][et_pb_text _builder_version=\u00a0\u00bb3.27.4&Prime; background_size=\u00a0\u00bbinitial\u00a0\u00bb background_position=\u00a0\u00bbtop_left\u00a0\u00bb background_repeat=\u00a0\u00bbrepeat\u00a0\u00bb]Conditions de vente CAPIT\u00c1N ALGA HQ SEAWEED S.L. AVEC CIF B 94153509 ET AVEC ADRESSE INDUSTRIELLE A AVENIDA AEROPUERTO 45 BAJO B, 36206 VIGO, PONTEVEDRA Conform\u00e9ment aux dispositions de la loi 15\/1999 sur la protection des donn\u00e9es \u00e0 caract\u00e8re personnel, nous vous informons que vos donn\u00e9es personnelles seront incorpor\u00e9es \u00e0 un fichier automatis\u00e9 sous la responsabilit\u00e9 de CAPIT\u00c1N ALGA HQ SEAWEED S.L. afin de pouvoir respecter les engagements d\u00e9coulant de la relation que nous entretenons avec vous. Vous pouvez exercer vos droits d&rsquo;acc\u00e8s, d&rsquo;annulation, de rectification et d&rsquo;opposition en \u00e9crivant \u00e0 l&rsquo;adresse AVENIDA AEROPUERTO 45 BAJO B, 36206 VIGO, PONTEVEDRA. Si vous ne nous informez pas du contraire dans les 30 jours, nous consid\u00e9rerons que les donn\u00e9es n&rsquo;ont pas \u00e9t\u00e9 modifi\u00e9es, que vous vous engagez \u00e0 nous notifier toute modification et que nous avons votre consentement pour les utiliser dans le but de maintenir la relation entre les parties, ainsi que pour pouvoir vous envoyer de la publicit\u00e9 par courrier \u00e9lectronique.<\/p>\n<p>&nbsp;<\/p>\n<h3>1. PROCESSUS DE COMMANDE<\/h3>\n<p>Pour proc\u00e9der \u00e0 l&rsquo;achat de nos produits par le biais de notre boutique en ligne, il est indispensable de s&rsquo;inscrire dans celle-ci et d&rsquo;introduire toutes les donn\u00e9es requises. La boutique en ligne est con\u00e7ue et destin\u00e9e \u00e0 un public non professionnel, si vous \u00eates une entreprise, contactez-nous par le biais de nos canaux de contact (email : <a class=\"email\" href=\"mailto:info@capitanalga.es\">info@capitanalga.es<\/a>, T\u00e9l\u00e9phone : 986630577) pour conna\u00eetre nos m\u00e9thodes de travail et nos tarifs professionnels. Il n&rsquo;y a pas de minimum d&rsquo;achat dans la boutique. Les commandes sont re\u00e7ues du lundi au jeudi. En raison de notre m\u00e9thode de travail et afin de conserver la fra\u00eecheur du produit, nous collectons les produits quotidiennement, nous ne stockons pas, nous collectons donc les commandes jusqu&rsquo;\u00e0 11 heures du matin, afin de laisser \u00e0 notre personnel le temps n\u00e9cessaire pour collecter et emballer tous les produits. Toute commande pass\u00e9e apr\u00e8s 11 heures sera plac\u00e9e le jour ouvrable suivant. Les commandes pass\u00e9es apr\u00e8s 11 heures le jeudi seront pr\u00e9par\u00e9es le lundi suivant ou le jour ouvrable si le lundi est un jour f\u00e9ri\u00e9. Une fois que vous avez choisi le transporteur, vous pouvez opter pour le service froid de notre transporteur, ou localiser sur notre site web le point de vente le plus proche, ou si vous \u00eates dans la province de Pontevedra, le syst\u00e8me vous proposera l&rsquo;enl\u00e8vement dans nos installations. Le service de collecte en magasin est gratuit. Si vous choisissez la collecte en magasin, sachez que nos heures d&rsquo;ouverture sont du lundi au vendredi de 9h30 \u00e0 18h30. Pendant ces heures, vous pouvez venir chercher votre commande dans nos locaux.<\/p>\n<p>&nbsp;<\/p>\n<h3>2. LES FRAIS DE PORT QUE NOUS VOUS FACTURONS SONT LES SUIVANTS :<\/h3>\n<p style=\"padding-left: 40px;\">&#8211; De 0\u20ac \u00e0 83,20 \u20ac d&rsquo;achat hors TVA, nous facturons 7,9 \u20ac de frais de port pour la p\u00e9ninsule et 18,9 \u20ac pour les Bal\u00e9ares, les Canaries, Ceuta et Melilla.<\/p>\n<p style=\"padding-left: 40px;\">&#8211; A partir de 83,20 \u20ac d&rsquo;achat HT, les frais de port seront gratuits.vers la p\u00e9ninsule 120 \u20ac vers les Bal\u00e9ares, les Canaries, Ceuta et Melilla.<\/p>\n<p>Lors du processus de paiement pour fermer le panier, vous pourrez choisir entre :<\/p>\n<p style=\"padding-left: 40px;\">&#8211; Le paiement par carte, que vous effectuerez par l&rsquo;interm\u00e9diaire de la plateforme de paiement et la commande sera pass\u00e9e une fois que la plateforme aura confirm\u00e9 le paiement, un processus qui prend quelques minutes. Les factures sont envoy\u00e9es par courrier \u00e9lectronique. Il est de la responsabilit\u00e9 du client d&rsquo;informer et de maintenir \u00e0 jour son adresse \u00e9lectronique afin de recevoir les factures.<\/p>\n<p>&nbsp;<\/p>\n<h3>3. R\u00c9CEPTION DES MARCHANDISES<\/h3>\n<p>Il est essentiel qu&rsquo;au moment de la r\u00e9ception des marchandises soit indiqu\u00e9 sur le bon de livraison qui est sign\u00e9 au transporteur, tout incident qui peut \u00eatre dans l&rsquo;\u00e9tat de celui-ci ou de l&#8217;emballage et est communiqu\u00e9 \u00e0 CAPIT\u00c1N ALGA HQ SEAWEED SL par e-mail :  <a class=\"email\" href=\"mailto:info@capitanlaga.es\">info@capitanlaga.es<\/a> dans les 24 heures suivant la r\u00e9ception du colis. Si le colis pr\u00e9sente des dommages significatifs avec lesquels on pense que le produit peut \u00eatre affect\u00e9, le colis sera accept\u00e9, en notant son \u00e9tat sur le bon de livraison et CAPIT\u00c1N ALGA HQ SEAWEED S.L. doit \u00eatre notifi\u00e9 imm\u00e9diatement, en joignant des photographies \u00e0 l&rsquo;e-mail <a class=\"email\" href=\"mailto:info@capitanalga.es\">info@capitanalga.es<\/a>.<\/p>\n<p>&nbsp;<\/p>\n<h3>4. RETOUR DES MARCHANDISES\/TERMES ET CONDITIONS DES R\u00c9CLAMATIONS<\/h3>\n<p>Le client dispose d&rsquo;un d\u00e9lai de 48 heures \u00e0 compter de la r\u00e9ception du produit pour envoyer \u00e0 CAPIT\u00c1N ALGA HQ SEAWEED S.L. toute r\u00e9clamation relative au produit fourni. Pass\u00e9 ce d\u00e9lai, les produits seront consid\u00e9r\u00e9s comme conformes par le client. La plainte doit \u00eatre envoy\u00e9e par courrier \u00e9lectronique \u00e0 <a class=\"email\" href=\"mailto:info@capitanalga.es\">info@capitanalga.es<\/a>. CAPIT\u00c1N ALGA HQ SEAWEED S.L. se r\u00e9serve le droit de refuser les retours en cas de marchandises en mauvais \u00e9tat en raison d&rsquo;une utilisation inappropri\u00e9e. Tout produit en mauvais \u00e9tat doit \u00eatre accompagn\u00e9 de photographies attestant de ce mauvais \u00e9tat. En l&rsquo;absence de photographies, aucun remboursement ne sera effectu\u00e9.<\/p>\n<h4 style=\"padding-left: 40px;\">4.1 RETOUR DES MARCHANDISES\/CONDITIONS SP\u00c9CIALES POUR LES UTILISATEURS FINAUX<\/h4>\n<p style=\"padding-left: 40px;\">L&rsquo;utilisateur final est tenu de notifier \u00e0 CAPIT\u00c1N ALGA HQ SEAWEED S.L. son intention de retourner le produit en g\u00e9n\u00e9rant une demande de retour par l&rsquo;envoi d&rsquo;un courrier \u00e9lectronique \u00e0 <a class=\"email\" href=\"mailto:info@capitanalga.es\">info@capitanalga.es<\/a>. Le refus du colis au moment de la livraison du produit n&rsquo;est pas consid\u00e9r\u00e9 comme valable et suffisant. L&rsquo;utilisateur final doit prendre en charge les frais de manutention et d&rsquo;exp\u00e9dition pour le retour du produit en cas de regret. Le retour sera effectu\u00e9 dans les conditions assign\u00e9es et notifi\u00e9es dans l&rsquo;acceptation du retour. Mat\u00e9riel d\u00e9fectueux \u00e0 la r\u00e9ception : Si le mat\u00e9riel est d\u00e9fectueux, une demande de retour doit \u00eatre faite en envoyant un e-mail \u00e0 <a class=\"email\" href=\"mailto:info@capitanalga.es\">info@capitanalga.es<\/a>. Une fois qu&rsquo;un num\u00e9ro de retour a \u00e9t\u00e9 attribu\u00e9, vous recevrez un courrier \u00e9lectronique contenant des instructions sur la mani\u00e8re de r\u00e9soudre l&rsquo;incident. Il est important de toujours accepter le colis m\u00eame si CAPTAIN ALGA HQ SEAWEED S.L. proc\u00e8de alors au remboursement int\u00e9gral du montant d\u00fb. Le renvoi du colis au transporteur entra\u00eenant des frais inutiles, si la marchandise arrive en mauvais \u00e9tat, il est pr\u00e9f\u00e9rable que vous l&rsquo;acceptiez, que vous preniez des photos et que vous la jetiez d\u00e8s que notre service qualit\u00e9 vous le demandera.<\/p>\n<p>&nbsp;<\/p>\n<h3>5. POLITIQUE DE PRIX ET VALIDIT\u00c9 DES OFFRES<\/h3>\n<p>Les offres de CAPIT\u00c1N ALGA HQ SEAWEED S.L. sont valables pendant la p\u00e9riode indiqu\u00e9e dans leurs envois commerciaux, sauf en cas de fin de stock, o\u00f9 la promotion ne sera plus valable. Les prix sont annuels, il n&rsquo;y a g\u00e9n\u00e9ralement pas de variation pendant l&rsquo;ann\u00e9e en cours sauf dans des cas exceptionnels.<\/p>\n<p>&nbsp;<\/p>\n<h3>6. PUBLICIT\u00c9 ET ENVOI D&rsquo;INFORMATIONS<\/h3>\n<p>Conform\u00e9ment aux conditions g\u00e9n\u00e9rales de vente de CAPIT\u00c1N ALGA HQ SEAWEED S.L., nos clients sont inclus dans une base de donn\u00e9es, de sorte que vous recevrez des mailings avec des offres de produits et des nouvelles. Si vous souhaitez exercer votre droit \u00e0 l&rsquo;annulation de ce service, veuillez nous contacter. Dans chaque mailing que vous recevez, vous pouvez vous d\u00e9sinscrire si vous ne souhaitez plus recevoir d&rsquo;offres de CAPIT\u00c1N ALGA HQ SEAWEED S.L. Vous pouvez exercer votre droit \u00e0 l&rsquo;oubli, dans la section client de notre site Web, o\u00f9 vous pouvez effacer compl\u00e8tement toutes vos donn\u00e9es de nos bases de donn\u00e9es et cesser de recevoir des notifications commerciales.<\/p>\n<p>&nbsp;<\/p>\n<h3>7. POLITIQUE EN MATI\u00c8RE DE COOKIES<\/h3>\n<p>Notre site web utilise ses propres cookies pour un meilleur fonctionnement et des cookies de tiers tels que les passerelles de paiement, les r\u00e9seaux sociaux et les statistiques de Google Analytics. Nous ne vendons pas vos donn\u00e9es \u00e0 des tiers. Vous pouvez \u00e0 tout moment savoir dans l&rsquo;espace client \u00e0 qui nous transmettons vos donn\u00e9es et \u00e0 quelles fins les cookies sont utilis\u00e9s, et vous pouvez bloquer l&rsquo;utilisation des cookies sur notre site web.<\/p>\n<p>&nbsp;<\/p>\n<h3>8. ANNULATION OU MODIFICATION DES COMMANDES<\/h3>\n<p>Une fois que nous avons re\u00e7u une commande, nous proc\u00e9dons \u00e0 son ex\u00e9cution et aucune annulation ou modification ne sera accept\u00e9e une fois que la commande a \u00e9t\u00e9 exp\u00e9di\u00e9e. Les exp\u00e9ditions se font \u00e0 partir de 18 heures, si vous avez des changements appelez-nous au 986630577 avant le d\u00e9part de votre produit pour essayer de le r\u00e9soudre.<\/p>\n<p>&nbsp;<\/p>\n<h3>9. LIVRAISON DU PRODUIT<\/h3>\n<p>Le produit est consid\u00e9r\u00e9 comme livr\u00e9 lorsqu&rsquo;il quitte l&rsquo;entrep\u00f4t de CAPIT\u00c1N ALGA HQ SEAWEED S.L. Les d\u00e9lais de livraison du mat\u00e9riel sont donn\u00e9s \u00e0 titre indicatif et ne lient pas CAPIT\u00c1N ALGA HQ SEAWEED S.L. Sauf accord expr\u00e8s et \u00e9crit avec CAPIT\u00c1N ALGA HQ SEAWEED S.L., le Client n&rsquo;a pas le droit de demander l&rsquo;annulation d&rsquo;une commande ou une quelconque compensation (y compris le remboursement des frais de port) en cas de retard dans la livraison du produit. Le Client ne peut refuser de payer le prix des produits d\u00e9j\u00e0 livr\u00e9s lorsqu&rsquo;il y a, de la part de CAPTAIN ALGA HQ SEAWEED SL, livraison partielle d&rsquo;une commande.<\/p>\n<p>&nbsp;<\/p>\n<h3>10. LIMITATION DE LA RESPONSABILIT\u00c9<\/h3>\n<p>La responsabilit\u00e9 de CAPIT\u00c1N ALGA HQ SEAWEED S.L. dans la transaction de vente \u00e0 l&rsquo;\u00e9gard de l&rsquo;acheteur est limit\u00e9e au montant de la facture du produit vendu et \u00e0 celui \u00e9tabli par la l\u00e9gislation applicable en mati\u00e8re de consommation. La responsabilit\u00e9 de CAPIT\u00c1N ALGA HQ SEAWEED S.L. est limit\u00e9e au montant de la facture ; CAPIT\u00c1N ALGA HQ SEAWEED S.L. ne peut \u00eatre tenue responsable de toute perte de profit subie par l&rsquo;acheteur des marchandises.<\/p>\n<p>&nbsp;<\/p>\n<h3>11. NOUVELLE PLATEFORME DE R\u00c9SOLUTION DES LITIGES ENTRE CONSOMMATEURS FINAUX ET COMMER\u00c7ANTS<\/h3>\n<p>\u00ab\u00a0en ligne La Commission europ\u00e9enne ouvre une nouvelle plateforme pour r\u00e9soudre les litiges entre les consommateurs finaux et les d\u00e9taillants en ligne. Il couvrira les march\u00e9s publics nationaux et internationaux. Les r\u00e9solutions se feront en ligne afin d&rsquo;acc\u00e9l\u00e9rer les d\u00e9lais et de r\u00e9duire les co\u00fbts. Plus d&rsquo;informations ici. Acc\u00e8s \u00e0 la plateforme de r\u00e9solution de la Commission europ\u00e9enne.<br \/>\n[\/et_pb_text][\/et_pb_column][\/et_pb_row][\/et_pb_section]<\/p>\n","protected":false},"excerpt":{"rendered":"<p>Conditions de vente CAPIT\u00c1N ALGA HQ SEAWEED S.L. AVEC CIF B 94153509 ET AVEC ADRESSE INDUSTRIELLE A AVENIDA AEROPUERTO 45 BAJO B, 36206 VIGO, PONTEVEDRA Conform\u00e9ment aux dispositions de la loi 15\/1999 sur la protection des donn\u00e9es \u00e0 caract\u00e8re personnel, nous vous informons que vos donn\u00e9es personnelles seront incorpor\u00e9es \u00e0 un fichier automatis\u00e9 sous la [&hellip;]<\/p>\n","protected":false},"author":2,"featured_media":0,"parent":0,"menu_order":0,"comment_status":"closed","ping_status":"closed","template":"","meta":{"_et_pb_use_builder":"on","_et_pb_old_content":"","_et_gb_content_width":"","_joinchat":[],"footnotes":""},"class_list":["post-4602","page","type-page","status-publish","hentry"],"yoast_head":"<!-- This site is optimized with the Yoast SEO plugin v26.3 - https:\/\/yoast.com\/wordpress\/plugins\/seo\/ -->\n<title>Guide d&#039;achat | Capit\u00e1n Alga<\/title>\n<meta name=\"robots\" content=\"noindex, nofollow\" \/>\n<meta property=\"og:locale\" content=\"fr_FR\" \/>\n<meta property=\"og:type\" content=\"article\" \/>\n<meta property=\"og:title\" content=\"Guide d&#039;achat | Capit\u00e1n Alga\" \/>\n<meta property=\"og:url\" content=\"https:\/\/capitanalga.es\/fr\/guide-dachat\/\" \/>\n<meta property=\"og:site_name\" content=\"Capit\u00e1n Alga\" \/>\n<meta property=\"article:publisher\" content=\"https:\/\/www.facebook.com\/capitanalga\/\" \/>\n<meta property=\"article:modified_time\" content=\"2023-04-09T20:16:49+00:00\" \/>\n<meta name=\"twitter:card\" content=\"summary_large_image\" \/>\n<meta name=\"twitter:site\" content=\"@VCapitanalga\" \/>\n<meta name=\"twitter:label1\" content=\"Dur\u00e9e de lecture estim\u00e9e\" \/>\n\t<meta name=\"twitter:data1\" content=\"9 minutes\" \/>\n<script type=\"application\/ld+json\" class=\"yoast-schema-graph\">{\"@context\":\"https:\/\/schema.org\",\"@graph\":[{\"@type\":\"WebPage\",\"@id\":\"https:\/\/capitanalga.es\/fr\/guide-dachat\/\",\"url\":\"https:\/\/capitanalga.es\/fr\/guide-dachat\/\",\"name\":\"Guide d'achat | Capit\u00e1n Alga\",\"isPartOf\":{\"@id\":\"https:\/\/capitanalga.es\/fr\/#website\"},\"datePublished\":\"2020-04-17T13:49:55+00:00\",\"dateModified\":\"2023-04-09T20:16:49+00:00\",\"breadcrumb\":{\"@id\":\"https:\/\/capitanalga.es\/fr\/guide-dachat\/#breadcrumb\"},\"inLanguage\":\"fr-FR\",\"potentialAction\":[{\"@type\":\"ReadAction\",\"target\":[\"https:\/\/capitanalga.es\/fr\/guide-dachat\/\"]}]},{\"@type\":\"BreadcrumbList\",\"@id\":\"https:\/\/capitanalga.es\/fr\/guide-dachat\/#breadcrumb\",\"itemListElement\":[{\"@type\":\"ListItem\",\"position\":1,\"name\":\"Portada\",\"item\":\"https:\/\/capitanalga.es\/fr\/inicio\/\"},{\"@type\":\"ListItem\",\"position\":2,\"name\":\"Guide d&rsquo;achat\"}]},{\"@type\":\"WebSite\",\"@id\":\"https:\/\/capitanalga.es\/fr\/#website\",\"url\":\"https:\/\/capitanalga.es\/fr\/\",\"name\":\"Capit\u00e1n Alga\",\"description\":\"Capit\u00e1n Alga es el sue\u00f1o de un equipo apasionado por el mar y por las algas.\",\"potentialAction\":[{\"@type\":\"SearchAction\",\"target\":{\"@type\":\"EntryPoint\",\"urlTemplate\":\"https:\/\/capitanalga.es\/fr\/?s={search_term_string}\"},\"query-input\":{\"@type\":\"PropertyValueSpecification\",\"valueRequired\":true,\"valueName\":\"search_term_string\"}}],\"inLanguage\":\"fr-FR\"}]}<\/script>\n<!-- \/ Yoast SEO plugin. -->","yoast_head_json":{"title":"Guide d'achat | Capit\u00e1n Alga","robots":{"index":"noindex","follow":"nofollow"},"og_locale":"fr_FR","og_type":"article","og_title":"Guide d'achat | Capit\u00e1n Alga","og_url":"https:\/\/capitanalga.es\/fr\/guide-dachat\/","og_site_name":"Capit\u00e1n Alga","article_publisher":"https:\/\/www.facebook.com\/capitanalga\/","article_modified_time":"2023-04-09T20:16:49+00:00","twitter_card":"summary_large_image","twitter_site":"@VCapitanalga","twitter_misc":{"Dur\u00e9e de lecture estim\u00e9e":"9 minutes"},"schema":{"@context":"https:\/\/schema.org","@graph":[{"@type":"WebPage","@id":"https:\/\/capitanalga.es\/fr\/guide-dachat\/","url":"https:\/\/capitanalga.es\/fr\/guide-dachat\/","name":"Guide d'achat | Capit\u00e1n Alga","isPartOf":{"@id":"https:\/\/capitanalga.es\/fr\/#website"},"datePublished":"2020-04-17T13:49:55+00:00","dateModified":"2023-04-09T20:16:49+00:00","breadcrumb":{"@id":"https:\/\/capitanalga.es\/fr\/guide-dachat\/#breadcrumb"},"inLanguage":"fr-FR","potentialAction":[{"@type":"ReadAction","target":["https:\/\/capitanalga.es\/fr\/guide-dachat\/"]}]},{"@type":"BreadcrumbList","@id":"https:\/\/capitanalga.es\/fr\/guide-dachat\/#breadcrumb","itemListElement":[{"@type":"ListItem","position":1,"name":"Portada","item":"https:\/\/capitanalga.es\/fr\/inicio\/"},{"@type":"ListItem","position":2,"name":"Guide d&rsquo;achat"}]},{"@type":"WebSite","@id":"https:\/\/capitanalga.es\/fr\/#website","url":"https:\/\/capitanalga.es\/fr\/","name":"Capit\u00e1n Alga","description":"Capit\u00e1n Alga es el sue\u00f1o de un equipo apasionado por el mar y por las algas.","potentialAction":[{"@type":"SearchAction","target":{"@type":"EntryPoint","urlTemplate":"https:\/\/capitanalga.es\/fr\/?s={search_term_string}"},"query-input":{"@type":"PropertyValueSpecification","valueRequired":true,"valueName":"search_term_string"}}],"inLanguage":"fr-FR"}]}},"_links":{"self":[{"href":"https:\/\/capitanalga.es\/fr\/wp-json\/wp\/v2\/pages\/4602","targetHints":{"allow":["GET"]}}],"collection":[{"href":"https:\/\/capitanalga.es\/fr\/wp-json\/wp\/v2\/pages"}],"about":[{"href":"https:\/\/capitanalga.es\/fr\/wp-json\/wp\/v2\/types\/page"}],"author":[{"embeddable":true,"href":"https:\/\/capitanalga.es\/fr\/wp-json\/wp\/v2\/users\/2"}],"replies":[{"embeddable":true,"href":"https:\/\/capitanalga.es\/fr\/wp-json\/wp\/v2\/comments?post=4602"}],"version-history":[{"count":1,"href":"https:\/\/capitanalga.es\/fr\/wp-json\/wp\/v2\/pages\/4602\/revisions"}],"predecessor-version":[{"id":4605,"href":"https:\/\/capitanalga.es\/fr\/wp-json\/wp\/v2\/pages\/4602\/revisions\/4605"}],"wp:attachment":[{"href":"https:\/\/capitanalga.es\/fr\/wp-json\/wp\/v2\/media?parent=4602"}],"curies":[{"name":"wp","href":"https:\/\/api.w.org\/{rel}","templated":true}]}}