{"id":4614,"date":"2020-03-10T19:23:09","date_gmt":"2020-03-10T18:23:09","guid":{"rendered":"https:\/\/capitanalga.es\/politique-de-confidentialite-et-cookies\/"},"modified":"2023-04-09T22:16:49","modified_gmt":"2023-04-09T20:16:49","slug":"politique-de-confidentialite-et-cookies","status":"publish","type":"page","link":"https:\/\/capitanalga.es\/fr\/politique-de-confidentialite-et-cookies\/","title":{"rendered":"Politique de confidentialit\u00e9 et cookies"},"content":{"rendered":"&#13;\n<h1 class=\"wp-block-heading\">POLITIQUE DE CONFIDENTIALIT\u00c9<\/h1>&#13;\n<p>El presente Pol\u00edtica de Privacidad establece los t\u00e9rminos en que HQ Seaweed S.L. usa y protege la informaci\u00f3n que es proporcionada por sus usuarios al momento de utilizar su sitio web. Esta compa\u00f1\u00eda est\u00e1 comprometida con la seguridad de los datos de sus usuarios. Cuando le pedimos llenar los campos de informaci\u00f3n personal con la cual usted pueda ser identificado, lo hacemos asegurando que s\u00f3lo se emplear\u00e1 de acuerdo con los t\u00e9rminos de este documento. Sin embargo esta Pol\u00edtica de Privacidad puede cambiar con el tiempo o ser actualizada por lo que le recomendamos y enfatizamos revisar continuamente esta p\u00e1gina para asegurarse que est\u00e1 de acuerdo con dichos cambios.<\/p>&#13;\n<p>\u00a0<\/p>&#13;\n<h2>Informations collect\u00e9es<\/h2>&#13;\n<p>Nuestro sitio web podr\u00e1 recoger informaci\u00f3n personal por ejemplo: Nombre, informaci\u00f3n de contacto como su direcci\u00f3n de correo electr\u00f3nica e informaci\u00f3n demogr\u00e1fica. As\u00ed mismo cuando sea necesario podr\u00e1 ser requerida informaci\u00f3n espec\u00edfica para procesar alg\u00fan pedido o realizar una entrega o facturaci\u00f3n.<\/p>&#13;\n<p>\u00a0<\/p>&#13;\n<h2>Utilisation des informations collect\u00e9es<\/h2>&#13;\n<p><br\/>Nuestro sitio web emplea la informaci\u00f3n con el fin de proporcionar el mejor servicio posible, particularmente para mantener un registro de usuarios, de pedidos en caso que aplique, y mejorar nuestros productos y servicios. Es posible que sean enviados correos electr\u00f3nicos peri\u00f3dicamente a trav\u00e9s de nuestro sitio con ofertas especiales, nuevos productos y otra informaci\u00f3n publicitaria que consideremos relevante para usted o que pueda brindarle alg\u00fan beneficio, estos correos electr\u00f3nicos ser\u00e1n enviados a la direcci\u00f3n que usted proporcione y podr\u00e1n ser cancelados en cualquier momento.<\/p>&#13;\n<p><br\/>HQ Seaweed S.L. est\u00e1 altamente comprometido para cumplir con el compromiso de mantener su informaci\u00f3n segura. Usamos los sistemas m\u00e1s avanzados y los actualizamos constantemente para asegurarnos que no exista ning\u00fan acceso no autorizado.<\/p>&#13;\n<h2><br\/>Droits de l&rsquo;utilisateur<\/h2>&#13;\n<p><br\/>La Ley Orga\u0301nica 15\/1999, de 13 de diciembre, de Proteccio\u0301n de Datos de Cara\u0301cter Personal concede a los interesados la posibilidad de ejercer una serie de derechos relacionados con el tratamiento de sus datos personales.<\/p>&#13;\n<p>En tanto en cuanto los datos del usuario son objeto de tratamiento por parte de HQ Seaweed S.L. Los usuarios podra\u0301n ejercer los derechos de acceso, rectificacio\u0301n, cancelacio\u0301n y oposicio\u0301n de acuerdo con lo previsto en la normativa legal vigente en materia de proteccio\u0301n de datos personales.<\/p>&#13;\n<p>Para hacer uso del ejercicio de estos derechos, el usuario debera\u0301 dirigirse mediante comunicacio\u0301n escrita, aportando documentacio\u0301n que acredite su identidad (DNI o pasaporte), a la siguiente direccio\u0301n: HQ Seaweed S.L., Avenida do aeroporto, 45, bajo B, 36206, Vigo (Pontevedra), Espa\u00f1a. Dicha comunicacio\u0301n debera\u0301 reflejar la siguiente informacio\u0301n: Nombre y apellidos del usuario, la peticio\u0301n de solicitud, el domicilio y los datos acreditativos.<\/p>&#13;\n<p>\u00a0<\/p>&#13;\n<h2>Contr\u00f4le de vos donn\u00e9es personnelles<\/h2>&#13;\n<p><br\/>Esta compa\u00f1\u00eda no vender\u00e1, ceder\u00e1 ni distribuir\u00e1 la informaci\u00f3n personal que es recopilada sin su consentimiento, salvo que sea requerido por un juez con un orden judicial.<\/p>&#13;\n<p><br\/>HQ Seaweed S.L. Se reserva el derecho de cambiar los t\u00e9rminos de la presente Pol\u00edtica de Privacidad en cualquier momento.<\/p>&#13;\n<p>\u00a0<\/p>&#13;\n<h1>POLITIQUE EN MATI\u00c8RE DE COOKIES<\/h1>&#13;\n<p>Nuestra web utiliza cookies propias para el mejor funcionamiento de nuestra web y cookies de terceros como la pasarela de pagos, redes sociales y estad\u00edsticas de Google Analitics. No vendemos sus datos a terceros. Usted podr\u00e1 saber en todo momento desde la secci\u00f3n cliente a quien cedemos sus datos y para que se utilizan las cookies y podr\u00e1 bloquear el uso de ellas en nuestra web.<\/p>&#13;\n","protected":false},"excerpt":{"rendered":"<p>&#13; POLITIQUE DE CONFIDENTIALIT\u00c9 &#13; El presente Pol\u00edtica de Privacidad establece los t\u00e9rminos en que HQ Seaweed S.L. usa y protege la informaci\u00f3n que es proporcionada por sus usuarios al momento de utilizar su sitio web. Esta compa\u00f1\u00eda est\u00e1 comprometida con la seguridad de los datos de sus usuarios. Cuando le pedimos llenar los campos [&hellip;]<\/p>\n","protected":false},"author":1,"featured_media":0,"parent":0,"menu_order":0,"comment_status":"closed","ping_status":"closed","template":"","meta":{"_et_pb_use_builder":"off","_et_pb_old_content":"","_et_gb_content_width":"","_joinchat":[],"footnotes":""},"class_list":["post-4614","page","type-page","status-publish","hentry"],"yoast_head":"<!-- This site is optimized with the Yoast SEO plugin v26.3 - https:\/\/yoast.com\/wordpress\/plugins\/seo\/ -->\n<title>Politique de confidentialit\u00e9 et cookies | Capit\u00e1n Alga<\/title>\n<meta name=\"description\" content=\"&#013; POLITIQUE DE CONFIDENTIALIT\u00c9&#013; El presente Pol\u00edtica de Privacidad establece los t\u00e9rminos en que HQ Seaweed S.L. usa y protege la informaci\u00f3n que\" \/>\n<meta name=\"robots\" content=\"noindex, nofollow\" \/>\n<meta property=\"og:locale\" content=\"fr_FR\" \/>\n<meta property=\"og:type\" content=\"article\" \/>\n<meta property=\"og:title\" content=\"Politique de confidentialit\u00e9 et cookies | Capit\u00e1n Alga\" \/>\n<meta property=\"og:description\" content=\"&#013; POLITIQUE DE CONFIDENTIALIT\u00c9&#013; El presente Pol\u00edtica de Privacidad establece los t\u00e9rminos en que HQ Seaweed S.L. usa y protege la informaci\u00f3n que\" \/>\n<meta property=\"og:url\" content=\"https:\/\/capitanalga.es\/fr\/politique-de-confidentialite-et-cookies\/\" \/>\n<meta property=\"og:site_name\" content=\"Capit\u00e1n Alga\" \/>\n<meta property=\"article:publisher\" content=\"https:\/\/www.facebook.com\/capitanalga\/\" \/>\n<meta property=\"article:modified_time\" content=\"2023-04-09T20:16:49+00:00\" \/>\n<meta name=\"twitter:card\" content=\"summary_large_image\" \/>\n<meta name=\"twitter:site\" content=\"@VCapitanalga\" \/>\n<meta name=\"twitter:label1\" content=\"Dur\u00e9e de lecture estim\u00e9e\" \/>\n\t<meta name=\"twitter:data1\" content=\"3 minutes\" \/>\n<script type=\"application\/ld+json\" class=\"yoast-schema-graph\">{\"@context\":\"https:\/\/schema.org\",\"@graph\":[{\"@type\":\"WebPage\",\"@id\":\"https:\/\/capitanalga.es\/fr\/politique-de-confidentialite-et-cookies\/\",\"url\":\"https:\/\/capitanalga.es\/fr\/politique-de-confidentialite-et-cookies\/\",\"name\":\"Politique de confidentialit\u00e9 et cookies | Capit\u00e1n Alga\",\"isPartOf\":{\"@id\":\"https:\/\/capitanalga.es\/fr\/#website\"},\"datePublished\":\"2020-03-10T18:23:09+00:00\",\"dateModified\":\"2023-04-09T20:16:49+00:00\",\"description\":\"&#13; POLITIQUE DE CONFIDENTIALIT\u00c9&#13; El presente Pol\u00edtica de Privacidad establece los t\u00e9rminos en que HQ Seaweed S.L. usa y protege la informaci\u00f3n que\",\"breadcrumb\":{\"@id\":\"https:\/\/capitanalga.es\/fr\/politique-de-confidentialite-et-cookies\/#breadcrumb\"},\"inLanguage\":\"fr-FR\",\"potentialAction\":[{\"@type\":\"ReadAction\",\"target\":[\"https:\/\/capitanalga.es\/fr\/politique-de-confidentialite-et-cookies\/\"]}]},{\"@type\":\"BreadcrumbList\",\"@id\":\"https:\/\/capitanalga.es\/fr\/politique-de-confidentialite-et-cookies\/#breadcrumb\",\"itemListElement\":[{\"@type\":\"ListItem\",\"position\":1,\"name\":\"Portada\",\"item\":\"https:\/\/capitanalga.es\/fr\/inicio\/\"},{\"@type\":\"ListItem\",\"position\":2,\"name\":\"Politique de confidentialit\u00e9 et cookies\"}]},{\"@type\":\"WebSite\",\"@id\":\"https:\/\/capitanalga.es\/fr\/#website\",\"url\":\"https:\/\/capitanalga.es\/fr\/\",\"name\":\"Capit\u00e1n Alga\",\"description\":\"Capit\u00e1n Alga es el sue\u00f1o de un equipo apasionado por el mar y por las algas.\",\"potentialAction\":[{\"@type\":\"SearchAction\",\"target\":{\"@type\":\"EntryPoint\",\"urlTemplate\":\"https:\/\/capitanalga.es\/fr\/?s={search_term_string}\"},\"query-input\":{\"@type\":\"PropertyValueSpecification\",\"valueRequired\":true,\"valueName\":\"search_term_string\"}}],\"inLanguage\":\"fr-FR\"}]}<\/script>\n<!-- \/ Yoast SEO plugin. -->","yoast_head_json":{"title":"Politique de confidentialit\u00e9 et cookies | Capit\u00e1n Alga","description":"&#13; POLITIQUE DE CONFIDENTIALIT\u00c9&#13; El presente Pol\u00edtica de Privacidad establece los t\u00e9rminos en que HQ Seaweed S.L. usa y protege la informaci\u00f3n que","robots":{"index":"noindex","follow":"nofollow"},"og_locale":"fr_FR","og_type":"article","og_title":"Politique de confidentialit\u00e9 et cookies | Capit\u00e1n Alga","og_description":"&#13; POLITIQUE DE CONFIDENTIALIT\u00c9&#13; El presente Pol\u00edtica de Privacidad establece los t\u00e9rminos en que HQ Seaweed S.L. usa y protege la informaci\u00f3n que","og_url":"https:\/\/capitanalga.es\/fr\/politique-de-confidentialite-et-cookies\/","og_site_name":"Capit\u00e1n Alga","article_publisher":"https:\/\/www.facebook.com\/capitanalga\/","article_modified_time":"2023-04-09T20:16:49+00:00","twitter_card":"summary_large_image","twitter_site":"@VCapitanalga","twitter_misc":{"Dur\u00e9e de lecture estim\u00e9e":"3 minutes"},"schema":{"@context":"https:\/\/schema.org","@graph":[{"@type":"WebPage","@id":"https:\/\/capitanalga.es\/fr\/politique-de-confidentialite-et-cookies\/","url":"https:\/\/capitanalga.es\/fr\/politique-de-confidentialite-et-cookies\/","name":"Politique de confidentialit\u00e9 et cookies | Capit\u00e1n Alga","isPartOf":{"@id":"https:\/\/capitanalga.es\/fr\/#website"},"datePublished":"2020-03-10T18:23:09+00:00","dateModified":"2023-04-09T20:16:49+00:00","description":"&#13; POLITIQUE DE CONFIDENTIALIT\u00c9&#13; El presente Pol\u00edtica de Privacidad establece los t\u00e9rminos en que HQ Seaweed S.L. usa y protege la informaci\u00f3n que","breadcrumb":{"@id":"https:\/\/capitanalga.es\/fr\/politique-de-confidentialite-et-cookies\/#breadcrumb"},"inLanguage":"fr-FR","potentialAction":[{"@type":"ReadAction","target":["https:\/\/capitanalga.es\/fr\/politique-de-confidentialite-et-cookies\/"]}]},{"@type":"BreadcrumbList","@id":"https:\/\/capitanalga.es\/fr\/politique-de-confidentialite-et-cookies\/#breadcrumb","itemListElement":[{"@type":"ListItem","position":1,"name":"Portada","item":"https:\/\/capitanalga.es\/fr\/inicio\/"},{"@type":"ListItem","position":2,"name":"Politique de confidentialit\u00e9 et cookies"}]},{"@type":"WebSite","@id":"https:\/\/capitanalga.es\/fr\/#website","url":"https:\/\/capitanalga.es\/fr\/","name":"Capit\u00e1n Alga","description":"Capit\u00e1n Alga es el sue\u00f1o de un equipo apasionado por el mar y por las algas.","potentialAction":[{"@type":"SearchAction","target":{"@type":"EntryPoint","urlTemplate":"https:\/\/capitanalga.es\/fr\/?s={search_term_string}"},"query-input":{"@type":"PropertyValueSpecification","valueRequired":true,"valueName":"search_term_string"}}],"inLanguage":"fr-FR"}]}},"_links":{"self":[{"href":"https:\/\/capitanalga.es\/fr\/wp-json\/wp\/v2\/pages\/4614","targetHints":{"allow":["GET"]}}],"collection":[{"href":"https:\/\/capitanalga.es\/fr\/wp-json\/wp\/v2\/pages"}],"about":[{"href":"https:\/\/capitanalga.es\/fr\/wp-json\/wp\/v2\/types\/page"}],"author":[{"embeddable":true,"href":"https:\/\/capitanalga.es\/fr\/wp-json\/wp\/v2\/users\/1"}],"replies":[{"embeddable":true,"href":"https:\/\/capitanalga.es\/fr\/wp-json\/wp\/v2\/comments?post=4614"}],"version-history":[{"count":1,"href":"https:\/\/capitanalga.es\/fr\/wp-json\/wp\/v2\/pages\/4614\/revisions"}],"predecessor-version":[{"id":4616,"href":"https:\/\/capitanalga.es\/fr\/wp-json\/wp\/v2\/pages\/4614\/revisions\/4616"}],"wp:attachment":[{"href":"https:\/\/capitanalga.es\/fr\/wp-json\/wp\/v2\/media?parent=4614"}],"curies":[{"name":"wp","href":"https:\/\/api.w.org\/{rel}","templated":true}]}}