{"id":5726,"date":"2024-04-11T11:35:29","date_gmt":"2024-04-11T09:35:29","guid":{"rendered":"https:\/\/capitanalga.es\/?post_type=product&#038;p=5726"},"modified":"2024-12-16T11:36:44","modified_gmt":"2024-12-16T10:36:44","slug":"perlas-de-wasabi-180-g","status":"publish","type":"product","link":"https:\/\/capitanalga.es\/fr\/producto\/perlas-de-wasabi-180-g\/","title":{"rendered":"Perlas de Wasabi &#8211; 180g"},"content":{"rendered":"<p>[et_pb_section fb_built=\u00a0\u00bb1&Prime; _builder_version=\u00a0\u00bb4.16&Prime; custom_padding=\u00a0\u00bb0px||||false|false\u00a0\u00bb global_colors_info=\u00a0\u00bb{}\u00a0\u00bb][et_pb_row _builder_version=\u00a0\u00bb4.16&Prime; background_size=\u00a0\u00bbinitial\u00a0\u00bb background_position=\u00a0\u00bbtop_left\u00a0\u00bb background_repeat=\u00a0\u00bbrepeat\u00a0\u00bb width=\u00a0\u00bb100%\u00a0\u00bb custom_padding=\u00a0\u00bb0px||0px||false|false\u00a0\u00bb global_colors_info=\u00a0\u00bb{}\u00a0\u00bb locked=\u00a0\u00bboff\u00a0\u00bb][et_pb_column type=\u00a0\u00bb4_4&Prime; _builder_version=\u00a0\u00bb4.16&Prime; custom_padding=\u00a0\u00bb|||\u00a0\u00bb global_colors_info=\u00a0\u00bb{}\u00a0\u00bb custom_padding__hover=\u00a0\u00bb|||\u00a0\u00bb][et_pb_wc_cart_notice _builder_version=\u00a0\u00bb4.16&Prime; custom_button=\u00a0\u00bbon\u00a0\u00bb border_color_all=\u00a0\u00bb#d2ff57&Prime; global_colors_info=\u00a0\u00bb{}\u00a0\u00bb][\/et_pb_wc_cart_notice][\/et_pb_column][\/et_pb_row][et_pb_row column_structure=\u00a0\u00bb1_2,1_2&Prime; _builder_version=\u00a0\u00bb4.16&Prime; background_size=\u00a0\u00bbinitial\u00a0\u00bb background_position=\u00a0\u00bbtop_left\u00a0\u00bb background_repeat=\u00a0\u00bbrepeat\u00a0\u00bb width=\u00a0\u00bb100%\u00a0\u00bb custom_padding=\u00a0\u00bb0px||||false|false\u00a0\u00bb global_colors_info=\u00a0\u00bb{}\u00a0\u00bb][et_pb_column type=\u00a0\u00bb1_2&Prime; _builder_version=\u00a0\u00bb4.16&Prime; custom_padding=\u00a0\u00bb|||\u00a0\u00bb global_colors_info=\u00a0\u00bb{}\u00a0\u00bb custom_padding__hover=\u00a0\u00bb|||\u00a0\u00bb][et_pb_wc_images _builder_version=\u00a0\u00bb4.16&Prime; global_colors_info=\u00a0\u00bb{}\u00a0\u00bb][\/et_pb_wc_images][\/et_pb_column][et_pb_column type=\u00a0\u00bb1_2&Prime; _builder_version=\u00a0\u00bb4.16&Prime; custom_padding=\u00a0\u00bb|||\u00a0\u00bb global_colors_info=\u00a0\u00bb{}\u00a0\u00bb custom_padding__hover=\u00a0\u00bb|||\u00a0\u00bb][et_pb_wc_title _builder_version=\u00a0\u00bb4.16&Prime; global_colors_info=\u00a0\u00bb{}\u00a0\u00bb][\/et_pb_wc_title][et_pb_wc_rating _builder_version=\u00a0\u00bb4.16&Prime; global_colors_info=\u00a0\u00bb{}\u00a0\u00bb][\/et_pb_wc_rating][et_pb_wc_price _builder_version=\u00a0\u00bb4.16&Prime; global_colors_info=\u00a0\u00bb{}\u00a0\u00bb][\/et_pb_wc_price][et_pb_wc_description _builder_version=\u00a0\u00bb4.16&Prime; global_colors_info=\u00a0\u00bb{}\u00a0\u00bb][\/et_pb_wc_description][et_pb_wc_add_to_cart show_quantity=\u00a0\u00bboff\u00a0\u00bb disabled_on=\u00a0\u00bboff|off|off\u00a0\u00bb _builder_version=\u00a0\u00bb4.24.3&Prime; fields_background_color=\u00a0\u00bb#0db09f\u00a0\u00bb button_text_color=\u00a0\u00bb#ffffff\u00a0\u00bb button_border_width=\u00a0\u00bb0px\u00a0\u00bb button_border_radius=\u00a0\u00bb26px\u00a0\u00bb button_use_icon=\u00a0\u00bboff\u00a0\u00bb border_color_all=\u00a0\u00bb#ffffff\u00a0\u00bb border_color_all_dropdown_menus=\u00a0\u00bb#6b6b6b\u00a0\u00bb box_shadow_style=\u00a0\u00bbnone\u00a0\u00bb global_colors_info=\u00a0\u00bb{}\u00a0\u00bb border_radii=\u00a0\u00bbon||||\u00a0\u00bb button_border_color=\u00a0\u00bbRGBA(255,255,255,0)\u00a0\u00bb fields_font_size=\u00a0\u00bb28px\u00a0\u00bb button_bg_color=\u00a0\u00bb#2c384e\u00a0\u00bb button_bg_color__hover=\u00a0\u00bb#e09900&Prime; button_bg_color__hover_enabled=\u00a0\u00bbon|desktop\u00a0\u00bb button_bg_enable_color=\u00a0\u00bbon\u00a0\u00bb hover_enabled=\u00a0\u00bb0&Prime; sticky_enabled=\u00a0\u00bb0&Prime;][\/et_pb_wc_add_to_cart][et_pb_wc_meta _builder_version=\u00a0\u00bb4.16&Prime; global_colors_info=\u00a0\u00bb{}\u00a0\u00bb][\/et_pb_wc_meta][\/et_pb_column][\/et_pb_row][et_pb_row _builder_version=\u00a0\u00bb4.16&Prime; background_size=\u00a0\u00bbinitial\u00a0\u00bb background_position=\u00a0\u00bbtop_left\u00a0\u00bb background_repeat=\u00a0\u00bbrepeat\u00a0\u00bb width=\u00a0\u00bb100%\u00a0\u00bb global_colors_info=\u00a0\u00bb{}\u00a0\u00bb][et_pb_column type=\u00a0\u00bb4_4&Prime; _builder_version=\u00a0\u00bb4.16&Prime; custom_padding=\u00a0\u00bb|||\u00a0\u00bb global_colors_info=\u00a0\u00bb{}\u00a0\u00bb custom_padding__hover=\u00a0\u00bb|||\u00a0\u00bb][et_pb_wc_tabs _builder_version=\u00a0\u00bb4.16&Prime; global_colors_info=\u00a0\u00bb{}\u00a0\u00bb]\t\t\t\t\t[\/et_pb_wc_tabs][et_pb_wc_upsells _builder_version=\u00a0\u00bb4.16&Prime; global_colors_info=\u00a0\u00bb{}\u00a0\u00bb][\/et_pb_wc_upsells][et_pb_wc_related_products _builder_version=\u00a0\u00bb4.16&Prime; global_colors_info=\u00a0\u00bb{}\u00a0\u00bb][\/et_pb_wc_related_products][\/et_pb_column][\/et_pb_row][\/et_pb_section]<\/p>\n","protected":false},"excerpt":{"rendered":"<p>Caviar de wasabi de menos de 6 mm, con sabor intenso y picante moderado. Perfecto como topping para sushi, sashimi, carnes, pescados, ensaladas y m\u00e1s.<\/p>\n<p>Para que el env\u00edo sea realizado, es obligatorio para finalizar el proceso de compra la elecci\u00f3n de <strong>env\u00edo ordinario<\/strong> para este producto. En caso contrario, el env\u00edo del pedido quedar\u00e1 cancelado al no poder garantizar la calidad del producto a la hora de llegar a destino.<\/p>\n","protected":false},"featured_media":5728,"template":"","meta":{"_et_pb_use_builder":"on","_et_pb_old_content":"Eleva tus creaciones culinarias con nuestras <strong>perlas de wasabi esferificado de 180g<\/strong>, un exquisito <strong>caviar de wasabi<\/strong> en esferificaciones de menos de 6 mm. Con un sabor intenso y un picante moderado, son el complemento perfecto para realzar el car\u00e1cter de cualquier plato. Especialmente dise\u00f1adas como topping, estas perlas realzan sabores y preservan texturas en una amplia variedad de preparaciones: <strong>sushi, sashimi, niguiris, makis y otros platos asi\u00e1ticos<\/strong>, as\u00ed como ensaladas, canap\u00e9s, carpaccios de pescado o carne, pizzas, carnes, pescados, mariscos y marinados. Vers\u00e1tiles y elegantes, son el toque gourmet ideal para sorprender en cualquier ocasi\u00f3n.","_et_gb_content_width":"","_joinchat":[]},"product_brand":[],"product_cat":[297,303,298,129,52,53,254,255],"product_tag":[301,302],"class_list":{"0":"post-5726","1":"product","2":"type-product","3":"status-publish","4":"has-post-thumbnail","6":"product_cat-perlas-de-algas","7":"product_cat-perlas-de-codium","8":"product_cat-perlas-de-sabores-asiaticos","9":"product_cat-algas","10":"product_cat-atrevidas","11":"product_cat-intensas","12":"product_cat-codium","13":"product_cat-productos","14":"product_tag-esferificado","15":"product_tag-perlas-de-codium","16":"product_shipping_class-seur-ordinario","18":"first","19":"outofstock","20":"shipping-taxable","21":"purchasable","22":"product-type-simple"},"yoast_head":"<!-- This site is optimized with the Yoast SEO plugin v26.3 - https:\/\/yoast.com\/wordpress\/plugins\/seo\/ -->\n<title>Perlas de Wasabi Esferificado de las R\u00edas Baixas | Capit\u00e1n Alga<\/title>\n<meta name=\"description\" content=\"Eleva tus creaciones culinarias con nuestras perlas de wasabi esferificado de 180g, un exquisito caviar de wasabi en esferificaciones de menos de 6 mm.\" \/>\n<meta name=\"robots\" content=\"index, follow, max-snippet:-1, max-image-preview:large, max-video-preview:-1\" \/>\n<link rel=\"canonical\" href=\"https:\/\/capitanalga.es\/fr\/producto\/perlas-de-wasabi-180-g\/\" \/>\n<meta property=\"og:locale\" content=\"fr_FR\" \/>\n<meta property=\"og:type\" content=\"article\" \/>\n<meta property=\"og:title\" content=\"Perlas de Wasabi Esferificado de las R\u00edas Baixas | Capit\u00e1n Alga\" \/>\n<meta property=\"og:description\" content=\"Eleva tus creaciones culinarias con nuestras perlas de wasabi esferificado de 180g, un exquisito caviar de wasabi en esferificaciones de menos de 6 mm.\" \/>\n<meta property=\"og:url\" content=\"https:\/\/capitanalga.es\/fr\/producto\/perlas-de-wasabi-180-g\/\" \/>\n<meta property=\"og:site_name\" content=\"Capit\u00e1n Alga\" \/>\n<meta property=\"article:publisher\" content=\"https:\/\/www.facebook.com\/capitanalga\/\" \/>\n<meta property=\"article:modified_time\" content=\"2024-12-16T10:36:44+00:00\" \/>\n<meta property=\"og:image\" content=\"https:\/\/capitanalga.es\/wp-content\/uploads\/2024\/04\/TARRO_ABIERTO_Wasabi-scaled.jpg\" \/>\n\t<meta property=\"og:image:width\" content=\"2560\" \/>\n\t<meta property=\"og:image:height\" content=\"1742\" \/>\n\t<meta property=\"og:image:type\" content=\"image\/jpeg\" \/>\n<meta name=\"twitter:card\" content=\"summary_large_image\" \/>\n<meta name=\"twitter:site\" content=\"@VCapitanalga\" \/>\n<meta name=\"twitter:label1\" content=\"Dur\u00e9e de lecture estim\u00e9e\" \/>\n\t<meta name=\"twitter:data1\" content=\"1 minute\" \/>\n<script type=\"application\/ld+json\" class=\"yoast-schema-graph\">{\"@context\":\"https:\/\/schema.org\",\"@graph\":[{\"@type\":\"WebPage\",\"@id\":\"https:\/\/capitanalga.es\/fr\/producto\/perlas-de-wasabi-180-g\/\",\"url\":\"https:\/\/capitanalga.es\/fr\/producto\/perlas-de-wasabi-180-g\/\",\"name\":\"Perlas de Wasabi Esferificado de las R\u00edas Baixas | Capit\u00e1n Alga\",\"isPartOf\":{\"@id\":\"https:\/\/capitanalga.es\/fr\/#website\"},\"primaryImageOfPage\":{\"@id\":\"https:\/\/capitanalga.es\/fr\/producto\/perlas-de-wasabi-180-g\/#primaryimage\"},\"image\":{\"@id\":\"https:\/\/capitanalga.es\/fr\/producto\/perlas-de-wasabi-180-g\/#primaryimage\"},\"thumbnailUrl\":\"https:\/\/capitanalga.es\/wp-content\/uploads\/2024\/04\/TARRO_ABIERTO_Wasabi-scaled.jpg\",\"datePublished\":\"2024-04-11T09:35:29+00:00\",\"dateModified\":\"2024-12-16T10:36:44+00:00\",\"description\":\"Eleva tus creaciones culinarias con nuestras perlas de wasabi esferificado de 180g, un exquisito caviar de wasabi en esferificaciones de menos de 6 mm.\",\"breadcrumb\":{\"@id\":\"https:\/\/capitanalga.es\/fr\/producto\/perlas-de-wasabi-180-g\/#breadcrumb\"},\"inLanguage\":\"fr-FR\",\"potentialAction\":[{\"@type\":\"ReadAction\",\"target\":[\"https:\/\/capitanalga.es\/fr\/producto\/perlas-de-wasabi-180-g\/\"]}]},{\"@type\":\"ImageObject\",\"inLanguage\":\"fr-FR\",\"@id\":\"https:\/\/capitanalga.es\/fr\/producto\/perlas-de-wasabi-180-g\/#primaryimage\",\"url\":\"https:\/\/capitanalga.es\/wp-content\/uploads\/2024\/04\/TARRO_ABIERTO_Wasabi-scaled.jpg\",\"contentUrl\":\"https:\/\/capitanalga.es\/wp-content\/uploads\/2024\/04\/TARRO_ABIERTO_Wasabi-scaled.jpg\",\"width\":2560,\"height\":1742,\"caption\":\"perlas de wasabi\"},{\"@type\":\"BreadcrumbList\",\"@id\":\"https:\/\/capitanalga.es\/fr\/producto\/perlas-de-wasabi-180-g\/#breadcrumb\",\"itemListElement\":[{\"@type\":\"ListItem\",\"position\":1,\"name\":\"Portada\",\"item\":\"https:\/\/capitanalga.es\/fr\/inicio\/\"},{\"@type\":\"ListItem\",\"position\":2,\"name\":\"Boutique en ligne\",\"item\":\"https:\/\/capitanalga.es\/fr\/boutique\/\"},{\"@type\":\"ListItem\",\"position\":3,\"name\":\"Perlas de Wasabi &#8211; 180g\"}]},{\"@type\":\"WebSite\",\"@id\":\"https:\/\/capitanalga.es\/fr\/#website\",\"url\":\"https:\/\/capitanalga.es\/fr\/\",\"name\":\"Capit\u00e1n Alga\",\"description\":\"Capit\u00e1n Alga es el sue\u00f1o de un equipo apasionado por el mar y por las algas.\",\"potentialAction\":[{\"@type\":\"SearchAction\",\"target\":{\"@type\":\"EntryPoint\",\"urlTemplate\":\"https:\/\/capitanalga.es\/fr\/?s={search_term_string}\"},\"query-input\":{\"@type\":\"PropertyValueSpecification\",\"valueRequired\":true,\"valueName\":\"search_term_string\"}}],\"inLanguage\":\"fr-FR\"}]}<\/script>\n<!-- \/ Yoast SEO plugin. -->","yoast_head_json":{"title":"Perlas de Wasabi Esferificado de las R\u00edas Baixas | Capit\u00e1n Alga","description":"Eleva tus creaciones culinarias con nuestras perlas de wasabi esferificado de 180g, un exquisito caviar de wasabi en esferificaciones de menos de 6 mm.","robots":{"index":"index","follow":"follow","max-snippet":"max-snippet:-1","max-image-preview":"max-image-preview:large","max-video-preview":"max-video-preview:-1"},"canonical":"https:\/\/capitanalga.es\/fr\/producto\/perlas-de-wasabi-180-g\/","og_locale":"fr_FR","og_type":"article","og_title":"Perlas de Wasabi Esferificado de las R\u00edas Baixas | Capit\u00e1n Alga","og_description":"Eleva tus creaciones culinarias con nuestras perlas de wasabi esferificado de 180g, un exquisito caviar de wasabi en esferificaciones de menos de 6 mm.","og_url":"https:\/\/capitanalga.es\/fr\/producto\/perlas-de-wasabi-180-g\/","og_site_name":"Capit\u00e1n Alga","article_publisher":"https:\/\/www.facebook.com\/capitanalga\/","article_modified_time":"2024-12-16T10:36:44+00:00","og_image":[{"width":2560,"height":1742,"url":"https:\/\/capitanalga.es\/wp-content\/uploads\/2024\/04\/TARRO_ABIERTO_Wasabi-scaled.jpg","type":"image\/jpeg"}],"twitter_card":"summary_large_image","twitter_site":"@VCapitanalga","twitter_misc":{"Dur\u00e9e de lecture estim\u00e9e":"1 minute"},"schema":{"@context":"https:\/\/schema.org","@graph":[{"@type":"WebPage","@id":"https:\/\/capitanalga.es\/fr\/producto\/perlas-de-wasabi-180-g\/","url":"https:\/\/capitanalga.es\/fr\/producto\/perlas-de-wasabi-180-g\/","name":"Perlas de Wasabi Esferificado de las R\u00edas Baixas | Capit\u00e1n Alga","isPartOf":{"@id":"https:\/\/capitanalga.es\/fr\/#website"},"primaryImageOfPage":{"@id":"https:\/\/capitanalga.es\/fr\/producto\/perlas-de-wasabi-180-g\/#primaryimage"},"image":{"@id":"https:\/\/capitanalga.es\/fr\/producto\/perlas-de-wasabi-180-g\/#primaryimage"},"thumbnailUrl":"https:\/\/capitanalga.es\/wp-content\/uploads\/2024\/04\/TARRO_ABIERTO_Wasabi-scaled.jpg","datePublished":"2024-04-11T09:35:29+00:00","dateModified":"2024-12-16T10:36:44+00:00","description":"Eleva tus creaciones culinarias con nuestras perlas de wasabi esferificado de 180g, un exquisito caviar de wasabi en esferificaciones de menos de 6 mm.","breadcrumb":{"@id":"https:\/\/capitanalga.es\/fr\/producto\/perlas-de-wasabi-180-g\/#breadcrumb"},"inLanguage":"fr-FR","potentialAction":[{"@type":"ReadAction","target":["https:\/\/capitanalga.es\/fr\/producto\/perlas-de-wasabi-180-g\/"]}]},{"@type":"ImageObject","inLanguage":"fr-FR","@id":"https:\/\/capitanalga.es\/fr\/producto\/perlas-de-wasabi-180-g\/#primaryimage","url":"https:\/\/capitanalga.es\/wp-content\/uploads\/2024\/04\/TARRO_ABIERTO_Wasabi-scaled.jpg","contentUrl":"https:\/\/capitanalga.es\/wp-content\/uploads\/2024\/04\/TARRO_ABIERTO_Wasabi-scaled.jpg","width":2560,"height":1742,"caption":"perlas de wasabi"},{"@type":"BreadcrumbList","@id":"https:\/\/capitanalga.es\/fr\/producto\/perlas-de-wasabi-180-g\/#breadcrumb","itemListElement":[{"@type":"ListItem","position":1,"name":"Portada","item":"https:\/\/capitanalga.es\/fr\/inicio\/"},{"@type":"ListItem","position":2,"name":"Boutique en ligne","item":"https:\/\/capitanalga.es\/fr\/boutique\/"},{"@type":"ListItem","position":3,"name":"Perlas de Wasabi &#8211; 180g"}]},{"@type":"WebSite","@id":"https:\/\/capitanalga.es\/fr\/#website","url":"https:\/\/capitanalga.es\/fr\/","name":"Capit\u00e1n Alga","description":"Capit\u00e1n Alga es el sue\u00f1o de un equipo apasionado por el mar y por las algas.","potentialAction":[{"@type":"SearchAction","target":{"@type":"EntryPoint","urlTemplate":"https:\/\/capitanalga.es\/fr\/?s={search_term_string}"},"query-input":{"@type":"PropertyValueSpecification","valueRequired":true,"valueName":"search_term_string"}}],"inLanguage":"fr-FR"}]}},"_links":{"self":[{"href":"https:\/\/capitanalga.es\/fr\/wp-json\/wp\/v2\/product\/5726","targetHints":{"allow":["GET"]}}],"collection":[{"href":"https:\/\/capitanalga.es\/fr\/wp-json\/wp\/v2\/product"}],"about":[{"href":"https:\/\/capitanalga.es\/fr\/wp-json\/wp\/v2\/types\/product"}],"wp:featuredmedia":[{"embeddable":true,"href":"https:\/\/capitanalga.es\/fr\/wp-json\/wp\/v2\/media\/5728"}],"wp:attachment":[{"href":"https:\/\/capitanalga.es\/fr\/wp-json\/wp\/v2\/media?parent=5726"}],"wp:term":[{"taxonomy":"product_brand","embeddable":true,"href":"https:\/\/capitanalga.es\/fr\/wp-json\/wp\/v2\/product_brand?post=5726"},{"taxonomy":"product_cat","embeddable":true,"href":"https:\/\/capitanalga.es\/fr\/wp-json\/wp\/v2\/product_cat?post=5726"},{"taxonomy":"product_tag","embeddable":true,"href":"https:\/\/capitanalga.es\/fr\/wp-json\/wp\/v2\/product_tag?post=5726"}],"curies":[{"name":"wp","href":"https:\/\/api.w.org\/{rel}","templated":true}]}}