{"id":5794,"date":"2024-05-09T13:00:38","date_gmt":"2024-05-09T11:00:38","guid":{"rendered":"https:\/\/capitanalga.es\/?post_type=product&#038;p=5794"},"modified":"2025-06-26T09:30:58","modified_gmt":"2025-06-26T07:30:58","slug":"alga-nori-deshidratada-50-hojas","status":"publish","type":"product","link":"https:\/\/capitanalga.es\/fr\/producto\/alga-nori-deshidratada-50-hojas\/","title":{"rendered":"Alga Nori Deshidratada &#8211; 50 hojas"},"content":{"rendered":"<p>[et_pb_section fb_built=\u00a0\u00bb1&Prime; _builder_version=\u00a0\u00bb4.16&Prime; custom_padding=\u00a0\u00bb0px||||false|false\u00a0\u00bb global_colors_info=\u00a0\u00bb{}\u00a0\u00bb][et_pb_row _builder_version=\u00a0\u00bb4.16&Prime; background_size=\u00a0\u00bbinitial\u00a0\u00bb background_position=\u00a0\u00bbtop_left\u00a0\u00bb background_repeat=\u00a0\u00bbrepeat\u00a0\u00bb width=\u00a0\u00bb100%\u00a0\u00bb custom_padding=\u00a0\u00bb0px||0px||false|false\u00a0\u00bb global_colors_info=\u00a0\u00bb{}\u00a0\u00bb][et_pb_column type=\u00a0\u00bb4_4&Prime; _builder_version=\u00a0\u00bb4.16&Prime; custom_padding=\u00a0\u00bb|||\u00a0\u00bb global_colors_info=\u00a0\u00bb{}\u00a0\u00bb custom_padding__hover=\u00a0\u00bb|||\u00a0\u00bb][et_pb_wc_cart_notice _builder_version=\u00a0\u00bb4.16&Prime; custom_button=\u00a0\u00bbon\u00a0\u00bb border_color_all=\u00a0\u00bb#d2ff57&Prime; global_colors_info=\u00a0\u00bb{}\u00a0\u00bb][\/et_pb_wc_cart_notice][\/et_pb_column][\/et_pb_row][et_pb_row column_structure=\u00a0\u00bb1_2,1_2&Prime; _builder_version=\u00a0\u00bb4.16&Prime; background_size=\u00a0\u00bbinitial\u00a0\u00bb background_position=\u00a0\u00bbtop_left\u00a0\u00bb background_repeat=\u00a0\u00bbrepeat\u00a0\u00bb width=\u00a0\u00bb100%\u00a0\u00bb custom_padding=\u00a0\u00bb0px||||false|false\u00a0\u00bb global_colors_info=\u00a0\u00bb{}\u00a0\u00bb][et_pb_column type=\u00a0\u00bb1_2&Prime; _builder_version=\u00a0\u00bb4.16&Prime; custom_padding=\u00a0\u00bb|||\u00a0\u00bb global_colors_info=\u00a0\u00bb{}\u00a0\u00bb custom_padding__hover=\u00a0\u00bb|||\u00a0\u00bb][et_pb_wc_images _builder_version=\u00a0\u00bb4.16&Prime; global_colors_info=\u00a0\u00bb{}\u00a0\u00bb][\/et_pb_wc_images][\/et_pb_column][et_pb_column type=\u00a0\u00bb1_2&Prime; _builder_version=\u00a0\u00bb4.16&Prime; custom_padding=\u00a0\u00bb|||\u00a0\u00bb global_colors_info=\u00a0\u00bb{}\u00a0\u00bb custom_padding__hover=\u00a0\u00bb|||\u00a0\u00bb][et_pb_wc_title disabled_on=\u00a0\u00bboff|off|off\u00a0\u00bb _builder_version=\u00a0\u00bb4.24.3&Prime; width=\u00a0\u00bb100%\u00a0\u00bb global_colors_info=\u00a0\u00bb{}\u00a0\u00bb][\/et_pb_wc_title][et_pb_wc_rating _builder_version=\u00a0\u00bb4.16&Prime; global_colors_info=\u00a0\u00bb{}\u00a0\u00bb][\/et_pb_wc_rating][et_pb_wc_price _builder_version=\u00a0\u00bb4.16&Prime; global_colors_info=\u00a0\u00bb{}\u00a0\u00bb][\/et_pb_wc_price][et_pb_wc_description _builder_version=\u00a0\u00bb4.16&Prime; global_colors_info=\u00a0\u00bb{}\u00a0\u00bb][\/et_pb_wc_description][et_pb_wc_add_to_cart disabled_on=\u00a0\u00bboff|off|off\u00a0\u00bb admin_label=\u00a0\u00bbWoo A\u00f1adir al carrito\u00a0\u00bb _builder_version=\u00a0\u00bb4.24.3&Prime; fields_background_color=\u00a0\u00bb#0db09f\u00a0\u00bb button_bg_color=\u00a0\u00bb#2c384e\u00a0\u00bb button_border_color=\u00a0\u00bbRGBA(255,255,255,0)\u00a0\u00bb button_border_radius=\u00a0\u00bb19px\u00a0\u00bb hover_enabled=\u00a0\u00bb0&Prime; border_radii=\u00a0\u00bbon||||\u00a0\u00bb box_shadow_style=\u00a0\u00bbnone\u00a0\u00bb locked=\u00a0\u00bboff\u00a0\u00bb global_colors_info=\u00a0\u00bb{}\u00a0\u00bb button_bg_color__hover_enabled=\u00a0\u00bbon|desktop\u00a0\u00bb button_bg_color__hover=\u00a0\u00bb#e09900&Prime; button_text_size=\u00a0\u00bb22px\u00a0\u00bb sticky_enabled=\u00a0\u00bb0&Prime;][\/et_pb_wc_add_to_cart][et_pb_wc_meta _builder_version=\u00a0\u00bb4.16&Prime; global_colors_info=\u00a0\u00bb{}\u00a0\u00bb][\/et_pb_wc_meta][\/et_pb_column][\/et_pb_row][et_pb_row _builder_version=\u00a0\u00bb4.16&Prime; background_size=\u00a0\u00bbinitial\u00a0\u00bb background_position=\u00a0\u00bbtop_left\u00a0\u00bb background_repeat=\u00a0\u00bbrepeat\u00a0\u00bb width=\u00a0\u00bb100%\u00a0\u00bb global_colors_info=\u00a0\u00bb{}\u00a0\u00bb][et_pb_column type=\u00a0\u00bb4_4&Prime; _builder_version=\u00a0\u00bb4.16&Prime; custom_padding=\u00a0\u00bb|||\u00a0\u00bb global_colors_info=\u00a0\u00bb{}\u00a0\u00bb custom_padding__hover=\u00a0\u00bb|||\u00a0\u00bb][et_pb_wc_tabs _builder_version=\u00a0\u00bb4.16&Prime; global_colors_info=\u00a0\u00bb{}\u00a0\u00bb]\t\t\t\t\t[\/et_pb_wc_tabs][et_pb_wc_upsells _builder_version=\u00a0\u00bb4.16&Prime; global_colors_info=\u00a0\u00bb{}\u00a0\u00bb][\/et_pb_wc_upsells][et_pb_wc_related_products _builder_version=\u00a0\u00bb4.16&Prime; global_colors_info=\u00a0\u00bb{}\u00a0\u00bb][\/et_pb_wc_related_products][\/et_pb_column][\/et_pb_row][\/et_pb_section]<\/p>\n","protected":false},"excerpt":{"rendered":"<p>Algas seleccionadas de las costas de Asia, garant\u00eda de frescura y tradici\u00f3n, con sabor ligeramente salado, aut\u00e9nticas notas a mar y textura crujiente y delicada, perfecta para sushi y otros platos.<\/p>\n<p>Para que el env\u00edo sea realizado, es obligatorio para finalizar el proceso de compra la elecci\u00f3n de <strong>env\u00edo ordinario<\/strong> para este producto. En caso contrario, el env\u00edo del pedido quedar\u00e1 cancelado al no poder garantizar la calidad del producto a la hora de llegar a destino.<\/p>\n","protected":false},"featured_media":5796,"template":"","meta":{"_et_pb_use_builder":"on","_et_pb_old_content":"Descubre la calidad y versatilidad de nuestra alga nori deshidratada en presentaci\u00f3n de 50 hojas. Perfecta para preparar sushi, temaki, onigiri o como complemento en sopas y ensaladas. Nuestra alga nori es <strong>rica en nutrientes como vitaminas A, B y C, yodo, calcio, hierro y fibra. <\/strong>\r\n\r\n<strong>Baja en calor\u00edas, lo cual la hace ideal para dietas saludables gracias a sus propiedades antioxidantes que ayudan a proteger las c\u00e9lulas del da\u00f1o oxidativo. Favorece la digesti\u00f3n gracias a su alto contenido en fibra ayuda al tr\u00e1nsito intestinal.<\/strong> Su textura crujiente y su sabor intenso a mar hacen de este producto una opci\u00f3n imprescindible en tu cocina. \u00a1Lleva el aut\u00e9ntico sabor de Jap\u00f3n a tu mesa!","_et_gb_content_width":"","_joinchat":[]},"product_brand":[],"product_cat":[129,150,263],"product_tag":[],"class_list":{"0":"post-5794","1":"product","2":"type-product","3":"status-publish","4":"has-post-thumbnail","6":"product_cat-algas","7":"product_cat-deshidratados","8":"product_cat-algas-deshidratadas","9":"product_shipping_class-seur-ordinario","11":"first","12":"outofstock","13":"taxable","14":"shipping-taxable","15":"purchasable","16":"product-type-simple"},"yoast_head":"<!-- This site is optimized with the Yoast SEO plugin v26.3 - https:\/\/yoast.com\/wordpress\/plugins\/seo\/ -->\n<title>Alga Nori Deshidratada - 50 hojas | Capit\u00e1n Alga<\/title>\n<meta name=\"description\" content=\"Descubre la calidad y versatilidad de nuestra alga nori deshidratada en presentaci\u00f3n de 50 hojas. Perfecta para preparar sushi, temaki u onigiri.\" \/>\n<meta name=\"robots\" content=\"index, follow, max-snippet:-1, max-image-preview:large, max-video-preview:-1\" \/>\n<link rel=\"canonical\" href=\"https:\/\/capitanalga.es\/fr\/producto\/alga-nori-deshidratada-50-hojas\/\" \/>\n<meta property=\"og:locale\" content=\"fr_FR\" \/>\n<meta property=\"og:type\" content=\"article\" \/>\n<meta property=\"og:title\" content=\"Alga Nori Deshidratada - 50 hojas | Capit\u00e1n Alga\" \/>\n<meta property=\"og:description\" content=\"Descubre la calidad y versatilidad de nuestra alga nori deshidratada en presentaci\u00f3n de 50 hojas. Perfecta para preparar sushi, temaki u onigiri.\" \/>\n<meta property=\"og:url\" content=\"https:\/\/capitanalga.es\/fr\/producto\/alga-nori-deshidratada-50-hojas\/\" \/>\n<meta property=\"og:site_name\" content=\"Capit\u00e1n Alga\" \/>\n<meta property=\"article:publisher\" content=\"https:\/\/www.facebook.com\/capitanalga\/\" \/>\n<meta property=\"article:modified_time\" content=\"2025-06-26T07:30:58+00:00\" \/>\n<meta property=\"og:image\" content=\"https:\/\/capitanalga.es\/wp-content\/uploads\/2024\/05\/hoja-nori.jpg\" \/>\n\t<meta property=\"og:image:width\" content=\"800\" \/>\n\t<meta property=\"og:image:height\" content=\"800\" \/>\n\t<meta property=\"og:image:type\" content=\"image\/jpeg\" \/>\n<meta name=\"twitter:card\" content=\"summary_large_image\" \/>\n<meta name=\"twitter:site\" content=\"@VCapitanalga\" \/>\n<meta name=\"twitter:label1\" content=\"Dur\u00e9e de lecture estim\u00e9e\" \/>\n\t<meta name=\"twitter:data1\" content=\"1 minute\" \/>\n<script type=\"application\/ld+json\" class=\"yoast-schema-graph\">{\"@context\":\"https:\/\/schema.org\",\"@graph\":[{\"@type\":\"WebPage\",\"@id\":\"https:\/\/capitanalga.es\/fr\/producto\/alga-nori-deshidratada-50-hojas\/\",\"url\":\"https:\/\/capitanalga.es\/fr\/producto\/alga-nori-deshidratada-50-hojas\/\",\"name\":\"Alga Nori Deshidratada - 50 hojas | Capit\u00e1n Alga\",\"isPartOf\":{\"@id\":\"https:\/\/capitanalga.es\/fr\/#website\"},\"primaryImageOfPage\":{\"@id\":\"https:\/\/capitanalga.es\/fr\/producto\/alga-nori-deshidratada-50-hojas\/#primaryimage\"},\"image\":{\"@id\":\"https:\/\/capitanalga.es\/fr\/producto\/alga-nori-deshidratada-50-hojas\/#primaryimage\"},\"thumbnailUrl\":\"https:\/\/capitanalga.es\/wp-content\/uploads\/2024\/05\/hoja-nori.jpg\",\"datePublished\":\"2024-05-09T11:00:38+00:00\",\"dateModified\":\"2025-06-26T07:30:58+00:00\",\"description\":\"Descubre la calidad y versatilidad de nuestra alga nori deshidratada en presentaci\u00f3n de 50 hojas. Perfecta para preparar sushi, temaki u onigiri.\",\"breadcrumb\":{\"@id\":\"https:\/\/capitanalga.es\/fr\/producto\/alga-nori-deshidratada-50-hojas\/#breadcrumb\"},\"inLanguage\":\"fr-FR\",\"potentialAction\":[{\"@type\":\"ReadAction\",\"target\":[\"https:\/\/capitanalga.es\/fr\/producto\/alga-nori-deshidratada-50-hojas\/\"]}]},{\"@type\":\"ImageObject\",\"inLanguage\":\"fr-FR\",\"@id\":\"https:\/\/capitanalga.es\/fr\/producto\/alga-nori-deshidratada-50-hojas\/#primaryimage\",\"url\":\"https:\/\/capitanalga.es\/wp-content\/uploads\/2024\/05\/hoja-nori.jpg\",\"contentUrl\":\"https:\/\/capitanalga.es\/wp-content\/uploads\/2024\/05\/hoja-nori.jpg\",\"width\":800,\"height\":800,\"caption\":\"alga nori\"},{\"@type\":\"BreadcrumbList\",\"@id\":\"https:\/\/capitanalga.es\/fr\/producto\/alga-nori-deshidratada-50-hojas\/#breadcrumb\",\"itemListElement\":[{\"@type\":\"ListItem\",\"position\":1,\"name\":\"Portada\",\"item\":\"https:\/\/capitanalga.es\/fr\/inicio\/\"},{\"@type\":\"ListItem\",\"position\":2,\"name\":\"Boutique en ligne\",\"item\":\"https:\/\/capitanalga.es\/fr\/boutique\/\"},{\"@type\":\"ListItem\",\"position\":3,\"name\":\"Alga Nori Deshidratada &#8211; 50 hojas\"}]},{\"@type\":\"WebSite\",\"@id\":\"https:\/\/capitanalga.es\/fr\/#website\",\"url\":\"https:\/\/capitanalga.es\/fr\/\",\"name\":\"Capit\u00e1n Alga\",\"description\":\"Capit\u00e1n Alga es el sue\u00f1o de un equipo apasionado por el mar y por las algas.\",\"potentialAction\":[{\"@type\":\"SearchAction\",\"target\":{\"@type\":\"EntryPoint\",\"urlTemplate\":\"https:\/\/capitanalga.es\/fr\/?s={search_term_string}\"},\"query-input\":{\"@type\":\"PropertyValueSpecification\",\"valueRequired\":true,\"valueName\":\"search_term_string\"}}],\"inLanguage\":\"fr-FR\"}]}<\/script>\n<!-- \/ Yoast SEO plugin. -->","yoast_head_json":{"title":"Alga Nori Deshidratada - 50 hojas | Capit\u00e1n Alga","description":"Descubre la calidad y versatilidad de nuestra alga nori deshidratada en presentaci\u00f3n de 50 hojas. Perfecta para preparar sushi, temaki u onigiri.","robots":{"index":"index","follow":"follow","max-snippet":"max-snippet:-1","max-image-preview":"max-image-preview:large","max-video-preview":"max-video-preview:-1"},"canonical":"https:\/\/capitanalga.es\/fr\/producto\/alga-nori-deshidratada-50-hojas\/","og_locale":"fr_FR","og_type":"article","og_title":"Alga Nori Deshidratada - 50 hojas | Capit\u00e1n Alga","og_description":"Descubre la calidad y versatilidad de nuestra alga nori deshidratada en presentaci\u00f3n de 50 hojas. Perfecta para preparar sushi, temaki u onigiri.","og_url":"https:\/\/capitanalga.es\/fr\/producto\/alga-nori-deshidratada-50-hojas\/","og_site_name":"Capit\u00e1n Alga","article_publisher":"https:\/\/www.facebook.com\/capitanalga\/","article_modified_time":"2025-06-26T07:30:58+00:00","og_image":[{"width":800,"height":800,"url":"https:\/\/capitanalga.es\/wp-content\/uploads\/2024\/05\/hoja-nori.jpg","type":"image\/jpeg"}],"twitter_card":"summary_large_image","twitter_site":"@VCapitanalga","twitter_misc":{"Dur\u00e9e de lecture estim\u00e9e":"1 minute"},"schema":{"@context":"https:\/\/schema.org","@graph":[{"@type":"WebPage","@id":"https:\/\/capitanalga.es\/fr\/producto\/alga-nori-deshidratada-50-hojas\/","url":"https:\/\/capitanalga.es\/fr\/producto\/alga-nori-deshidratada-50-hojas\/","name":"Alga Nori Deshidratada - 50 hojas | Capit\u00e1n Alga","isPartOf":{"@id":"https:\/\/capitanalga.es\/fr\/#website"},"primaryImageOfPage":{"@id":"https:\/\/capitanalga.es\/fr\/producto\/alga-nori-deshidratada-50-hojas\/#primaryimage"},"image":{"@id":"https:\/\/capitanalga.es\/fr\/producto\/alga-nori-deshidratada-50-hojas\/#primaryimage"},"thumbnailUrl":"https:\/\/capitanalga.es\/wp-content\/uploads\/2024\/05\/hoja-nori.jpg","datePublished":"2024-05-09T11:00:38+00:00","dateModified":"2025-06-26T07:30:58+00:00","description":"Descubre la calidad y versatilidad de nuestra alga nori deshidratada en presentaci\u00f3n de 50 hojas. Perfecta para preparar sushi, temaki u onigiri.","breadcrumb":{"@id":"https:\/\/capitanalga.es\/fr\/producto\/alga-nori-deshidratada-50-hojas\/#breadcrumb"},"inLanguage":"fr-FR","potentialAction":[{"@type":"ReadAction","target":["https:\/\/capitanalga.es\/fr\/producto\/alga-nori-deshidratada-50-hojas\/"]}]},{"@type":"ImageObject","inLanguage":"fr-FR","@id":"https:\/\/capitanalga.es\/fr\/producto\/alga-nori-deshidratada-50-hojas\/#primaryimage","url":"https:\/\/capitanalga.es\/wp-content\/uploads\/2024\/05\/hoja-nori.jpg","contentUrl":"https:\/\/capitanalga.es\/wp-content\/uploads\/2024\/05\/hoja-nori.jpg","width":800,"height":800,"caption":"alga nori"},{"@type":"BreadcrumbList","@id":"https:\/\/capitanalga.es\/fr\/producto\/alga-nori-deshidratada-50-hojas\/#breadcrumb","itemListElement":[{"@type":"ListItem","position":1,"name":"Portada","item":"https:\/\/capitanalga.es\/fr\/inicio\/"},{"@type":"ListItem","position":2,"name":"Boutique en ligne","item":"https:\/\/capitanalga.es\/fr\/boutique\/"},{"@type":"ListItem","position":3,"name":"Alga Nori Deshidratada &#8211; 50 hojas"}]},{"@type":"WebSite","@id":"https:\/\/capitanalga.es\/fr\/#website","url":"https:\/\/capitanalga.es\/fr\/","name":"Capit\u00e1n Alga","description":"Capit\u00e1n Alga es el sue\u00f1o de un equipo apasionado por el mar y por las algas.","potentialAction":[{"@type":"SearchAction","target":{"@type":"EntryPoint","urlTemplate":"https:\/\/capitanalga.es\/fr\/?s={search_term_string}"},"query-input":{"@type":"PropertyValueSpecification","valueRequired":true,"valueName":"search_term_string"}}],"inLanguage":"fr-FR"}]}},"_links":{"self":[{"href":"https:\/\/capitanalga.es\/fr\/wp-json\/wp\/v2\/product\/5794","targetHints":{"allow":["GET"]}}],"collection":[{"href":"https:\/\/capitanalga.es\/fr\/wp-json\/wp\/v2\/product"}],"about":[{"href":"https:\/\/capitanalga.es\/fr\/wp-json\/wp\/v2\/types\/product"}],"wp:featuredmedia":[{"embeddable":true,"href":"https:\/\/capitanalga.es\/fr\/wp-json\/wp\/v2\/media\/5796"}],"wp:attachment":[{"href":"https:\/\/capitanalga.es\/fr\/wp-json\/wp\/v2\/media?parent=5794"}],"wp:term":[{"taxonomy":"product_brand","embeddable":true,"href":"https:\/\/capitanalga.es\/fr\/wp-json\/wp\/v2\/product_brand?post=5794"},{"taxonomy":"product_cat","embeddable":true,"href":"https:\/\/capitanalga.es\/fr\/wp-json\/wp\/v2\/product_cat?post=5794"},{"taxonomy":"product_tag","embeddable":true,"href":"https:\/\/capitanalga.es\/fr\/wp-json\/wp\/v2\/product_tag?post=5794"}],"curies":[{"name":"wp","href":"https:\/\/api.w.org\/{rel}","templated":true}]}}