{"id":6158,"date":"2022-04-22T12:05:34","date_gmt":"2022-04-22T10:05:34","guid":{"rendered":"https:\/\/capitanalga.es\/producto\/algue-wakame-deshydratee-50g\/"},"modified":"2024-11-19T10:28:40","modified_gmt":"2024-11-19T09:28:40","slug":"algue-wakame-deshydratee-50g","status":"publish","type":"product","link":"https:\/\/capitanalga.es\/fr\/producto\/algue-wakame-deshydratee-50g\/","title":{"rendered":"Algue Wakame D\u00e9shydrat\u00e9e &#8211; 50g"},"content":{"rendered":"<p>[et_pb_section fb_built=\u00a0\u00bb1&Prime; _builder_version=\u00a0\u00bb4.16&Prime; custom_padding=\u00a0\u00bb0px||||false|false\u00a0\u00bb global_colors_info=\u00a0\u00bb{}\u00a0\u00bb][et_pb_row _builder_version=\u00a0\u00bb4.16&Prime; background_size=\u00a0\u00bbinitial\u00a0\u00bb background_position=\u00a0\u00bbtop_left\u00a0\u00bb background_repeat=\u00a0\u00bbrepeat\u00a0\u00bb width=\u00a0\u00bb100%\u00a0\u00bb custom_padding=\u00a0\u00bb0px||0px||false|false\u00a0\u00bb global_colors_info=\u00a0\u00bb{}\u00a0\u00bb][et_pb_column type=\u00a0\u00bb4_4&Prime; _builder_version=\u00a0\u00bb4.16&Prime; custom_padding=\u00a0\u00bb|||\u00a0\u00bb global_colors_info=\u00a0\u00bb{}\u00a0\u00bb custom_padding__hover=\u00a0\u00bb|||\u00a0\u00bb][et_pb_wc_cart_notice _builder_version=\u00a0\u00bb4.16&Prime; custom_button=\u00a0\u00bbon\u00a0\u00bb border_color_all=\u00a0\u00bb#d2ff57&Prime; global_colors_info=\u00a0\u00bb{}\u00a0\u00bb][\/et_pb_wc_cart_notice][\/et_pb_column][\/et_pb_row][et_pb_row column_structure=\u00a0\u00bb1_2,1_2&Prime; _builder_version=\u00a0\u00bb4.16&Prime; background_size=\u00a0\u00bbinitial\u00a0\u00bb background_position=\u00a0\u00bbtop_left\u00a0\u00bb background_repeat=\u00a0\u00bbrepeat\u00a0\u00bb width=\u00a0\u00bb100%\u00a0\u00bb custom_padding=\u00a0\u00bb0px||||false|false\u00a0\u00bb global_colors_info=\u00a0\u00bb{}\u00a0\u00bb][et_pb_column type=\u00a0\u00bb1_2&Prime; _builder_version=\u00a0\u00bb4.16&Prime; custom_padding=\u00a0\u00bb|||\u00a0\u00bb global_colors_info=\u00a0\u00bb{}\u00a0\u00bb custom_padding__hover=\u00a0\u00bb|||\u00a0\u00bb][et_pb_wc_images _builder_version=\u00a0\u00bb4.16&Prime; global_colors_info=\u00a0\u00bb{}\u00a0\u00bb][\/et_pb_wc_images][\/et_pb_column][et_pb_column type=\u00a0\u00bb1_2&Prime; _builder_version=\u00a0\u00bb4.16&Prime; custom_padding=\u00a0\u00bb|||\u00a0\u00bb global_colors_info=\u00a0\u00bb{}\u00a0\u00bb custom_padding__hover=\u00a0\u00bb|||\u00a0\u00bb][et_pb_wc_title disabled_on=\u00a0\u00bboff|off|on\u00a0\u00bb _builder_version=\u00a0\u00bb4.16&Prime; width=\u00a0\u00bb100%\u00a0\u00bb global_colors_info=\u00a0\u00bb{}\u00a0\u00bb][\/et_pb_wc_title][et_pb_wc_rating _builder_version=\u00a0\u00bb4.16&Prime; global_colors_info=\u00a0\u00bb{}\u00a0\u00bb][\/et_pb_wc_rating][et_pb_wc_price _builder_version=\u00a0\u00bb4.16&Prime; global_colors_info=\u00a0\u00bb{}\u00a0\u00bb][\/et_pb_wc_price][et_pb_wc_description _builder_version=\u00a0\u00bb4.16&Prime; global_colors_info=\u00a0\u00bb{}\u00a0\u00bb][\/et_pb_wc_description][et_pb_wc_add_to_cart disabled_on=\u00a0\u00bboff|off|off\u00a0\u00bb admin_label=\u00a0\u00bbWoo A\u00f1adir al carrito\u00a0\u00bb _builder_version=\u00a0\u00bb4.16&Prime; fields_background_color=\u00a0\u00bb#b3b3b3&Prime; button_bg_color=\u00a0\u00bb#e09900&Prime; box_shadow_style=\u00a0\u00bbnone\u00a0\u00bb global_colors_info=\u00a0\u00bb{}\u00a0\u00bb button_bg_color__hover_enabled=\u00a0\u00bbon|desktop\u00a0\u00bb button_bg_color__hover=\u00a0\u00bb#e09900&Prime;][\/et_pb_wc_add_to_cart][et_pb_wc_meta _builder_version=\u00a0\u00bb4.16&Prime; global_colors_info=\u00a0\u00bb{}\u00a0\u00bb][\/et_pb_wc_meta][\/et_pb_column][\/et_pb_row][et_pb_row _builder_version=\u00a0\u00bb4.16&Prime; background_size=\u00a0\u00bbinitial\u00a0\u00bb background_position=\u00a0\u00bbtop_left\u00a0\u00bb background_repeat=\u00a0\u00bbrepeat\u00a0\u00bb width=\u00a0\u00bb100%\u00a0\u00bb global_colors_info=\u00a0\u00bb{}\u00a0\u00bb][et_pb_column type=\u00a0\u00bb4_4&Prime; _builder_version=\u00a0\u00bb4.16&Prime; custom_padding=\u00a0\u00bb|||\u00a0\u00bb global_colors_info=\u00a0\u00bb{}\u00a0\u00bb custom_padding__hover=\u00a0\u00bb|||\u00a0\u00bb][et_pb_wc_tabs _builder_version=\u00a0\u00bb4.16&Prime; global_colors_info=\u00a0\u00bb{}\u00a0\u00bb]\t\t\t\t\t[\/et_pb_wc_tabs][et_pb_wc_upsells _builder_version=\u00a0\u00bb4.16&Prime; global_colors_info=\u00a0\u00bb{}\u00a0\u00bb][\/et_pb_wc_upsells][et_pb_wc_related_products _builder_version=\u00a0\u00bb4.16&Prime; global_colors_info=\u00a0\u00bb{}\u00a0\u00bb][\/et_pb_wc_related_products][\/et_pb_column][\/et_pb_row][\/et_pb_section]<\/p>\n","protected":false},"excerpt":{"rendered":"<p>ORIGINE : R\u00edas Baixas.<\/p>\n<p>SAVEUR MARINE : L\u00e9g\u00e8rement fum\u00e9e et douce.<\/p>\n<p>TEXTURE DOUCE : Chair et cartilagineuse.<\/p>\n<p>&nbsp;<\/p>\n","protected":false},"featured_media":5188,"template":"","meta":{"_et_pb_use_builder":"on","_et_pb_old_content":"\u00a0\n\nB\u00c9N\u00c9FICES POUR L'ORGANISME : Aide \u00e0 purifier l'intestin, renforce la flore intestinale et \u00e9limine les toxines gr\u00e2ce \u00e0 sa teneur en acide alginique. Aide \u00e0 perdre du poids Lutte contre l'ost\u00e9oporose Aide \u00e0 r\u00e9duire le taux de sucre dans le sang et \u00e0 am\u00e9liorer l'hypertension. Effet rassasiant et r\u00e9tablissement d'un poids corporel normal.\n\nLa valeur des nutriments se situe apr\u00e8s la r\u00e9hydratation !\n\nContenu 50g\/pc.\n\nValeurs nutritionnelles\/100g. du produit\n\nGlucides, prot\u00e9ines, fibres alimentaires, graisses, sel, sodium, calcium, fer, phosphore.","_et_gb_content_width":"","_joinchat":[]},"product_brand":[],"product_cat":[292,164,173,283],"product_tag":[],"class_list":{"0":"post-6158","1":"product","2":"type-product","3":"status-publish","4":"has-post-thumbnail","6":"product_cat-wakame-fr","7":"product_cat-algues","8":"product_cat-deshydrate","9":"product_cat-algues-deshydratees","10":"product_shipping_class-envio-ordinario","12":"first","13":"instock","14":"shipping-taxable","15":"purchasable","16":"product-type-simple"},"yoast_head":"<!-- This site is optimized with the Yoast SEO plugin v26.3 - https:\/\/yoast.com\/wordpress\/plugins\/seo\/ -->\n<title>Algue Wakame D\u00e9shydrat\u00e9e - 50g | Capit\u00e1n Alga<\/title>\n<meta name=\"description\" content=\"ORIGINE : R\u00edas Baixas. SAVEUR MARINE : L\u00e9g\u00e8rement fum\u00e9e et douce. TEXTURE DOUCE : Chair et cartilagineuse. &nbsp;\" \/>\n<meta name=\"robots\" content=\"index, follow, max-snippet:-1, max-image-preview:large, max-video-preview:-1\" \/>\n<link rel=\"canonical\" href=\"https:\/\/capitanalga.es\/fr\/producto\/algue-wakame-deshydratee-50g\/\" \/>\n<meta property=\"og:locale\" content=\"fr_FR\" \/>\n<meta property=\"og:type\" content=\"article\" \/>\n<meta property=\"og:title\" content=\"Algue Wakame D\u00e9shydrat\u00e9e - 50g | Capit\u00e1n Alga\" \/>\n<meta property=\"og:description\" content=\"ORIGINE : R\u00edas Baixas. SAVEUR MARINE : L\u00e9g\u00e8rement fum\u00e9e et douce. TEXTURE DOUCE : Chair et cartilagineuse. &nbsp;\" \/>\n<meta property=\"og:url\" content=\"https:\/\/capitanalga.es\/fr\/producto\/algue-wakame-deshydratee-50g\/\" \/>\n<meta property=\"og:site_name\" content=\"Capit\u00e1n Alga\" \/>\n<meta property=\"article:publisher\" content=\"https:\/\/www.facebook.com\/capitanalga\/\" \/>\n<meta property=\"article:modified_time\" content=\"2024-11-19T09:28:40+00:00\" \/>\n<meta property=\"og:image\" content=\"https:\/\/capitanalga.es\/wp-content\/uploads\/2022\/05\/ALGA-WAKAME-deshidratada-50g.png\" \/>\n\t<meta property=\"og:image:width\" content=\"800\" \/>\n\t<meta property=\"og:image:height\" content=\"800\" \/>\n\t<meta property=\"og:image:type\" content=\"image\/png\" \/>\n<meta name=\"twitter:card\" content=\"summary_large_image\" \/>\n<meta name=\"twitter:site\" content=\"@VCapitanalga\" \/>\n<meta name=\"twitter:label1\" content=\"Dur\u00e9e de lecture estim\u00e9e\" \/>\n\t<meta name=\"twitter:data1\" content=\"2 minutes\" \/>\n<script type=\"application\/ld+json\" class=\"yoast-schema-graph\">{\"@context\":\"https:\/\/schema.org\",\"@graph\":[{\"@type\":\"WebPage\",\"@id\":\"https:\/\/capitanalga.es\/fr\/producto\/algue-wakame-deshydratee-50g\/\",\"url\":\"https:\/\/capitanalga.es\/fr\/producto\/algue-wakame-deshydratee-50g\/\",\"name\":\"Algue Wakame D\u00e9shydrat\u00e9e - 50g | Capit\u00e1n Alga\",\"isPartOf\":{\"@id\":\"https:\/\/capitanalga.es\/fr\/#website\"},\"primaryImageOfPage\":{\"@id\":\"https:\/\/capitanalga.es\/fr\/producto\/algue-wakame-deshydratee-50g\/#primaryimage\"},\"image\":{\"@id\":\"https:\/\/capitanalga.es\/fr\/producto\/algue-wakame-deshydratee-50g\/#primaryimage\"},\"thumbnailUrl\":\"https:\/\/capitanalga.es\/wp-content\/uploads\/2022\/05\/ALGA-WAKAME-deshidratada-50g.png\",\"datePublished\":\"2022-04-22T10:05:34+00:00\",\"dateModified\":\"2024-11-19T09:28:40+00:00\",\"description\":\"ORIGINE : R\u00edas Baixas. SAVEUR MARINE : L\u00e9g\u00e8rement fum\u00e9e et douce. TEXTURE DOUCE : Chair et cartilagineuse. &nbsp;\",\"breadcrumb\":{\"@id\":\"https:\/\/capitanalga.es\/fr\/producto\/algue-wakame-deshydratee-50g\/#breadcrumb\"},\"inLanguage\":\"fr-FR\",\"potentialAction\":[{\"@type\":\"ReadAction\",\"target\":[\"https:\/\/capitanalga.es\/fr\/producto\/algue-wakame-deshydratee-50g\/\"]}]},{\"@type\":\"ImageObject\",\"inLanguage\":\"fr-FR\",\"@id\":\"https:\/\/capitanalga.es\/fr\/producto\/algue-wakame-deshydratee-50g\/#primaryimage\",\"url\":\"https:\/\/capitanalga.es\/wp-content\/uploads\/2022\/05\/ALGA-WAKAME-deshidratada-50g.png\",\"contentUrl\":\"https:\/\/capitanalga.es\/wp-content\/uploads\/2022\/05\/ALGA-WAKAME-deshidratada-50g.png\",\"width\":800,\"height\":800},{\"@type\":\"BreadcrumbList\",\"@id\":\"https:\/\/capitanalga.es\/fr\/producto\/algue-wakame-deshydratee-50g\/#breadcrumb\",\"itemListElement\":[{\"@type\":\"ListItem\",\"position\":1,\"name\":\"Portada\",\"item\":\"https:\/\/capitanalga.es\/fr\/inicio\/\"},{\"@type\":\"ListItem\",\"position\":2,\"name\":\"Boutique en ligne\",\"item\":\"https:\/\/capitanalga.es\/fr\/boutique\/\"},{\"@type\":\"ListItem\",\"position\":3,\"name\":\"Algue Wakame D\u00e9shydrat\u00e9e &#8211; 50g\"}]},{\"@type\":\"WebSite\",\"@id\":\"https:\/\/capitanalga.es\/fr\/#website\",\"url\":\"https:\/\/capitanalga.es\/fr\/\",\"name\":\"Capit\u00e1n Alga\",\"description\":\"Capit\u00e1n Alga es el sue\u00f1o de un equipo apasionado por el mar y por las algas.\",\"potentialAction\":[{\"@type\":\"SearchAction\",\"target\":{\"@type\":\"EntryPoint\",\"urlTemplate\":\"https:\/\/capitanalga.es\/fr\/?s={search_term_string}\"},\"query-input\":{\"@type\":\"PropertyValueSpecification\",\"valueRequired\":true,\"valueName\":\"search_term_string\"}}],\"inLanguage\":\"fr-FR\"}]}<\/script>\n<!-- \/ Yoast SEO plugin. -->","yoast_head_json":{"title":"Algue Wakame D\u00e9shydrat\u00e9e - 50g | Capit\u00e1n Alga","description":"ORIGINE : R\u00edas Baixas. SAVEUR MARINE : L\u00e9g\u00e8rement fum\u00e9e et douce. TEXTURE DOUCE : Chair et cartilagineuse. &nbsp;","robots":{"index":"index","follow":"follow","max-snippet":"max-snippet:-1","max-image-preview":"max-image-preview:large","max-video-preview":"max-video-preview:-1"},"canonical":"https:\/\/capitanalga.es\/fr\/producto\/algue-wakame-deshydratee-50g\/","og_locale":"fr_FR","og_type":"article","og_title":"Algue Wakame D\u00e9shydrat\u00e9e - 50g | Capit\u00e1n Alga","og_description":"ORIGINE : R\u00edas Baixas. SAVEUR MARINE : L\u00e9g\u00e8rement fum\u00e9e et douce. TEXTURE DOUCE : Chair et cartilagineuse. &nbsp;","og_url":"https:\/\/capitanalga.es\/fr\/producto\/algue-wakame-deshydratee-50g\/","og_site_name":"Capit\u00e1n Alga","article_publisher":"https:\/\/www.facebook.com\/capitanalga\/","article_modified_time":"2024-11-19T09:28:40+00:00","og_image":[{"width":800,"height":800,"url":"https:\/\/capitanalga.es\/wp-content\/uploads\/2022\/05\/ALGA-WAKAME-deshidratada-50g.png","type":"image\/png"}],"twitter_card":"summary_large_image","twitter_site":"@VCapitanalga","twitter_misc":{"Dur\u00e9e de lecture estim\u00e9e":"2 minutes"},"schema":{"@context":"https:\/\/schema.org","@graph":[{"@type":"WebPage","@id":"https:\/\/capitanalga.es\/fr\/producto\/algue-wakame-deshydratee-50g\/","url":"https:\/\/capitanalga.es\/fr\/producto\/algue-wakame-deshydratee-50g\/","name":"Algue Wakame D\u00e9shydrat\u00e9e - 50g | Capit\u00e1n Alga","isPartOf":{"@id":"https:\/\/capitanalga.es\/fr\/#website"},"primaryImageOfPage":{"@id":"https:\/\/capitanalga.es\/fr\/producto\/algue-wakame-deshydratee-50g\/#primaryimage"},"image":{"@id":"https:\/\/capitanalga.es\/fr\/producto\/algue-wakame-deshydratee-50g\/#primaryimage"},"thumbnailUrl":"https:\/\/capitanalga.es\/wp-content\/uploads\/2022\/05\/ALGA-WAKAME-deshidratada-50g.png","datePublished":"2022-04-22T10:05:34+00:00","dateModified":"2024-11-19T09:28:40+00:00","description":"ORIGINE : R\u00edas Baixas. SAVEUR MARINE : L\u00e9g\u00e8rement fum\u00e9e et douce. TEXTURE DOUCE : Chair et cartilagineuse. &nbsp;","breadcrumb":{"@id":"https:\/\/capitanalga.es\/fr\/producto\/algue-wakame-deshydratee-50g\/#breadcrumb"},"inLanguage":"fr-FR","potentialAction":[{"@type":"ReadAction","target":["https:\/\/capitanalga.es\/fr\/producto\/algue-wakame-deshydratee-50g\/"]}]},{"@type":"ImageObject","inLanguage":"fr-FR","@id":"https:\/\/capitanalga.es\/fr\/producto\/algue-wakame-deshydratee-50g\/#primaryimage","url":"https:\/\/capitanalga.es\/wp-content\/uploads\/2022\/05\/ALGA-WAKAME-deshidratada-50g.png","contentUrl":"https:\/\/capitanalga.es\/wp-content\/uploads\/2022\/05\/ALGA-WAKAME-deshidratada-50g.png","width":800,"height":800},{"@type":"BreadcrumbList","@id":"https:\/\/capitanalga.es\/fr\/producto\/algue-wakame-deshydratee-50g\/#breadcrumb","itemListElement":[{"@type":"ListItem","position":1,"name":"Portada","item":"https:\/\/capitanalga.es\/fr\/inicio\/"},{"@type":"ListItem","position":2,"name":"Boutique en ligne","item":"https:\/\/capitanalga.es\/fr\/boutique\/"},{"@type":"ListItem","position":3,"name":"Algue Wakame D\u00e9shydrat\u00e9e &#8211; 50g"}]},{"@type":"WebSite","@id":"https:\/\/capitanalga.es\/fr\/#website","url":"https:\/\/capitanalga.es\/fr\/","name":"Capit\u00e1n Alga","description":"Capit\u00e1n Alga es el sue\u00f1o de un equipo apasionado por el mar y por las algas.","potentialAction":[{"@type":"SearchAction","target":{"@type":"EntryPoint","urlTemplate":"https:\/\/capitanalga.es\/fr\/?s={search_term_string}"},"query-input":{"@type":"PropertyValueSpecification","valueRequired":true,"valueName":"search_term_string"}}],"inLanguage":"fr-FR"}]}},"_links":{"self":[{"href":"https:\/\/capitanalga.es\/fr\/wp-json\/wp\/v2\/product\/6158","targetHints":{"allow":["GET"]}}],"collection":[{"href":"https:\/\/capitanalga.es\/fr\/wp-json\/wp\/v2\/product"}],"about":[{"href":"https:\/\/capitanalga.es\/fr\/wp-json\/wp\/v2\/types\/product"}],"wp:featuredmedia":[{"embeddable":true,"href":"https:\/\/capitanalga.es\/fr\/wp-json\/wp\/v2\/media\/5188"}],"wp:attachment":[{"href":"https:\/\/capitanalga.es\/fr\/wp-json\/wp\/v2\/media?parent=6158"}],"wp:term":[{"taxonomy":"product_brand","embeddable":true,"href":"https:\/\/capitanalga.es\/fr\/wp-json\/wp\/v2\/product_brand?post=6158"},{"taxonomy":"product_cat","embeddable":true,"href":"https:\/\/capitanalga.es\/fr\/wp-json\/wp\/v2\/product_cat?post=6158"},{"taxonomy":"product_tag","embeddable":true,"href":"https:\/\/capitanalga.es\/fr\/wp-json\/wp\/v2\/product_tag?post=6158"}],"curies":[{"name":"wp","href":"https:\/\/api.w.org\/{rel}","templated":true}]}}