{"id":6161,"date":"2022-05-05T11:39:53","date_gmt":"2022-05-05T09:39:53","guid":{"rendered":"https:\/\/capitanalga.es\/producto\/spaghettis-de-mer-deshydrates-50g\/"},"modified":"2024-10-25T09:49:58","modified_gmt":"2024-10-25T07:49:58","slug":"spaghettis-de-mer-deshydrates-50g","status":"publish","type":"product","link":"https:\/\/capitanalga.es\/fr\/producto\/spaghettis-de-mer-deshydrates-50g\/","title":{"rendered":"Spaghettis de Mer D\u00e9shydrat\u00e9s &#8211; 50g"},"content":{"rendered":"<p>[et_pb_section fb_built=\u00a0\u00bb1&Prime; _builder_version=\u00a0\u00bb4.16&Prime; custom_padding=\u00a0\u00bb0px||||false|false\u00a0\u00bb global_colors_info=\u00a0\u00bb{}\u00a0\u00bb][et_pb_row _builder_version=\u00a0\u00bb4.16&Prime; background_size=\u00a0\u00bbinitial\u00a0\u00bb background_position=\u00a0\u00bbtop_left\u00a0\u00bb background_repeat=\u00a0\u00bbrepeat\u00a0\u00bb width=\u00a0\u00bb100%\u00a0\u00bb custom_padding=\u00a0\u00bb0px||0px||false|false\u00a0\u00bb global_colors_info=\u00a0\u00bb{}\u00a0\u00bb][et_pb_column type=\u00a0\u00bb4_4&Prime; _builder_version=\u00a0\u00bb4.16&Prime; custom_padding=\u00a0\u00bb|||\u00a0\u00bb global_colors_info=\u00a0\u00bb{}\u00a0\u00bb custom_padding__hover=\u00a0\u00bb|||\u00a0\u00bb][et_pb_wc_breadcrumb _builder_version=\u00a0\u00bb4.16&Prime; global_colors_info=\u00a0\u00bb{}\u00a0\u00bb][\/et_pb_wc_breadcrumb][\/et_pb_column][\/et_pb_row][et_pb_row column_structure=\u00a0\u00bb1_2,1_2&Prime; _builder_version=\u00a0\u00bb4.16&Prime; background_size=\u00a0\u00bbinitial\u00a0\u00bb background_position=\u00a0\u00bbtop_left\u00a0\u00bb background_repeat=\u00a0\u00bbrepeat\u00a0\u00bb width=\u00a0\u00bb100%\u00a0\u00bb custom_padding=\u00a0\u00bb0px||||false|false\u00a0\u00bb global_colors_info=\u00a0\u00bb{}\u00a0\u00bb][et_pb_column type=\u00a0\u00bb1_2&Prime; _builder_version=\u00a0\u00bb4.16&Prime; custom_padding=\u00a0\u00bb|||\u00a0\u00bb global_colors_info=\u00a0\u00bb{}\u00a0\u00bb custom_padding__hover=\u00a0\u00bb|||\u00a0\u00bb][et_pb_wc_images _builder_version=\u00a0\u00bb4.16&Prime; global_colors_info=\u00a0\u00bb{}\u00a0\u00bb][\/et_pb_wc_images][\/et_pb_column][et_pb_column type=\u00a0\u00bb1_2&Prime; _builder_version=\u00a0\u00bb4.16&Prime; custom_padding=\u00a0\u00bb|||\u00a0\u00bb global_colors_info=\u00a0\u00bb{}\u00a0\u00bb custom_padding__hover=\u00a0\u00bb|||\u00a0\u00bb][et_pb_wc_title product=\u00a0\u00bb3809&Prime; disabled_on=\u00a0\u00bboff|off|on\u00a0\u00bb _builder_version=\u00a0\u00bb4.16&Prime; header_text_color=\u00a0\u00bb#2c384d\u00a0\u00bb global_colors_info=\u00a0\u00bb{}\u00a0\u00bb][\/et_pb_wc_title][et_pb_wc_title _builder_version=\u00a0\u00bb4.16&Prime; header_text_color=\u00a0\u00bb#2c384d\u00a0\u00bb header_text_shadow_style=\u00a0\u00bbpreset2&Prime; header_text_shadow_color=\u00a0\u00bb#ffffff\u00a0\u00bb border_color_all=\u00a0\u00bb#7cda24&Prime; global_colors_info=\u00a0\u00bb{}\u00a0\u00bb][\/et_pb_wc_title][et_pb_wc_rating _builder_version=\u00a0\u00bb4.16&Prime; global_colors_info=\u00a0\u00bb{}\u00a0\u00bb][\/et_pb_wc_rating][et_pb_wc_price _builder_version=\u00a0\u00bb4.16&Prime; global_colors_info=\u00a0\u00bb{}\u00a0\u00bb][\/et_pb_wc_price][et_pb_wc_description _builder_version=\u00a0\u00bb4.16&Prime; background_color=\u00a0\u00bb#ffffff\u00a0\u00bb global_colors_info=\u00a0\u00bb{}\u00a0\u00bb][\/et_pb_wc_description][et_pb_wc_add_to_cart show_quantity=\u00a0\u00bboff\u00a0\u00bb disabled_on=\u00a0\u00bboff|off|off\u00a0\u00bb _builder_version=\u00a0\u00bb4.16&Prime; fields_background_color=\u00a0\u00bb#d6d6d6&Prime; fields_text_color=\u00a0\u00bb#000000&Prime; field_label_font=\u00a0\u00bbArial|700|||||||\u00a0\u00bb field_label_text_color=\u00a0\u00bb#ffffff\u00a0\u00bb fields_font_size=\u00a0\u00bb22px\u00a0\u00bb button_text_size=\u00a0\u00bb20px\u00a0\u00bb button_text_color=\u00a0\u00bb#ffffff\u00a0\u00bb button_bg_image=\u00a0\u00bbhttps:\/\/capitanalga.es\/wp-content\/uploads\/2020\/04\/wakame.png\u00a0\u00bb button_bg_repeat=\u00a0\u00bbround\u00a0\u00bb button_border_width=\u00a0\u00bb0px\u00a0\u00bb button_border_radius=\u00a0\u00bb0px\u00a0\u00bb button_font=\u00a0\u00bb||||||||\u00a0\u00bb button_use_icon=\u00a0\u00bboff\u00a0\u00bb field_label_text_shadow_style=\u00a0\u00bbpreset1&Prime; field_label_text_shadow_vertical_length=\u00a0\u00bb0em\u00a0\u00bb field_label_text_shadow_blur_strength=\u00a0\u00bb0.11em\u00a0\u00bb dropdown_menus_text_shadow_style=\u00a0\u00bbpreset1&Prime; border_color_all=\u00a0\u00bb#b3b3b3&Prime; box_shadow_style=\u00a0\u00bbnone\u00a0\u00bb body_font=\u00a0\u00bbArial|700|||||||\u00a0\u00bb body_text_color=\u00a0\u00bb#ffffff\u00a0\u00bb body_text_shadow_style=\u00a0\u00bbpreset1&Prime; body_text_shadow_blur_strength=\u00a0\u00bb0.11em\u00a0\u00bb saved_tabs=\u00a0\u00bball\u00a0\u00bb global_colors_info=\u00a0\u00bb{}\u00a0\u00bb][\/et_pb_wc_add_to_cart][et_pb_wc_meta _builder_version=\u00a0\u00bb4.16&Prime; global_colors_info=\u00a0\u00bb{}\u00a0\u00bb][\/et_pb_wc_meta][\/et_pb_column][\/et_pb_row][et_pb_row _builder_version=\u00a0\u00bb4.16&Prime; background_size=\u00a0\u00bbinitial\u00a0\u00bb background_position=\u00a0\u00bbtop_left\u00a0\u00bb background_repeat=\u00a0\u00bbrepeat\u00a0\u00bb width=\u00a0\u00bb100%\u00a0\u00bb global_colors_info=\u00a0\u00bb{}\u00a0\u00bb][et_pb_column type=\u00a0\u00bb4_4&Prime; _builder_version=\u00a0\u00bb4.16&Prime; custom_padding=\u00a0\u00bb|||\u00a0\u00bb global_colors_info=\u00a0\u00bb{}\u00a0\u00bb custom_padding__hover=\u00a0\u00bb|||\u00a0\u00bb][et_pb_wc_tabs _builder_version=\u00a0\u00bb4.16&Prime; global_colors_info=\u00a0\u00bb{}\u00a0\u00bb]\t\t\t\t\t[\/et_pb_wc_tabs][et_pb_wc_upsells _builder_version=\u00a0\u00bb4.16&Prime; global_colors_info=\u00a0\u00bb{}\u00a0\u00bb][\/et_pb_wc_upsells][et_pb_wc_related_products _builder_version=\u00a0\u00bb4.16&Prime; global_colors_info=\u00a0\u00bb{}\u00a0\u00bb][\/et_pb_wc_related_products][\/et_pb_column][\/et_pb_row][\/et_pb_section]<\/p>\n","protected":false},"excerpt":{"rendered":"<p>Spaghettis de mer 50g<\/p>\n<p>Valeurs nutritionnelles<\/p>\n<p>Haute teneur en prot\u00e9ines et en fibres.<br \/>\nFaible teneur en mati\u00e8res grasses.<br \/>\nSans sucre.<br \/>\nRiche en vitamines A et C.<br \/>\nSource de calcium (Ca), fer (Fe), phosphore (P) et potassium (K).<\/p>\n<p>ORIGINE : R\u00edas Baixas.<\/p>\n","protected":false},"featured_media":5190,"template":"","meta":{"_et_pb_use_builder":"on","_et_pb_old_content":"Il s'agit d'une algue croquante au go\u00fbt exub\u00e9rant.\n\nDES BIENFAITS POUR L'ORGANISME :\n\n\u00catre d\u00e9toxifiant\n\ncontient de la vitamine C et de la vitamine A.\n\nLa valeur des nutriments se situe apr\u00e8s la r\u00e9hydratation !\n\nContenu 50g\/pc.\n\nValeurs nutritionnelles\/100g. du produit\n\n\u00a0","_et_gb_content_width":"","_joinchat":[]},"product_brand":[],"product_cat":[164,171,173,274,283],"product_tag":[],"class_list":{"0":"post-6161","1":"product","2":"type-product","3":"status-publish","4":"has-post-thumbnail","6":"product_cat-algues","7":"product_cat-intense","8":"product_cat-deshydrate","9":"product_cat-spaghetti-de-mer","10":"product_cat-algues-deshydratees","11":"product_shipping_class-envio-ordinario","13":"first","14":"instock","15":"shipping-taxable","16":"purchasable","17":"product-type-simple"},"yoast_head":"<!-- This site is optimized with the Yoast SEO plugin v26.3 - https:\/\/yoast.com\/wordpress\/plugins\/seo\/ -->\n<title>Spaghettis de Mer D\u00e9shydrat\u00e9s - 50g | Capit\u00e1n Alga<\/title>\n<meta name=\"description\" content=\"Spaghettis de mer 50g Valeurs nutritionnelles Haute teneur en prot\u00e9ines et en fibres. Faible teneur en mati\u00e8res grasses. Sans sucre. Riche en vitamines A et C. Source de calcium (Ca), fer (Fe), phosphore (P) et potassium (K). ORIGINE : R\u00edas Baixas.\" \/>\n<meta name=\"robots\" content=\"index, follow, max-snippet:-1, max-image-preview:large, max-video-preview:-1\" \/>\n<link rel=\"canonical\" href=\"https:\/\/capitanalga.es\/fr\/producto\/spaghettis-de-mer-deshydrates-50g\/\" \/>\n<meta property=\"og:locale\" content=\"fr_FR\" \/>\n<meta property=\"og:type\" content=\"article\" \/>\n<meta property=\"og:title\" content=\"Spaghettis de Mer D\u00e9shydrat\u00e9s - 50g | Capit\u00e1n Alga\" \/>\n<meta property=\"og:description\" content=\"Spaghettis de mer 50g Valeurs nutritionnelles Haute teneur en prot\u00e9ines et en fibres. Faible teneur en mati\u00e8res grasses. Sans sucre. Riche en vitamines A et C. Source de calcium (Ca), fer (Fe), phosphore (P) et potassium (K). ORIGINE : R\u00edas Baixas.\" \/>\n<meta property=\"og:url\" content=\"https:\/\/capitanalga.es\/fr\/producto\/spaghettis-de-mer-deshydrates-50g\/\" \/>\n<meta property=\"og:site_name\" content=\"Capit\u00e1n Alga\" \/>\n<meta property=\"article:publisher\" content=\"https:\/\/www.facebook.com\/capitanalga\/\" \/>\n<meta property=\"article:modified_time\" content=\"2024-10-25T07:49:58+00:00\" \/>\n<meta property=\"og:image\" content=\"https:\/\/capitanalga.es\/wp-content\/uploads\/2022\/05\/ESPAGUETI-DE-MAR-deshidratada-50g.png\" \/>\n\t<meta property=\"og:image:width\" content=\"800\" \/>\n\t<meta property=\"og:image:height\" content=\"800\" \/>\n\t<meta property=\"og:image:type\" content=\"image\/png\" \/>\n<meta name=\"twitter:card\" content=\"summary_large_image\" \/>\n<meta name=\"twitter:site\" content=\"@VCapitanalga\" \/>\n<meta name=\"twitter:label1\" content=\"Dur\u00e9e de lecture estim\u00e9e\" \/>\n\t<meta name=\"twitter:data1\" content=\"2 minutes\" \/>\n<script type=\"application\/ld+json\" class=\"yoast-schema-graph\">{\"@context\":\"https:\/\/schema.org\",\"@graph\":[{\"@type\":\"WebPage\",\"@id\":\"https:\/\/capitanalga.es\/fr\/producto\/spaghettis-de-mer-deshydrates-50g\/\",\"url\":\"https:\/\/capitanalga.es\/fr\/producto\/spaghettis-de-mer-deshydrates-50g\/\",\"name\":\"Spaghettis de Mer D\u00e9shydrat\u00e9s - 50g | Capit\u00e1n Alga\",\"isPartOf\":{\"@id\":\"https:\/\/capitanalga.es\/fr\/#website\"},\"primaryImageOfPage\":{\"@id\":\"https:\/\/capitanalga.es\/fr\/producto\/spaghettis-de-mer-deshydrates-50g\/#primaryimage\"},\"image\":{\"@id\":\"https:\/\/capitanalga.es\/fr\/producto\/spaghettis-de-mer-deshydrates-50g\/#primaryimage\"},\"thumbnailUrl\":\"https:\/\/capitanalga.es\/wp-content\/uploads\/2022\/05\/ESPAGUETI-DE-MAR-deshidratada-50g.png\",\"datePublished\":\"2022-05-05T09:39:53+00:00\",\"dateModified\":\"2024-10-25T07:49:58+00:00\",\"description\":\"Spaghettis de mer 50g Valeurs nutritionnelles Haute teneur en prot\u00e9ines et en fibres. Faible teneur en mati\u00e8res grasses. Sans sucre. Riche en vitamines A et C. Source de calcium (Ca), fer (Fe), phosphore (P) et potassium (K). ORIGINE : R\u00edas Baixas.\",\"breadcrumb\":{\"@id\":\"https:\/\/capitanalga.es\/fr\/producto\/spaghettis-de-mer-deshydrates-50g\/#breadcrumb\"},\"inLanguage\":\"fr-FR\",\"potentialAction\":[{\"@type\":\"ReadAction\",\"target\":[\"https:\/\/capitanalga.es\/fr\/producto\/spaghettis-de-mer-deshydrates-50g\/\"]}]},{\"@type\":\"ImageObject\",\"inLanguage\":\"fr-FR\",\"@id\":\"https:\/\/capitanalga.es\/fr\/producto\/spaghettis-de-mer-deshydrates-50g\/#primaryimage\",\"url\":\"https:\/\/capitanalga.es\/wp-content\/uploads\/2022\/05\/ESPAGUETI-DE-MAR-deshidratada-50g.png\",\"contentUrl\":\"https:\/\/capitanalga.es\/wp-content\/uploads\/2022\/05\/ESPAGUETI-DE-MAR-deshidratada-50g.png\",\"width\":800,\"height\":800},{\"@type\":\"BreadcrumbList\",\"@id\":\"https:\/\/capitanalga.es\/fr\/producto\/spaghettis-de-mer-deshydrates-50g\/#breadcrumb\",\"itemListElement\":[{\"@type\":\"ListItem\",\"position\":1,\"name\":\"Portada\",\"item\":\"https:\/\/capitanalga.es\/fr\/inicio\/\"},{\"@type\":\"ListItem\",\"position\":2,\"name\":\"Boutique en ligne\",\"item\":\"https:\/\/capitanalga.es\/fr\/boutique\/\"},{\"@type\":\"ListItem\",\"position\":3,\"name\":\"Spaghettis de Mer D\u00e9shydrat\u00e9s &#8211; 50g\"}]},{\"@type\":\"WebSite\",\"@id\":\"https:\/\/capitanalga.es\/fr\/#website\",\"url\":\"https:\/\/capitanalga.es\/fr\/\",\"name\":\"Capit\u00e1n Alga\",\"description\":\"Capit\u00e1n Alga es el sue\u00f1o de un equipo apasionado por el mar y por las algas.\",\"potentialAction\":[{\"@type\":\"SearchAction\",\"target\":{\"@type\":\"EntryPoint\",\"urlTemplate\":\"https:\/\/capitanalga.es\/fr\/?s={search_term_string}\"},\"query-input\":{\"@type\":\"PropertyValueSpecification\",\"valueRequired\":true,\"valueName\":\"search_term_string\"}}],\"inLanguage\":\"fr-FR\"}]}<\/script>\n<!-- \/ Yoast SEO plugin. -->","yoast_head_json":{"title":"Spaghettis de Mer D\u00e9shydrat\u00e9s - 50g | Capit\u00e1n Alga","description":"Spaghettis de mer 50g Valeurs nutritionnelles Haute teneur en prot\u00e9ines et en fibres. Faible teneur en mati\u00e8res grasses. Sans sucre. Riche en vitamines A et C. Source de calcium (Ca), fer (Fe), phosphore (P) et potassium (K). ORIGINE : R\u00edas Baixas.","robots":{"index":"index","follow":"follow","max-snippet":"max-snippet:-1","max-image-preview":"max-image-preview:large","max-video-preview":"max-video-preview:-1"},"canonical":"https:\/\/capitanalga.es\/fr\/producto\/spaghettis-de-mer-deshydrates-50g\/","og_locale":"fr_FR","og_type":"article","og_title":"Spaghettis de Mer D\u00e9shydrat\u00e9s - 50g | Capit\u00e1n Alga","og_description":"Spaghettis de mer 50g Valeurs nutritionnelles Haute teneur en prot\u00e9ines et en fibres. Faible teneur en mati\u00e8res grasses. Sans sucre. Riche en vitamines A et C. Source de calcium (Ca), fer (Fe), phosphore (P) et potassium (K). ORIGINE : R\u00edas Baixas.","og_url":"https:\/\/capitanalga.es\/fr\/producto\/spaghettis-de-mer-deshydrates-50g\/","og_site_name":"Capit\u00e1n Alga","article_publisher":"https:\/\/www.facebook.com\/capitanalga\/","article_modified_time":"2024-10-25T07:49:58+00:00","og_image":[{"width":800,"height":800,"url":"https:\/\/capitanalga.es\/wp-content\/uploads\/2022\/05\/ESPAGUETI-DE-MAR-deshidratada-50g.png","type":"image\/png"}],"twitter_card":"summary_large_image","twitter_site":"@VCapitanalga","twitter_misc":{"Dur\u00e9e de lecture estim\u00e9e":"2 minutes"},"schema":{"@context":"https:\/\/schema.org","@graph":[{"@type":"WebPage","@id":"https:\/\/capitanalga.es\/fr\/producto\/spaghettis-de-mer-deshydrates-50g\/","url":"https:\/\/capitanalga.es\/fr\/producto\/spaghettis-de-mer-deshydrates-50g\/","name":"Spaghettis de Mer D\u00e9shydrat\u00e9s - 50g | Capit\u00e1n Alga","isPartOf":{"@id":"https:\/\/capitanalga.es\/fr\/#website"},"primaryImageOfPage":{"@id":"https:\/\/capitanalga.es\/fr\/producto\/spaghettis-de-mer-deshydrates-50g\/#primaryimage"},"image":{"@id":"https:\/\/capitanalga.es\/fr\/producto\/spaghettis-de-mer-deshydrates-50g\/#primaryimage"},"thumbnailUrl":"https:\/\/capitanalga.es\/wp-content\/uploads\/2022\/05\/ESPAGUETI-DE-MAR-deshidratada-50g.png","datePublished":"2022-05-05T09:39:53+00:00","dateModified":"2024-10-25T07:49:58+00:00","description":"Spaghettis de mer 50g Valeurs nutritionnelles Haute teneur en prot\u00e9ines et en fibres. Faible teneur en mati\u00e8res grasses. Sans sucre. Riche en vitamines A et C. Source de calcium (Ca), fer (Fe), phosphore (P) et potassium (K). ORIGINE : R\u00edas Baixas.","breadcrumb":{"@id":"https:\/\/capitanalga.es\/fr\/producto\/spaghettis-de-mer-deshydrates-50g\/#breadcrumb"},"inLanguage":"fr-FR","potentialAction":[{"@type":"ReadAction","target":["https:\/\/capitanalga.es\/fr\/producto\/spaghettis-de-mer-deshydrates-50g\/"]}]},{"@type":"ImageObject","inLanguage":"fr-FR","@id":"https:\/\/capitanalga.es\/fr\/producto\/spaghettis-de-mer-deshydrates-50g\/#primaryimage","url":"https:\/\/capitanalga.es\/wp-content\/uploads\/2022\/05\/ESPAGUETI-DE-MAR-deshidratada-50g.png","contentUrl":"https:\/\/capitanalga.es\/wp-content\/uploads\/2022\/05\/ESPAGUETI-DE-MAR-deshidratada-50g.png","width":800,"height":800},{"@type":"BreadcrumbList","@id":"https:\/\/capitanalga.es\/fr\/producto\/spaghettis-de-mer-deshydrates-50g\/#breadcrumb","itemListElement":[{"@type":"ListItem","position":1,"name":"Portada","item":"https:\/\/capitanalga.es\/fr\/inicio\/"},{"@type":"ListItem","position":2,"name":"Boutique en ligne","item":"https:\/\/capitanalga.es\/fr\/boutique\/"},{"@type":"ListItem","position":3,"name":"Spaghettis de Mer D\u00e9shydrat\u00e9s &#8211; 50g"}]},{"@type":"WebSite","@id":"https:\/\/capitanalga.es\/fr\/#website","url":"https:\/\/capitanalga.es\/fr\/","name":"Capit\u00e1n Alga","description":"Capit\u00e1n Alga es el sue\u00f1o de un equipo apasionado por el mar y por las algas.","potentialAction":[{"@type":"SearchAction","target":{"@type":"EntryPoint","urlTemplate":"https:\/\/capitanalga.es\/fr\/?s={search_term_string}"},"query-input":{"@type":"PropertyValueSpecification","valueRequired":true,"valueName":"search_term_string"}}],"inLanguage":"fr-FR"}]}},"_links":{"self":[{"href":"https:\/\/capitanalga.es\/fr\/wp-json\/wp\/v2\/product\/6161","targetHints":{"allow":["GET"]}}],"collection":[{"href":"https:\/\/capitanalga.es\/fr\/wp-json\/wp\/v2\/product"}],"about":[{"href":"https:\/\/capitanalga.es\/fr\/wp-json\/wp\/v2\/types\/product"}],"wp:featuredmedia":[{"embeddable":true,"href":"https:\/\/capitanalga.es\/fr\/wp-json\/wp\/v2\/media\/5190"}],"wp:attachment":[{"href":"https:\/\/capitanalga.es\/fr\/wp-json\/wp\/v2\/media?parent=6161"}],"wp:term":[{"taxonomy":"product_brand","embeddable":true,"href":"https:\/\/capitanalga.es\/fr\/wp-json\/wp\/v2\/product_brand?post=6161"},{"taxonomy":"product_cat","embeddable":true,"href":"https:\/\/capitanalga.es\/fr\/wp-json\/wp\/v2\/product_cat?post=6161"},{"taxonomy":"product_tag","embeddable":true,"href":"https:\/\/capitanalga.es\/fr\/wp-json\/wp\/v2\/product_tag?post=6161"}],"curies":[{"name":"wp","href":"https:\/\/api.w.org\/{rel}","templated":true}]}}