{"id":6163,"date":"2022-11-16T10:36:02","date_gmt":"2022-11-16T09:36:02","guid":{"rendered":"https:\/\/capitanalga.es\/producto\/fleur-de-sel-de-mer-200g\/"},"modified":"2024-12-12T12:05:31","modified_gmt":"2024-12-12T11:05:31","slug":"fleur-de-sel-de-mer-200g","status":"publish","type":"product","link":"https:\/\/capitanalga.es\/fr\/producto\/fleur-de-sel-de-mer-200g\/","title":{"rendered":"Fleur de Sel de Mer &#8211; 200g"},"content":{"rendered":"<p>[et_pb_section fb_built=\u00a0\u00bb1&Prime; _builder_version=\u00a0\u00bb4.16&Prime; custom_padding=\u00a0\u00bb0px||||false|false\u00a0\u00bb global_colors_info=\u00a0\u00bb{}\u00a0\u00bb][et_pb_row _builder_version=\u00a0\u00bb4.16&Prime; background_size=\u00a0\u00bbinitial\u00a0\u00bb background_position=\u00a0\u00bbtop_left\u00a0\u00bb background_repeat=\u00a0\u00bbrepeat\u00a0\u00bb width=\u00a0\u00bb100%\u00a0\u00bb custom_padding=\u00a0\u00bb0px||0px||false|false\u00a0\u00bb global_colors_info=\u00a0\u00bb{}\u00a0\u00bb][et_pb_column type=\u00a0\u00bb4_4&Prime; _builder_version=\u00a0\u00bb4.16&Prime; custom_padding=\u00a0\u00bb|||\u00a0\u00bb global_colors_info=\u00a0\u00bb{}\u00a0\u00bb custom_padding__hover=\u00a0\u00bb|||\u00a0\u00bb][et_pb_wc_breadcrumb _builder_version=\u00a0\u00bb4.16&Prime; global_colors_info=\u00a0\u00bb{}\u00a0\u00bb][\/et_pb_wc_breadcrumb][et_pb_wc_cart_notice _builder_version=\u00a0\u00bb4.16&Prime; global_colors_info=\u00a0\u00bb{}\u00a0\u00bb][\/et_pb_wc_cart_notice][\/et_pb_column][\/et_pb_row][et_pb_row column_structure=\u00a0\u00bb1_2,1_2&Prime; _builder_version=\u00a0\u00bb4.16&Prime; background_size=\u00a0\u00bbinitial\u00a0\u00bb background_position=\u00a0\u00bbtop_left\u00a0\u00bb background_repeat=\u00a0\u00bbrepeat\u00a0\u00bb width=\u00a0\u00bb100%\u00a0\u00bb custom_padding=\u00a0\u00bb0px||||false|false\u00a0\u00bb global_colors_info=\u00a0\u00bb{}\u00a0\u00bb][et_pb_column type=\u00a0\u00bb1_2&Prime; _builder_version=\u00a0\u00bb4.16&Prime; custom_padding=\u00a0\u00bb|||\u00a0\u00bb global_colors_info=\u00a0\u00bb{}\u00a0\u00bb custom_padding__hover=\u00a0\u00bb|||\u00a0\u00bb][et_pb_wc_images _builder_version=\u00a0\u00bb4.16&Prime; global_colors_info=\u00a0\u00bb{}\u00a0\u00bb][\/et_pb_wc_images][\/et_pb_column][et_pb_column type=\u00a0\u00bb1_2&Prime; _builder_version=\u00a0\u00bb4.16&Prime; custom_padding=\u00a0\u00bb|||\u00a0\u00bb global_colors_info=\u00a0\u00bb{}\u00a0\u00bb custom_padding__hover=\u00a0\u00bb|||\u00a0\u00bb][et_pb_wc_title _builder_version=\u00a0\u00bb4.16&Prime; global_colors_info=\u00a0\u00bb{}\u00a0\u00bb][\/et_pb_wc_title][et_pb_wc_rating _builder_version=\u00a0\u00bb4.16&Prime; global_colors_info=\u00a0\u00bb{}\u00a0\u00bb][\/et_pb_wc_rating][et_pb_wc_price _builder_version=\u00a0\u00bb4.16&Prime; global_colors_info=\u00a0\u00bb{}\u00a0\u00bb][\/et_pb_wc_price][et_pb_wc_description _builder_version=\u00a0\u00bb4.16&Prime; global_colors_info=\u00a0\u00bb{}\u00a0\u00bb][\/et_pb_wc_description][et_pb_wc_add_to_cart show_quantity=\u00a0\u00bboff\u00a0\u00bb show_stock_tablet=\u00a0\u00bb\u00a0\u00bb show_stock_phone=\u00a0\u00bb\u00a0\u00bb show_stock_last_edited=\u00a0\u00bbon|desktop\u00a0\u00bb disabled_on=\u00a0\u00bboff|off|on\u00a0\u00bb _builder_version=\u00a0\u00bb4.16&Prime; fields_background_color=\u00a0\u00bb#ffffff\u00a0\u00bb fields_text_color=\u00a0\u00bb#000000&Prime; dropdown_menus_background_color=\u00a0\u00bb#000000&Prime; background_color=\u00a0\u00bbrgba(0,0,0,0)\u00a0\u00bb button_text_color=\u00a0\u00bb#ffffff\u00a0\u00bb button_bg_image=\u00a0\u00bbhttps:\/\/capitanalga.es\/wp-content\/uploads\/2020\/04\/wakame.png\u00a0\u00bb button_bg_repeat=\u00a0\u00bbround\u00a0\u00bb button_border_width=\u00a0\u00bb0px\u00a0\u00bb button_border_radius=\u00a0\u00bb0px\u00a0\u00bb button_use_icon=\u00a0\u00bboff\u00a0\u00bb background_last_edited=\u00a0\u00bbon|desktop\u00a0\u00bb border_color_all=\u00a0\u00bb#ffffff\u00a0\u00bb border_color_all_dropdown_menus=\u00a0\u00bb#6b6b6b\u00a0\u00bb box_shadow_style=\u00a0\u00bbnone\u00a0\u00bb global_colors_info=\u00a0\u00bb{}\u00a0\u00bb background__hover_enabled=\u00a0\u00bbon|desktop\u00a0\u00bb][\/et_pb_wc_add_to_cart][et_pb_button button_text=\u00a0\u00bbClics\u00a0\u00bb button_text_tablet=\u00a0\u00bb\u00a0\u00bb button_text_phone=\u00a0\u00bb\u00a0\u00bb button_text_last_edited=\u00a0\u00bbon|desktop\u00a0\u00bb disabled_on=\u00a0\u00bboff|off|on\u00a0\u00bb _builder_version=\u00a0\u00bb4.16&Prime; global_colors_info=\u00a0\u00bb{}\u00a0\u00bb][\/et_pb_button][et_pb_wc_meta show_tags=\u00a0\u00bboff\u00a0\u00bb _builder_version=\u00a0\u00bb4.16&Prime; global_colors_info=\u00a0\u00bb{}\u00a0\u00bb][\/et_pb_wc_meta][\/et_pb_column][\/et_pb_row][et_pb_row _builder_version=\u00a0\u00bb4.16&Prime; background_size=\u00a0\u00bbinitial\u00a0\u00bb background_position=\u00a0\u00bbtop_left\u00a0\u00bb background_repeat=\u00a0\u00bbrepeat\u00a0\u00bb width=\u00a0\u00bb100%\u00a0\u00bb global_colors_info=\u00a0\u00bb{}\u00a0\u00bb][et_pb_column type=\u00a0\u00bb4_4&Prime; _builder_version=\u00a0\u00bb4.16&Prime; custom_padding=\u00a0\u00bb|||\u00a0\u00bb global_colors_info=\u00a0\u00bb{}\u00a0\u00bb custom_padding__hover=\u00a0\u00bb|||\u00a0\u00bb][et_pb_wc_upsells _builder_version=\u00a0\u00bb4.16&Prime; global_colors_info=\u00a0\u00bb{}\u00a0\u00bb][\/et_pb_wc_upsells][et_pb_wc_related_products _builder_version=\u00a0\u00bb4.16&Prime; global_colors_info=\u00a0\u00bb{}\u00a0\u00bb][\/et_pb_wc_related_products][\/et_pb_column][\/et_pb_row][\/et_pb_section]<\/p>\n","protected":false},"excerpt":{"rendered":"<p>La fleur de sel de mer est fusionn\u00e9e avec notre laitue de mer sans additifs. 100 % NATUREL<br \/>\nApr\u00e8s de nombreux essais, nous avons r\u00e9ussi \u00e0 fusionner ces deux produits, avec une couleur et un ar\u00f4me uniques.<\/p>\n<p>Vous pouvez utiliser cette sel pour les viandes, les risottos, les poissons, les p\u00e2tes, les salades, etc.<br \/>\nLui donnant un ar\u00f4me unique \u00e0 vos plats.<\/p>\n<p>Une touche gourmande \u00e0 vos plats avec le go\u00fbt et l&rsquo;odeur de la mer.<\/p>\n","protected":false},"featured_media":5417,"template":"","meta":{"_et_pb_use_builder":"on","_et_pb_old_content":"","_et_gb_content_width":"","_joinchat":[]},"product_brand":[],"product_cat":[171,277,290],"product_tag":[172],"class_list":{"0":"post-6163","1":"product","2":"type-product","3":"status-publish","4":"has-post-thumbnail","6":"product_cat-intense","7":"product_cat-laitue-de-mer","8":"product_cat-sel-dalgues","9":"product_tag-spaghetti-de-mer","10":"product_shipping_class-envio-ordinario","12":"first","13":"instock","14":"featured","15":"shipping-taxable","16":"purchasable","17":"product-type-simple"},"yoast_head":"<!-- This site is optimized with the Yoast SEO plugin v26.3 - https:\/\/yoast.com\/wordpress\/plugins\/seo\/ -->\n<title>Fleur de Sel Marine | Avec Laitue de Mer | R\u00edas Baixas | Achetez-le chez Capit\u00e1n Alga<\/title>\n<meta name=\"description\" content=\"Voulez-vous acheter de la Fleur de Sel Marine ? Dans notre boutique, vous trouverez de la Fleur de Sel Marine de R\u00edas Baixas. Mangez sainement avec Capit\u00e1n Alga!\" \/>\n<meta name=\"robots\" content=\"index, follow, max-snippet:-1, max-image-preview:large, max-video-preview:-1\" \/>\n<link rel=\"canonical\" href=\"https:\/\/capitanalga.es\/fr\/producto\/fleur-de-sel-de-mer-200g\/\" \/>\n<meta property=\"og:locale\" content=\"fr_FR\" \/>\n<meta property=\"og:type\" content=\"article\" \/>\n<meta property=\"og:title\" content=\"Fleur de Sel Marine | Avec Laitue de Mer | R\u00edas Baixas | Achetez-le chez Capit\u00e1n Alga\" \/>\n<meta property=\"og:description\" content=\"Voulez-vous acheter de la Fleur de Sel Marine ? Dans notre boutique, vous trouverez de la Fleur de Sel Marine de R\u00edas Baixas. Mangez sainement avec Capit\u00e1n Alga!\" \/>\n<meta property=\"og:url\" content=\"https:\/\/capitanalga.es\/fr\/producto\/fleur-de-sel-de-mer-200g\/\" \/>\n<meta property=\"og:site_name\" content=\"Capit\u00e1n Alga\" \/>\n<meta property=\"article:publisher\" content=\"https:\/\/www.facebook.com\/capitanalga\/\" \/>\n<meta property=\"article:modified_time\" content=\"2024-12-12T11:05:31+00:00\" \/>\n<meta property=\"og:image\" content=\"https:\/\/capitanalga.es\/wp-content\/uploads\/2022\/11\/FLOR-DE-SAL-con-lechuga-de-mar-200g.png\" \/>\n\t<meta property=\"og:image:width\" content=\"800\" \/>\n\t<meta property=\"og:image:height\" content=\"800\" \/>\n\t<meta property=\"og:image:type\" content=\"image\/png\" \/>\n<meta name=\"twitter:card\" content=\"summary_large_image\" \/>\n<meta name=\"twitter:site\" content=\"@VCapitanalga\" \/>\n<meta name=\"twitter:label1\" content=\"Dur\u00e9e de lecture estim\u00e9e\" \/>\n\t<meta name=\"twitter:data1\" content=\"2 minutes\" \/>\n<script type=\"application\/ld+json\" class=\"yoast-schema-graph\">{\"@context\":\"https:\/\/schema.org\",\"@graph\":[{\"@type\":\"WebPage\",\"@id\":\"https:\/\/capitanalga.es\/fr\/producto\/fleur-de-sel-de-mer-200g\/\",\"url\":\"https:\/\/capitanalga.es\/fr\/producto\/fleur-de-sel-de-mer-200g\/\",\"name\":\"Fleur de Sel Marine | Avec Laitue de Mer | R\u00edas Baixas | Achetez-le chez Capit\u00e1n Alga\",\"isPartOf\":{\"@id\":\"https:\/\/capitanalga.es\/fr\/#website\"},\"primaryImageOfPage\":{\"@id\":\"https:\/\/capitanalga.es\/fr\/producto\/fleur-de-sel-de-mer-200g\/#primaryimage\"},\"image\":{\"@id\":\"https:\/\/capitanalga.es\/fr\/producto\/fleur-de-sel-de-mer-200g\/#primaryimage\"},\"thumbnailUrl\":\"https:\/\/capitanalga.es\/wp-content\/uploads\/2022\/11\/FLOR-DE-SAL-con-lechuga-de-mar-200g.png\",\"datePublished\":\"2022-11-16T09:36:02+00:00\",\"dateModified\":\"2024-12-12T11:05:31+00:00\",\"description\":\"Voulez-vous acheter de la Fleur de Sel Marine ? Dans notre boutique, vous trouverez de la Fleur de Sel Marine de R\u00edas Baixas. Mangez sainement avec Capit\u00e1n Alga!\",\"breadcrumb\":{\"@id\":\"https:\/\/capitanalga.es\/fr\/producto\/fleur-de-sel-de-mer-200g\/#breadcrumb\"},\"inLanguage\":\"fr-FR\",\"potentialAction\":[{\"@type\":\"ReadAction\",\"target\":[\"https:\/\/capitanalga.es\/fr\/producto\/fleur-de-sel-de-mer-200g\/\"]}]},{\"@type\":\"ImageObject\",\"inLanguage\":\"fr-FR\",\"@id\":\"https:\/\/capitanalga.es\/fr\/producto\/fleur-de-sel-de-mer-200g\/#primaryimage\",\"url\":\"https:\/\/capitanalga.es\/wp-content\/uploads\/2022\/11\/FLOR-DE-SAL-con-lechuga-de-mar-200g.png\",\"contentUrl\":\"https:\/\/capitanalga.es\/wp-content\/uploads\/2022\/11\/FLOR-DE-SAL-con-lechuga-de-mar-200g.png\",\"width\":800,\"height\":800},{\"@type\":\"BreadcrumbList\",\"@id\":\"https:\/\/capitanalga.es\/fr\/producto\/fleur-de-sel-de-mer-200g\/#breadcrumb\",\"itemListElement\":[{\"@type\":\"ListItem\",\"position\":1,\"name\":\"Portada\",\"item\":\"https:\/\/capitanalga.es\/fr\/inicio\/\"},{\"@type\":\"ListItem\",\"position\":2,\"name\":\"Boutique en ligne\",\"item\":\"https:\/\/capitanalga.es\/fr\/boutique\/\"},{\"@type\":\"ListItem\",\"position\":3,\"name\":\"Fleur de Sel de Mer &#8211; 200g\"}]},{\"@type\":\"WebSite\",\"@id\":\"https:\/\/capitanalga.es\/fr\/#website\",\"url\":\"https:\/\/capitanalga.es\/fr\/\",\"name\":\"Capit\u00e1n Alga\",\"description\":\"Capit\u00e1n Alga es el sue\u00f1o de un equipo apasionado por el mar y por las algas.\",\"potentialAction\":[{\"@type\":\"SearchAction\",\"target\":{\"@type\":\"EntryPoint\",\"urlTemplate\":\"https:\/\/capitanalga.es\/fr\/?s={search_term_string}\"},\"query-input\":{\"@type\":\"PropertyValueSpecification\",\"valueRequired\":true,\"valueName\":\"search_term_string\"}}],\"inLanguage\":\"fr-FR\"}]}<\/script>\n<!-- \/ Yoast SEO plugin. -->","yoast_head_json":{"title":"Fleur de Sel Marine | Avec Laitue de Mer | R\u00edas Baixas | Achetez-le chez Capit\u00e1n Alga","description":"Voulez-vous acheter de la Fleur de Sel Marine ? Dans notre boutique, vous trouverez de la Fleur de Sel Marine de R\u00edas Baixas. Mangez sainement avec Capit\u00e1n Alga!","robots":{"index":"index","follow":"follow","max-snippet":"max-snippet:-1","max-image-preview":"max-image-preview:large","max-video-preview":"max-video-preview:-1"},"canonical":"https:\/\/capitanalga.es\/fr\/producto\/fleur-de-sel-de-mer-200g\/","og_locale":"fr_FR","og_type":"article","og_title":"Fleur de Sel Marine | Avec Laitue de Mer | R\u00edas Baixas | Achetez-le chez Capit\u00e1n Alga","og_description":"Voulez-vous acheter de la Fleur de Sel Marine ? Dans notre boutique, vous trouverez de la Fleur de Sel Marine de R\u00edas Baixas. Mangez sainement avec Capit\u00e1n Alga!","og_url":"https:\/\/capitanalga.es\/fr\/producto\/fleur-de-sel-de-mer-200g\/","og_site_name":"Capit\u00e1n Alga","article_publisher":"https:\/\/www.facebook.com\/capitanalga\/","article_modified_time":"2024-12-12T11:05:31+00:00","og_image":[{"width":800,"height":800,"url":"https:\/\/capitanalga.es\/wp-content\/uploads\/2022\/11\/FLOR-DE-SAL-con-lechuga-de-mar-200g.png","type":"image\/png"}],"twitter_card":"summary_large_image","twitter_site":"@VCapitanalga","twitter_misc":{"Dur\u00e9e de lecture estim\u00e9e":"2 minutes"},"schema":{"@context":"https:\/\/schema.org","@graph":[{"@type":"WebPage","@id":"https:\/\/capitanalga.es\/fr\/producto\/fleur-de-sel-de-mer-200g\/","url":"https:\/\/capitanalga.es\/fr\/producto\/fleur-de-sel-de-mer-200g\/","name":"Fleur de Sel Marine | Avec Laitue de Mer | R\u00edas Baixas | Achetez-le chez Capit\u00e1n Alga","isPartOf":{"@id":"https:\/\/capitanalga.es\/fr\/#website"},"primaryImageOfPage":{"@id":"https:\/\/capitanalga.es\/fr\/producto\/fleur-de-sel-de-mer-200g\/#primaryimage"},"image":{"@id":"https:\/\/capitanalga.es\/fr\/producto\/fleur-de-sel-de-mer-200g\/#primaryimage"},"thumbnailUrl":"https:\/\/capitanalga.es\/wp-content\/uploads\/2022\/11\/FLOR-DE-SAL-con-lechuga-de-mar-200g.png","datePublished":"2022-11-16T09:36:02+00:00","dateModified":"2024-12-12T11:05:31+00:00","description":"Voulez-vous acheter de la Fleur de Sel Marine ? Dans notre boutique, vous trouverez de la Fleur de Sel Marine de R\u00edas Baixas. Mangez sainement avec Capit\u00e1n Alga!","breadcrumb":{"@id":"https:\/\/capitanalga.es\/fr\/producto\/fleur-de-sel-de-mer-200g\/#breadcrumb"},"inLanguage":"fr-FR","potentialAction":[{"@type":"ReadAction","target":["https:\/\/capitanalga.es\/fr\/producto\/fleur-de-sel-de-mer-200g\/"]}]},{"@type":"ImageObject","inLanguage":"fr-FR","@id":"https:\/\/capitanalga.es\/fr\/producto\/fleur-de-sel-de-mer-200g\/#primaryimage","url":"https:\/\/capitanalga.es\/wp-content\/uploads\/2022\/11\/FLOR-DE-SAL-con-lechuga-de-mar-200g.png","contentUrl":"https:\/\/capitanalga.es\/wp-content\/uploads\/2022\/11\/FLOR-DE-SAL-con-lechuga-de-mar-200g.png","width":800,"height":800},{"@type":"BreadcrumbList","@id":"https:\/\/capitanalga.es\/fr\/producto\/fleur-de-sel-de-mer-200g\/#breadcrumb","itemListElement":[{"@type":"ListItem","position":1,"name":"Portada","item":"https:\/\/capitanalga.es\/fr\/inicio\/"},{"@type":"ListItem","position":2,"name":"Boutique en ligne","item":"https:\/\/capitanalga.es\/fr\/boutique\/"},{"@type":"ListItem","position":3,"name":"Fleur de Sel de Mer &#8211; 200g"}]},{"@type":"WebSite","@id":"https:\/\/capitanalga.es\/fr\/#website","url":"https:\/\/capitanalga.es\/fr\/","name":"Capit\u00e1n Alga","description":"Capit\u00e1n Alga es el sue\u00f1o de un equipo apasionado por el mar y por las algas.","potentialAction":[{"@type":"SearchAction","target":{"@type":"EntryPoint","urlTemplate":"https:\/\/capitanalga.es\/fr\/?s={search_term_string}"},"query-input":{"@type":"PropertyValueSpecification","valueRequired":true,"valueName":"search_term_string"}}],"inLanguage":"fr-FR"}]}},"_links":{"self":[{"href":"https:\/\/capitanalga.es\/fr\/wp-json\/wp\/v2\/product\/6163","targetHints":{"allow":["GET"]}}],"collection":[{"href":"https:\/\/capitanalga.es\/fr\/wp-json\/wp\/v2\/product"}],"about":[{"href":"https:\/\/capitanalga.es\/fr\/wp-json\/wp\/v2\/types\/product"}],"wp:featuredmedia":[{"embeddable":true,"href":"https:\/\/capitanalga.es\/fr\/wp-json\/wp\/v2\/media\/5417"}],"wp:attachment":[{"href":"https:\/\/capitanalga.es\/fr\/wp-json\/wp\/v2\/media?parent=6163"}],"wp:term":[{"taxonomy":"product_brand","embeddable":true,"href":"https:\/\/capitanalga.es\/fr\/wp-json\/wp\/v2\/product_brand?post=6163"},{"taxonomy":"product_cat","embeddable":true,"href":"https:\/\/capitanalga.es\/fr\/wp-json\/wp\/v2\/product_cat?post=6163"},{"taxonomy":"product_tag","embeddable":true,"href":"https:\/\/capitanalga.es\/fr\/wp-json\/wp\/v2\/product_tag?post=6163"}],"curies":[{"name":"wp","href":"https:\/\/api.w.org\/{rel}","templated":true}]}}