{"id":6169,"date":"2024-04-11T11:13:31","date_gmt":"2024-04-11T09:13:31","guid":{"rendered":"https:\/\/capitanalga.es\/producto\/perles-de-yuzu-180g\/"},"modified":"2024-11-19T10:22:20","modified_gmt":"2024-11-19T09:22:20","slug":"perles-de-yuzu-180g","status":"publish","type":"product","link":"https:\/\/capitanalga.es\/fr\/producto\/perles-de-yuzu-180g\/","title":{"rendered":"Perles de Yuzu &#8211; 180g"},"content":{"rendered":"<p>[et_pb_section fb_built=\u00a0\u00bb1&Prime; _builder_version=\u00a0\u00bb4.16&Prime; custom_padding=\u00a0\u00bb0px||||false|false\u00a0\u00bb global_colors_info=\u00a0\u00bb{}\u00a0\u00bb][et_pb_row _builder_version=\u00a0\u00bb4.16&Prime; background_size=\u00a0\u00bbinitial\u00a0\u00bb background_position=\u00a0\u00bbtop_left\u00a0\u00bb background_repeat=\u00a0\u00bbrepeat\u00a0\u00bb width=\u00a0\u00bb100%\u00a0\u00bb custom_padding=\u00a0\u00bb0px||0px||false|false\u00a0\u00bb global_colors_info=\u00a0\u00bb{}\u00a0\u00bb][et_pb_column type=\u00a0\u00bb4_4&Prime; _builder_version=\u00a0\u00bb4.16&Prime; custom_padding=\u00a0\u00bb|||\u00a0\u00bb global_colors_info=\u00a0\u00bb{}\u00a0\u00bb custom_padding__hover=\u00a0\u00bb|||\u00a0\u00bb][et_pb_wc_breadcrumb _builder_version=\u00a0\u00bb4.16&Prime; global_colors_info=\u00a0\u00bb{}\u00a0\u00bb][\/et_pb_wc_breadcrumb][et_pb_wc_cart_notice _builder_version=\u00a0\u00bb4.16&Prime; global_colors_info=\u00a0\u00bb{}\u00a0\u00bb][\/et_pb_wc_cart_notice][\/et_pb_column][\/et_pb_row][et_pb_row column_structure=\u00a0\u00bb1_2,1_2&Prime; _builder_version=\u00a0\u00bb4.16&Prime; background_size=\u00a0\u00bbinitial\u00a0\u00bb background_position=\u00a0\u00bbtop_left\u00a0\u00bb background_repeat=\u00a0\u00bbrepeat\u00a0\u00bb width=\u00a0\u00bb100%\u00a0\u00bb custom_padding=\u00a0\u00bb0px||||false|false\u00a0\u00bb global_colors_info=\u00a0\u00bb{}\u00a0\u00bb][et_pb_column type=\u00a0\u00bb1_2&Prime; _builder_version=\u00a0\u00bb4.16&Prime; custom_padding=\u00a0\u00bb|||\u00a0\u00bb global_colors_info=\u00a0\u00bb{}\u00a0\u00bb custom_padding__hover=\u00a0\u00bb|||\u00a0\u00bb][et_pb_wc_images _builder_version=\u00a0\u00bb4.16&Prime; global_colors_info=\u00a0\u00bb{}\u00a0\u00bb][\/et_pb_wc_images][\/et_pb_column][et_pb_column type=\u00a0\u00bb1_2&Prime; _builder_version=\u00a0\u00bb4.16&Prime; custom_padding=\u00a0\u00bb|||\u00a0\u00bb global_colors_info=\u00a0\u00bb{}\u00a0\u00bb custom_padding__hover=\u00a0\u00bb|||\u00a0\u00bb][et_pb_wc_title _builder_version=\u00a0\u00bb4.16&Prime; global_colors_info=\u00a0\u00bb{}\u00a0\u00bb][\/et_pb_wc_title][et_pb_wc_rating _builder_version=\u00a0\u00bb4.16&Prime; global_colors_info=\u00a0\u00bb{}\u00a0\u00bb][\/et_pb_wc_rating][et_pb_wc_price _builder_version=\u00a0\u00bb4.16&Prime; global_colors_info=\u00a0\u00bb{}\u00a0\u00bb][\/et_pb_wc_price][et_pb_wc_description _builder_version=\u00a0\u00bb4.16&Prime; global_colors_info=\u00a0\u00bb{}\u00a0\u00bb][\/et_pb_wc_description][et_pb_wc_add_to_cart show_quantity=\u00a0\u00bboff\u00a0\u00bb disabled_on=\u00a0\u00bboff|off|off\u00a0\u00bb _builder_version=\u00a0\u00bb4.16&Prime; fields_background_color=\u00a0\u00bb#ffffff\u00a0\u00bb fields_text_color=\u00a0\u00bb#000000&Prime; button_text_color=\u00a0\u00bb#ffffff\u00a0\u00bb button_bg_image=\u00a0\u00bbhttps:\/\/capitanalga.es\/wp-content\/uploads\/2020\/04\/wakame.png\u00a0\u00bb button_bg_repeat=\u00a0\u00bbround\u00a0\u00bb button_border_width=\u00a0\u00bb0px\u00a0\u00bb button_border_radius=\u00a0\u00bb0px\u00a0\u00bb button_use_icon=\u00a0\u00bboff\u00a0\u00bb border_color_all=\u00a0\u00bb#ffffff\u00a0\u00bb border_color_all_dropdown_menus=\u00a0\u00bb#6b6b6b\u00a0\u00bb box_shadow_style=\u00a0\u00bbnone\u00a0\u00bb global_colors_info=\u00a0\u00bb{}\u00a0\u00bb][\/et_pb_wc_add_to_cart][et_pb_wc_meta _builder_version=\u00a0\u00bb4.16&Prime; global_colors_info=\u00a0\u00bb{}\u00a0\u00bb][\/et_pb_wc_meta][\/et_pb_column][\/et_pb_row][et_pb_row _builder_version=\u00a0\u00bb4.16&Prime; background_size=\u00a0\u00bbinitial\u00a0\u00bb background_position=\u00a0\u00bbtop_left\u00a0\u00bb background_repeat=\u00a0\u00bbrepeat\u00a0\u00bb width=\u00a0\u00bb100%\u00a0\u00bb global_colors_info=\u00a0\u00bb{}\u00a0\u00bb][et_pb_column type=\u00a0\u00bb4_4&Prime; _builder_version=\u00a0\u00bb4.16&Prime; custom_padding=\u00a0\u00bb|||\u00a0\u00bb global_colors_info=\u00a0\u00bb{}\u00a0\u00bb custom_padding__hover=\u00a0\u00bb|||\u00a0\u00bb][et_pb_wc_tabs _builder_version=\u00a0\u00bb4.16&Prime; global_colors_info=\u00a0\u00bb{}\u00a0\u00bb]\t\t\t\t\t[\/et_pb_wc_tabs][et_pb_wc_upsells _builder_version=\u00a0\u00bb4.16&Prime; global_colors_info=\u00a0\u00bb{}\u00a0\u00bb][\/et_pb_wc_upsells][et_pb_wc_related_products _builder_version=\u00a0\u00bb4.16&Prime; global_colors_info=\u00a0\u00bb{}\u00a0\u00bb][\/et_pb_wc_related_products][\/et_pb_column][\/et_pb_row][\/et_pb_section]<\/p>\n","protected":false},"excerpt":{"rendered":"<p>Sph\u00e9rification de Pur\u00e9e de Yuzu.<\/p>\n","protected":false},"featured_media":5711,"template":"","meta":{"_et_pb_use_builder":"on","_et_pb_old_content":"Sph\u00e9rification invers\u00e9e de pur\u00e9e de yuzu, conserv\u00e9e dans le concentr\u00e9 lui-m\u00eame.\n\n\nSph\u00e9rification 50 gr, liquide directeur 15 gr. Tr\u00e8s appropri\u00e9 pour l'utilisation comme garniture, isolant les saveurs et maintenant les textures dans :\n\nPoissons grill\u00e9s, frits, crus, carpaccios, Sushi, Sashimi, Niguiris, Makis, et autres plats asiatiques etc, Salades, Canap\u00e9s, et beaucoup d'autres plats. ","_et_gb_content_width":"","_joinchat":[]},"product_brand":[],"product_cat":[307,308,309,164,167,273,280],"product_tag":[310,311],"class_list":{"0":"post-6169","1":"product","2":"type-product","3":"status-publish","4":"has-post-thumbnail","6":"product_cat-perlas-de-algas-fr","7":"product_cat-perlas-de-codium-fr","8":"product_cat-perlas-de-sabores-asiaticos-fr","9":"product_cat-algues","10":"product_cat-audacieux","11":"product_cat-codium-fr","12":"product_cat-produits","13":"product_tag-esferificado-fr","14":"product_tag-perlas-de-codium-fr","15":"product_shipping_class-envio-ordinario","17":"first","18":"outofstock","19":"shipping-taxable","20":"purchasable","21":"product-type-simple"},"yoast_head":"<!-- This site is optimized with the Yoast SEO plugin v26.3 - https:\/\/yoast.com\/wordpress\/plugins\/seo\/ -->\n<title>Perles de Yuzu | Sph\u00e9rification | R\u00edas Baixas | Achetez-les chez Capit\u00e1n Alga<\/title>\n<meta name=\"description\" content=\"Voulez-vous acheter des Perles de Codium? Dans notre boutique, vous trouverez des Perles de Codium sph\u00e9rifi\u00e9es de R\u00edas Baixas. Mangez sainement avec Capit\u00e1n Alga!\" \/>\n<meta name=\"robots\" content=\"index, follow, max-snippet:-1, max-image-preview:large, max-video-preview:-1\" \/>\n<link rel=\"canonical\" href=\"https:\/\/capitanalga.es\/fr\/producto\/perles-de-yuzu-180g\/\" \/>\n<meta property=\"og:locale\" content=\"fr_FR\" \/>\n<meta property=\"og:type\" content=\"article\" \/>\n<meta property=\"og:title\" content=\"Perles de Yuzu | Sph\u00e9rification | R\u00edas Baixas | Achetez-les chez Capit\u00e1n Alga\" \/>\n<meta property=\"og:description\" content=\"Voulez-vous acheter des Perles de Codium? Dans notre boutique, vous trouverez des Perles de Codium sph\u00e9rifi\u00e9es de R\u00edas Baixas. Mangez sainement avec Capit\u00e1n Alga!\" \/>\n<meta property=\"og:url\" content=\"https:\/\/capitanalga.es\/fr\/producto\/perles-de-yuzu-180g\/\" \/>\n<meta property=\"og:site_name\" content=\"Capit\u00e1n Alga\" \/>\n<meta property=\"article:publisher\" content=\"https:\/\/www.facebook.com\/capitanalga\/\" \/>\n<meta property=\"article:modified_time\" content=\"2024-11-19T09:22:20+00:00\" \/>\n<meta property=\"og:image\" content=\"https:\/\/capitanalga.es\/wp-content\/uploads\/2024\/04\/TARRO_ABIERTO_Yuzu-scaled.jpg\" \/>\n\t<meta property=\"og:image:width\" content=\"2560\" \/>\n\t<meta property=\"og:image:height\" content=\"1742\" \/>\n\t<meta property=\"og:image:type\" content=\"image\/jpeg\" \/>\n<meta name=\"twitter:card\" content=\"summary_large_image\" \/>\n<meta name=\"twitter:site\" content=\"@VCapitanalga\" \/>\n<meta name=\"twitter:label1\" content=\"Dur\u00e9e de lecture estim\u00e9e\" \/>\n\t<meta name=\"twitter:data1\" content=\"2 minutes\" \/>\n<script type=\"application\/ld+json\" class=\"yoast-schema-graph\">{\"@context\":\"https:\/\/schema.org\",\"@graph\":[{\"@type\":\"WebPage\",\"@id\":\"https:\/\/capitanalga.es\/fr\/producto\/perles-de-yuzu-180g\/\",\"url\":\"https:\/\/capitanalga.es\/fr\/producto\/perles-de-yuzu-180g\/\",\"name\":\"Perles de Yuzu | Sph\u00e9rification | R\u00edas Baixas | Achetez-les chez Capit\u00e1n Alga\",\"isPartOf\":{\"@id\":\"https:\/\/capitanalga.es\/fr\/#website\"},\"primaryImageOfPage\":{\"@id\":\"https:\/\/capitanalga.es\/fr\/producto\/perles-de-yuzu-180g\/#primaryimage\"},\"image\":{\"@id\":\"https:\/\/capitanalga.es\/fr\/producto\/perles-de-yuzu-180g\/#primaryimage\"},\"thumbnailUrl\":\"https:\/\/capitanalga.es\/wp-content\/uploads\/2024\/04\/TARRO_ABIERTO_Yuzu-scaled.jpg\",\"datePublished\":\"2024-04-11T09:13:31+00:00\",\"dateModified\":\"2024-11-19T09:22:20+00:00\",\"description\":\"Voulez-vous acheter des Perles de Codium? Dans notre boutique, vous trouverez des Perles de Codium sph\u00e9rifi\u00e9es de R\u00edas Baixas. Mangez sainement avec Capit\u00e1n Alga!\",\"breadcrumb\":{\"@id\":\"https:\/\/capitanalga.es\/fr\/producto\/perles-de-yuzu-180g\/#breadcrumb\"},\"inLanguage\":\"fr-FR\",\"potentialAction\":[{\"@type\":\"ReadAction\",\"target\":[\"https:\/\/capitanalga.es\/fr\/producto\/perles-de-yuzu-180g\/\"]}]},{\"@type\":\"ImageObject\",\"inLanguage\":\"fr-FR\",\"@id\":\"https:\/\/capitanalga.es\/fr\/producto\/perles-de-yuzu-180g\/#primaryimage\",\"url\":\"https:\/\/capitanalga.es\/wp-content\/uploads\/2024\/04\/TARRO_ABIERTO_Yuzu-scaled.jpg\",\"contentUrl\":\"https:\/\/capitanalga.es\/wp-content\/uploads\/2024\/04\/TARRO_ABIERTO_Yuzu-scaled.jpg\",\"width\":2560,\"height\":1742,\"caption\":\"perlas de yuzu\"},{\"@type\":\"BreadcrumbList\",\"@id\":\"https:\/\/capitanalga.es\/fr\/producto\/perles-de-yuzu-180g\/#breadcrumb\",\"itemListElement\":[{\"@type\":\"ListItem\",\"position\":1,\"name\":\"Portada\",\"item\":\"https:\/\/capitanalga.es\/fr\/inicio\/\"},{\"@type\":\"ListItem\",\"position\":2,\"name\":\"Boutique en ligne\",\"item\":\"https:\/\/capitanalga.es\/fr\/boutique\/\"},{\"@type\":\"ListItem\",\"position\":3,\"name\":\"Perles de Yuzu &#8211; 180g\"}]},{\"@type\":\"WebSite\",\"@id\":\"https:\/\/capitanalga.es\/fr\/#website\",\"url\":\"https:\/\/capitanalga.es\/fr\/\",\"name\":\"Capit\u00e1n Alga\",\"description\":\"Capit\u00e1n Alga es el sue\u00f1o de un equipo apasionado por el mar y por las algas.\",\"potentialAction\":[{\"@type\":\"SearchAction\",\"target\":{\"@type\":\"EntryPoint\",\"urlTemplate\":\"https:\/\/capitanalga.es\/fr\/?s={search_term_string}\"},\"query-input\":{\"@type\":\"PropertyValueSpecification\",\"valueRequired\":true,\"valueName\":\"search_term_string\"}}],\"inLanguage\":\"fr-FR\"}]}<\/script>\n<!-- \/ Yoast SEO plugin. -->","yoast_head_json":{"title":"Perles de Yuzu | Sph\u00e9rification | R\u00edas Baixas | Achetez-les chez Capit\u00e1n Alga","description":"Voulez-vous acheter des Perles de Codium? Dans notre boutique, vous trouverez des Perles de Codium sph\u00e9rifi\u00e9es de R\u00edas Baixas. Mangez sainement avec Capit\u00e1n Alga!","robots":{"index":"index","follow":"follow","max-snippet":"max-snippet:-1","max-image-preview":"max-image-preview:large","max-video-preview":"max-video-preview:-1"},"canonical":"https:\/\/capitanalga.es\/fr\/producto\/perles-de-yuzu-180g\/","og_locale":"fr_FR","og_type":"article","og_title":"Perles de Yuzu | Sph\u00e9rification | R\u00edas Baixas | Achetez-les chez Capit\u00e1n Alga","og_description":"Voulez-vous acheter des Perles de Codium? Dans notre boutique, vous trouverez des Perles de Codium sph\u00e9rifi\u00e9es de R\u00edas Baixas. Mangez sainement avec Capit\u00e1n Alga!","og_url":"https:\/\/capitanalga.es\/fr\/producto\/perles-de-yuzu-180g\/","og_site_name":"Capit\u00e1n Alga","article_publisher":"https:\/\/www.facebook.com\/capitanalga\/","article_modified_time":"2024-11-19T09:22:20+00:00","og_image":[{"width":2560,"height":1742,"url":"https:\/\/capitanalga.es\/wp-content\/uploads\/2024\/04\/TARRO_ABIERTO_Yuzu-scaled.jpg","type":"image\/jpeg"}],"twitter_card":"summary_large_image","twitter_site":"@VCapitanalga","twitter_misc":{"Dur\u00e9e de lecture estim\u00e9e":"2 minutes"},"schema":{"@context":"https:\/\/schema.org","@graph":[{"@type":"WebPage","@id":"https:\/\/capitanalga.es\/fr\/producto\/perles-de-yuzu-180g\/","url":"https:\/\/capitanalga.es\/fr\/producto\/perles-de-yuzu-180g\/","name":"Perles de Yuzu | Sph\u00e9rification | R\u00edas Baixas | Achetez-les chez Capit\u00e1n Alga","isPartOf":{"@id":"https:\/\/capitanalga.es\/fr\/#website"},"primaryImageOfPage":{"@id":"https:\/\/capitanalga.es\/fr\/producto\/perles-de-yuzu-180g\/#primaryimage"},"image":{"@id":"https:\/\/capitanalga.es\/fr\/producto\/perles-de-yuzu-180g\/#primaryimage"},"thumbnailUrl":"https:\/\/capitanalga.es\/wp-content\/uploads\/2024\/04\/TARRO_ABIERTO_Yuzu-scaled.jpg","datePublished":"2024-04-11T09:13:31+00:00","dateModified":"2024-11-19T09:22:20+00:00","description":"Voulez-vous acheter des Perles de Codium? Dans notre boutique, vous trouverez des Perles de Codium sph\u00e9rifi\u00e9es de R\u00edas Baixas. Mangez sainement avec Capit\u00e1n Alga!","breadcrumb":{"@id":"https:\/\/capitanalga.es\/fr\/producto\/perles-de-yuzu-180g\/#breadcrumb"},"inLanguage":"fr-FR","potentialAction":[{"@type":"ReadAction","target":["https:\/\/capitanalga.es\/fr\/producto\/perles-de-yuzu-180g\/"]}]},{"@type":"ImageObject","inLanguage":"fr-FR","@id":"https:\/\/capitanalga.es\/fr\/producto\/perles-de-yuzu-180g\/#primaryimage","url":"https:\/\/capitanalga.es\/wp-content\/uploads\/2024\/04\/TARRO_ABIERTO_Yuzu-scaled.jpg","contentUrl":"https:\/\/capitanalga.es\/wp-content\/uploads\/2024\/04\/TARRO_ABIERTO_Yuzu-scaled.jpg","width":2560,"height":1742,"caption":"perlas de yuzu"},{"@type":"BreadcrumbList","@id":"https:\/\/capitanalga.es\/fr\/producto\/perles-de-yuzu-180g\/#breadcrumb","itemListElement":[{"@type":"ListItem","position":1,"name":"Portada","item":"https:\/\/capitanalga.es\/fr\/inicio\/"},{"@type":"ListItem","position":2,"name":"Boutique en ligne","item":"https:\/\/capitanalga.es\/fr\/boutique\/"},{"@type":"ListItem","position":3,"name":"Perles de Yuzu &#8211; 180g"}]},{"@type":"WebSite","@id":"https:\/\/capitanalga.es\/fr\/#website","url":"https:\/\/capitanalga.es\/fr\/","name":"Capit\u00e1n Alga","description":"Capit\u00e1n Alga es el sue\u00f1o de un equipo apasionado por el mar y por las algas.","potentialAction":[{"@type":"SearchAction","target":{"@type":"EntryPoint","urlTemplate":"https:\/\/capitanalga.es\/fr\/?s={search_term_string}"},"query-input":{"@type":"PropertyValueSpecification","valueRequired":true,"valueName":"search_term_string"}}],"inLanguage":"fr-FR"}]}},"_links":{"self":[{"href":"https:\/\/capitanalga.es\/fr\/wp-json\/wp\/v2\/product\/6169","targetHints":{"allow":["GET"]}}],"collection":[{"href":"https:\/\/capitanalga.es\/fr\/wp-json\/wp\/v2\/product"}],"about":[{"href":"https:\/\/capitanalga.es\/fr\/wp-json\/wp\/v2\/types\/product"}],"wp:featuredmedia":[{"embeddable":true,"href":"https:\/\/capitanalga.es\/fr\/wp-json\/wp\/v2\/media\/5711"}],"wp:attachment":[{"href":"https:\/\/capitanalga.es\/fr\/wp-json\/wp\/v2\/media?parent=6169"}],"wp:term":[{"taxonomy":"product_brand","embeddable":true,"href":"https:\/\/capitanalga.es\/fr\/wp-json\/wp\/v2\/product_brand?post=6169"},{"taxonomy":"product_cat","embeddable":true,"href":"https:\/\/capitanalga.es\/fr\/wp-json\/wp\/v2\/product_cat?post=6169"},{"taxonomy":"product_tag","embeddable":true,"href":"https:\/\/capitanalga.es\/fr\/wp-json\/wp\/v2\/product_tag?post=6169"}],"curies":[{"name":"wp","href":"https:\/\/api.w.org\/{rel}","templated":true}]}}